{"id":765,"date":"2020-05-16T01:28:39","date_gmt":"2020-05-16T04:28:39","guid":{"rendered":"http:\/\/aymaramendoza.com.ar\/?post_type=product&#038;p=765"},"modified":"2024-10-02T11:52:31","modified_gmt":"2024-10-02T14:52:31","slug":"volcanmalacara","status":"publish","type":"product","link":"https:\/\/aymaramendoza.com.ar\/pt\/servicios\/volcanmalacara\/","title":{"rendered":"Vulc\u00e3o Malacara"},"content":{"rendered":"<p><span data-contrast=\"none\">El volc\u00e1n Malacara se encuentra unos 43 Km. al sureste de la ciudad de Malarg\u00fce, tiene una altura de poco m\u00e1s de 1800 msnm. La erupci\u00f3n del Volc\u00e1n Malacara es del tipo hidro magm\u00e1tica, esta se produce cuando la lava entra en contacto con agua y se caracteriza por ser muy violenta. La erosi\u00f3n de las \u201ctetras\u201d (material volc\u00e1nico depositado en finas l\u00e1minas) y el desgaste que aportan el agua y el viento a trav\u00e9s del tiempo, han dado origen a pasadizos, c\u00e1rcavas y chimeneas con casi 30 metros de altura.<\/span><span data-ccp-props=\"{&quot;134233117&quot;:false,&quot;134233118&quot;:false,&quot;201341983&quot;:0,&quot;335557856&quot;:16777215,&quot;335559738&quot;:0,&quot;335559739&quot;:216,&quot;335559740&quot;:279}\">\u00a0<\/span><\/p>\n<p><span data-contrast=\"none\">La excursi\u00f3n comienza desde el puesto Quesada, desde all\u00ed se va en veh\u00edculo hasta la base del volc\u00e1n y se comienza con la caminata a las entra\u00f1as de esta maravilla natural. El Trekking es de dificultad moderada y dura casi dos horas. Las sensaciones se exaltan al transitar las c\u00e1rcavas de \u201cLos Puentes\u201d, la de \u201cTyto alba\u201d (Lechuza Blanca, que anida en las abruptas paredes del Volc\u00e1n) y las \u201cC\u00e1rcavas Oscuras\u201d.<\/span><span data-ccp-props=\"{&quot;134233117&quot;:false,&quot;134233118&quot;:false,&quot;201341983&quot;:0,&quot;335557856&quot;:16777215,&quot;335559738&quot;:0,&quot;335559739&quot;:216,&quot;335559740&quot;:279}\">\u00a0<\/span><\/p>\n<p><span data-contrast=\"none\">Ao passar de uma c\u00e1rcava a outra, chega-se a um dos mirantes mais espetaculares da \u00e1rea, de onde se observa a lagoa do LLancanelo, a antena DS3, a impressionante Cordilheira dos Andes e a concentra\u00e7\u00e3o de vulc\u00f5es maior da Am\u00e9rica do Sul, A Payunia.<\/span><span data-ccp-props=\"{&quot;134233117&quot;:false,&quot;134233118&quot;:false,&quot;201341983&quot;:0,&quot;335557856&quot;:16777215,&quot;335559738&quot;:0,&quot;335559739&quot;:216,&quot;335559740&quot;:279}\">\u00a0<\/span><\/p>\n<p aria-level=\"5\"><strong>Recomenda\u00e7\u00f5es<\/strong><span data-contrast=\"none\">: Llevar calzado adecuado para realizar las caminatas y abrigo. En verano es aconsejable llevar sombrero o gorro para sol, protector solar y agua.<\/span><span data-ccp-props=\"{&quot;134233117&quot;:false,&quot;134233118&quot;:false,&quot;134245418&quot;:true,&quot;134245529&quot;:true,&quot;201341983&quot;:0,&quot;335557856&quot;:16777215,&quot;335559738&quot;:120,&quot;335559739&quot;:240,&quot;335559740&quot;:279}\">\u00a0<\/span><\/p>\n<p><b><span data-contrast=\"none\">Idade m\u00ednima: <\/span><\/b><span data-contrast=\"none\">N\u00e3o h\u00e1 idade m\u00ednima para realizar a viagem, ideal para desfrutar em fam\u00edlia.<\/span><span data-ccp-props=\"{&quot;134233117&quot;:false,&quot;134233118&quot;:false,&quot;201341983&quot;:0,&quot;335557856&quot;:16777215,&quot;335559738&quot;:0,&quot;335559739&quot;:216,&quot;335559740&quot;:279}\">\u00a0<\/span><\/p>\n<p aria-level=\"5\"><strong>Duraci\u00f3n de la Excursi\u00f3n:<\/strong><span data-contrast=\"none\"> Dependendo das condi\u00e7\u00f5es clim\u00e1ticas e o caminho, a dura\u00e7\u00e3o m\u00ednima \u00e9 de 5 hs de e at\u00e9 Malarg\u00fce.<\/span><span data-ccp-props=\"{&quot;134233117&quot;:false,&quot;134233118&quot;:false,&quot;134245418&quot;:true,&quot;134245529&quot;:true,&quot;201341983&quot;:0,&quot;335557856&quot;:16777215,&quot;335559738&quot;:120,&quot;335559739&quot;:240,&quot;335559740&quot;:279}\">\u00a0<\/span><\/p>\n<ul>\n<li data-leveltext=\"\u00b7\" data-font=\"Symbol\" data-listid=\"4\" data-list-defn-props=\"{&quot;335552541&quot;:1,&quot;335559685&quot;:720,&quot;335559991&quot;:360,&quot;469769226&quot;:&quot;Symbol&quot;,&quot;469769242&quot;:[8226],&quot;469777803&quot;:&quot;left&quot;,&quot;469777804&quot;:&quot;\u00b7&quot;,&quot;469777815&quot;:&quot;hybridMultilevel&quot;}\" aria-setsize=\"-1\" data-aria-posinset=\"6\" data-aria-level=\"1\"><b><span data-contrast=\"none\">Sa\u00eddas:<\/span><\/b><span data-contrast=\"none\"> Todos los d\u00edas (Sujetas a disponibilidad)<\/span><span data-ccp-props=\"{&quot;134233117&quot;:false,&quot;134233118&quot;:false,&quot;201341983&quot;:0,&quot;335557856&quot;:16777215,&quot;335559685&quot;:720,&quot;335559737&quot;:0,&quot;335559738&quot;:0,&quot;335559739&quot;:0,&quot;335559740&quot;:279,&quot;335559991&quot;:360}\">\u00a0<\/span><\/li>\n<\/ul>\n<ul>\n<li data-leveltext=\"\u00b7\" data-font=\"Symbol\" data-listid=\"4\" data-list-defn-props=\"{&quot;335552541&quot;:1,&quot;335559685&quot;:720,&quot;335559991&quot;:360,&quot;469769226&quot;:&quot;Symbol&quot;,&quot;469769242&quot;:[8226],&quot;469777803&quot;:&quot;left&quot;,&quot;469777804&quot;:&quot;\u00b7&quot;,&quot;469777815&quot;:&quot;hybridMultilevel&quot;}\" aria-setsize=\"-1\" data-aria-posinset=\"7\" data-aria-level=\"1\"><b><span data-contrast=\"none\">Dura\u00e7\u00e3o:<\/span><\/b><span data-contrast=\"none\"> 5 horas m\u00ednimo\u00a0<\/span><span data-ccp-props=\"{&quot;134233117&quot;:false,&quot;134233118&quot;:false,&quot;201341983&quot;:0,&quot;335557856&quot;:16777215,&quot;335559685&quot;:720,&quot;335559737&quot;:0,&quot;335559738&quot;:0,&quot;335559739&quot;:0,&quot;335559740&quot;:279,&quot;335559991&quot;:360}\">\u00a0<\/span><\/li>\n<\/ul>\n<ul>\n<li data-leveltext=\"\u00b7\" data-font=\"Symbol\" data-listid=\"4\" data-list-defn-props=\"{&quot;335552541&quot;:1,&quot;335559685&quot;:720,&quot;335559991&quot;:360,&quot;469769226&quot;:&quot;Symbol&quot;,&quot;469769242&quot;:[8226],&quot;469777803&quot;:&quot;left&quot;,&quot;469777804&quot;:&quot;\u00b7&quot;,&quot;469777815&quot;:&quot;hybridMultilevel&quot;}\" aria-setsize=\"-1\" data-aria-posinset=\"8\" data-aria-level=\"1\"><b><span data-contrast=\"none\">M\u00ednimo de pasajeros:<\/span><\/b> <span data-contrast=\"none\">2<\/span><span data-ccp-props=\"{&quot;134233117&quot;:false,&quot;134233118&quot;:false,&quot;201341983&quot;:0,&quot;335557856&quot;:16777215,&quot;335559685&quot;:720,&quot;335559737&quot;:0,&quot;335559738&quot;:0,&quot;335559739&quot;:0,&quot;335559740&quot;:279,&quot;335559991&quot;:360}\">\u00a0<\/span><\/li>\n<\/ul>\n<ul>\n<li data-leveltext=\"\u00b7\" data-font=\"Symbol\" data-listid=\"4\" data-list-defn-props=\"{&quot;335552541&quot;:1,&quot;335559685&quot;:720,&quot;335559991&quot;:360,&quot;469769226&quot;:&quot;Symbol&quot;,&quot;469769242&quot;:[8226],&quot;469777803&quot;:&quot;left&quot;,&quot;469777804&quot;:&quot;\u00b7&quot;,&quot;469777815&quot;:&quot;hybridMultilevel&quot;}\" aria-setsize=\"-1\" data-aria-posinset=\"9\" data-aria-level=\"1\"><b><span data-contrast=\"none\">Idade:<\/span><\/b> <span data-contrast=\"none\">no hay edad m\u00ednima para realizar la excursi\u00f3n<\/span><span data-ccp-props=\"{&quot;134233117&quot;:false,&quot;134233118&quot;:false,&quot;201341983&quot;:0,&quot;335557856&quot;:16777215,&quot;335559685&quot;:720,&quot;335559737&quot;:0,&quot;335559738&quot;:0,&quot;335559739&quot;:0,&quot;335559740&quot;:279,&quot;335559991&quot;:360}\">\u00a0<\/span><\/li>\n<\/ul>\n<ul>\n<li data-leveltext=\"\u00b7\" data-font=\"Symbol\" data-listid=\"4\" data-list-defn-props=\"{&quot;335552541&quot;:1,&quot;335559685&quot;:720,&quot;335559991&quot;:360,&quot;469769226&quot;:&quot;Symbol&quot;,&quot;469769242&quot;:[8226],&quot;469777803&quot;:&quot;left&quot;,&quot;469777804&quot;:&quot;\u00b7&quot;,&quot;469777815&quot;:&quot;hybridMultilevel&quot;}\" aria-setsize=\"-1\" data-aria-posinset=\"10\" data-aria-level=\"1\"><b><span data-contrast=\"none\">Servi\u00e7o inclui:\u00a0<\/span><\/b> <span data-contrast=\"none\">Traslados (No incluye comidas y propinas)<\/span><span data-ccp-props=\"{&quot;134233117&quot;:false,&quot;134233118&quot;:false,&quot;201341983&quot;:0,&quot;335557856&quot;:16777215,&quot;335559685&quot;:720,&quot;335559737&quot;:0,&quot;335559738&quot;:0,&quot;335559739&quot;:0,&quot;335559740&quot;:279,&quot;335559991&quot;:360}\">\u00a0<\/span><\/li>\n<\/ul>\n<p>&nbsp;<\/p>","protected":false},"excerpt":{"rendered":"<p>Te invitamos a visitar el sur de Mendoza y conocer el Volc\u00e1n Malacara y sus interiores.<\/p>","protected":false},"featured_media":5254,"comment_status":"open","ping_status":"closed","template":"","meta":[],"product_brand":[],"product_cat":[622],"product_tag":[],"dias":[],"class_list":{"0":"post-765","1":"product","2":"type-product","3":"status-publish","4":"has-post-thumbnail","6":"product_cat-malargue","8":"first","9":"instock","10":"shipping-taxable","11":"product-type-simple"},"booking_location":null,"booking_location_type":null,"booking_duration":null,"booking_duration_unit":null,"booking_buffer":null,"booking_cost":null,"booking_resources":null,"jetpack_sharing_enabled":true,"_links":{"self":[{"href":"https:\/\/aymaramendoza.com.ar\/pt\/wp-json\/wp\/v2\/product\/765","targetHints":{"allow":["GET"]}}],"collection":[{"href":"https:\/\/aymaramendoza.com.ar\/pt\/wp-json\/wp\/v2\/product"}],"about":[{"href":"https:\/\/aymaramendoza.com.ar\/pt\/wp-json\/wp\/v2\/types\/product"}],"replies":[{"embeddable":true,"href":"https:\/\/aymaramendoza.com.ar\/pt\/wp-json\/wp\/v2\/comments?post=765"}],"version-history":[{"count":6,"href":"https:\/\/aymaramendoza.com.ar\/pt\/wp-json\/wp\/v2\/product\/765\/revisions"}],"predecessor-version":[{"id":6462,"href":"https:\/\/aymaramendoza.com.ar\/pt\/wp-json\/wp\/v2\/product\/765\/revisions\/6462"}],"wp:featuredmedia":[{"embeddable":true,"href":"https:\/\/aymaramendoza.com.ar\/pt\/wp-json\/wp\/v2\/media\/5254"}],"wp:attachment":[{"href":"https:\/\/aymaramendoza.com.ar\/pt\/wp-json\/wp\/v2\/media?parent=765"}],"wp:term":[{"taxonomy":"product_brand","embeddable":true,"href":"https:\/\/aymaramendoza.com.ar\/pt\/wp-json\/wp\/v2\/product_brand?post=765"},{"taxonomy":"product_cat","embeddable":true,"href":"https:\/\/aymaramendoza.com.ar\/pt\/wp-json\/wp\/v2\/product_cat?post=765"},{"taxonomy":"product_tag","embeddable":true,"href":"https:\/\/aymaramendoza.com.ar\/pt\/wp-json\/wp\/v2\/product_tag?post=765"},{"taxonomy":"dias","embeddable":true,"href":"https:\/\/aymaramendoza.com.ar\/pt\/wp-json\/wp\/v2\/dias?post=765"}],"curies":[{"name":"wp","href":"https:\/\/api.w.org\/{rel}","templated":true}]}}