{"id":742,"date":"2020-05-16T00:42:11","date_gmt":"2020-05-16T03:42:11","guid":{"rendered":"http:\/\/aymaramendoza.com.ar\/?post_type=product&#038;p=742"},"modified":"2024-08-28T11:37:53","modified_gmt":"2024-08-28T14:37:53","slug":"canon-del-atuel-2","status":"publish","type":"product","link":"https:\/\/aymaramendoza.com.ar\/pt\/servicios\/canon-del-atuel-2\/","title":{"rendered":"CANH\u00c3O DO ATUEL \u2013 a partir de San Rafael"},"content":{"rendered":"<p>Entre as maravilhas que esconde o sul de mendoza est\u00e1 o imponente Canh\u00e3o do Atuel, uma grande obra de arte natural formado pela eros\u00e3o fluvial e do vento. Um lugar onde a montanha e o rio se encontram para oferecer uma experi\u00eancia completa da cordilheira.<\/p>\n<p>Neste curso destacam-se os 56 Km. de Canh\u00e3o do Atuel. Do princ\u00edpio ao fim, esta estrada vai margeando o rio Atuel e cercado por paredes de 260 m em ambos os lados. As cores que imagine se destacam na rocha, os detalhes das centrais hidrel\u00e9tricas e divers\u00e3o garantida com as plataformas em seu caminho.<\/p>\n<p>Durante o curso, voc\u00ea conhecer\u00e1: Custa dos Bezerros, Mirante S\u00e3o Francisco de Assis Nihuil: barragem, Clube de Pescadores e Villa El Nihuil. Canh\u00e3o do Atuel, Vale Grande. Propriedade rural com degusta\u00e7\u00e3o.<\/p>\n<p><strong>Informa\u00e7\u00e3o geral\u00a0<\/strong><\/p>\n<p><u>Sa\u00eddas regulares<\/u>: todos os dias<\/p>\n<p><u>Hora<\/u>: a partir das 9:00 hs<\/p>\n<p><u>Dura\u00e7\u00e3o:<\/u> todo o dia \u2013 sa\u00eddas durante todo o ano<\/p>","protected":false},"excerpt":{"rendered":"<p>O\u00a0<b>canh\u00e3o do Atuel<\/b>\u00a0\u00e9 um estreito\u00a0<b>canh\u00e3o<\/b>\u00a0onde desemboca o rio\u00a0<b>Atuel<\/b>. Est\u00e1 localizado em Valle Grande, pertencente ao departamento de San Rafael, prov\u00edncia de Mendoza (Argentina).<\/p>","protected":false},"featured_media":2944,"comment_status":"open","ping_status":"closed","template":"","meta":[],"product_brand":[],"product_cat":[51],"product_tag":[128,581,583,54],"dias":[253,250,247,248,249,252,251],"class_list":{"0":"post-742","1":"product","2":"type-product","3":"status-publish","4":"has-post-thumbnail","6":"product_cat-san-rafael","7":"product_tag-canon","8":"product_tag-canondelatuel","9":"product_tag-daicompleto","10":"product_tag-sanrafael","11":"dias-domingo","12":"dias-jueves","13":"dias-lunes","14":"dias-martes","15":"dias-miercoles","16":"dias-sabado","17":"dias-viernes","19":"first","20":"instock","21":"shipping-taxable","22":"product-type-simple"},"booking_location":null,"booking_location_type":null,"booking_duration":null,"booking_duration_unit":null,"booking_buffer":null,"booking_cost":null,"booking_resources":null,"jetpack_sharing_enabled":true,"_links":{"self":[{"href":"https:\/\/aymaramendoza.com.ar\/pt\/wp-json\/wp\/v2\/product\/742","targetHints":{"allow":["GET"]}}],"collection":[{"href":"https:\/\/aymaramendoza.com.ar\/pt\/wp-json\/wp\/v2\/product"}],"about":[{"href":"https:\/\/aymaramendoza.com.ar\/pt\/wp-json\/wp\/v2\/types\/product"}],"replies":[{"embeddable":true,"href":"https:\/\/aymaramendoza.com.ar\/pt\/wp-json\/wp\/v2\/comments?post=742"}],"version-history":[{"count":4,"href":"https:\/\/aymaramendoza.com.ar\/pt\/wp-json\/wp\/v2\/product\/742\/revisions"}],"predecessor-version":[{"id":5167,"href":"https:\/\/aymaramendoza.com.ar\/pt\/wp-json\/wp\/v2\/product\/742\/revisions\/5167"}],"wp:featuredmedia":[{"embeddable":true,"href":"https:\/\/aymaramendoza.com.ar\/pt\/wp-json\/wp\/v2\/media\/2944"}],"wp:attachment":[{"href":"https:\/\/aymaramendoza.com.ar\/pt\/wp-json\/wp\/v2\/media?parent=742"}],"wp:term":[{"taxonomy":"product_brand","embeddable":true,"href":"https:\/\/aymaramendoza.com.ar\/pt\/wp-json\/wp\/v2\/product_brand?post=742"},{"taxonomy":"product_cat","embeddable":true,"href":"https:\/\/aymaramendoza.com.ar\/pt\/wp-json\/wp\/v2\/product_cat?post=742"},{"taxonomy":"product_tag","embeddable":true,"href":"https:\/\/aymaramendoza.com.ar\/pt\/wp-json\/wp\/v2\/product_tag?post=742"},{"taxonomy":"dias","embeddable":true,"href":"https:\/\/aymaramendoza.com.ar\/pt\/wp-json\/wp\/v2\/dias?post=742"}],"curies":[{"name":"wp","href":"https:\/\/api.w.org\/{rel}","templated":true}]}}