{"id":7175,"date":"2025-11-14T13:21:31","date_gmt":"2025-11-14T16:21:31","guid":{"rendered":"https:\/\/aymaramendoza.com.ar\/?post_type=product&#038;p=7175"},"modified":"2025-11-14T13:23:56","modified_gmt":"2025-11-14T16:23:56","slug":"sunset-en-a16","status":"publish","type":"product","link":"https:\/\/aymaramendoza.com.ar\/pt\/servicios\/sunset-en-a16\/","title":{"rendered":"Sunset en A16"},"content":{"rendered":"<p>Viv\u00ed una experiencia distinta en Bodega A16, un espacio moderno y descontracturado donde el vino, la m\u00fasica y la gastronom\u00eda se combinan para crear un ambiente ideal para disfrutar el atardecer mendocino.<\/p>\n<p>La propuesta comienza con el traslado desde tu hotel hasta la bodega, donde te espera un entorno relajado y cuidadosamente ambientado para vivir una tarde-noche inolvidable.<\/p>\n<p>Durante la velada vas a disfrutar una hamburguesa con papas, acompa\u00f1ada de 2 copas de vino y 2 tragos a elecci\u00f3n, para que puedas explorar distintos estilos y sabores mientras disfrut\u00e1s del paisaje, la m\u00fasica y el ambiente joven y vibrante del lugar.<\/p>\n<p>Una experiencia ideal para quienes buscan una propuesta informal, entre amigos, vinos, sabores y una noche mendocina llena de energ\u00eda.<\/p>\n<p>\ud83d\udccd Horario: de 18:00 a 24:00 h<br \/>\n\ud83d\ude90 Incluye: traslados, hamburguesa con papas, 2 copas de vino, 2 tragos a elecci\u00f3n.<\/p>","protected":false},"excerpt":{"rendered":"<p>Viv\u00ed una experiencia distinta en Bodega A16, un espacio moderno y descontracturado donde el vino, la m\u00fasica y la gastronom\u00eda se combinan.<\/p>","protected":false},"featured_media":7176,"comment_status":"open","ping_status":"closed","template":"","meta":[],"product_brand":[],"product_cat":[20,246],"product_tag":[],"dias":[],"class_list":{"0":"post-7175","1":"product","2":"type-product","3":"status-publish","4":"has-post-thumbnail","6":"product_cat-bodegas","7":"product_cat-mendoza","9":"first","10":"instock","11":"shipping-taxable","12":"product-type-simple"},"booking_location":null,"booking_location_type":null,"booking_duration":null,"booking_duration_unit":null,"booking_buffer":null,"booking_cost":null,"booking_resources":null,"jetpack_sharing_enabled":true,"_links":{"self":[{"href":"https:\/\/aymaramendoza.com.ar\/pt\/wp-json\/wp\/v2\/product\/7175","targetHints":{"allow":["GET"]}}],"collection":[{"href":"https:\/\/aymaramendoza.com.ar\/pt\/wp-json\/wp\/v2\/product"}],"about":[{"href":"https:\/\/aymaramendoza.com.ar\/pt\/wp-json\/wp\/v2\/types\/product"}],"replies":[{"embeddable":true,"href":"https:\/\/aymaramendoza.com.ar\/pt\/wp-json\/wp\/v2\/comments?post=7175"}],"version-history":[{"count":1,"href":"https:\/\/aymaramendoza.com.ar\/pt\/wp-json\/wp\/v2\/product\/7175\/revisions"}],"predecessor-version":[{"id":7177,"href":"https:\/\/aymaramendoza.com.ar\/pt\/wp-json\/wp\/v2\/product\/7175\/revisions\/7177"}],"wp:featuredmedia":[{"embeddable":true,"href":"https:\/\/aymaramendoza.com.ar\/pt\/wp-json\/wp\/v2\/media\/7176"}],"wp:attachment":[{"href":"https:\/\/aymaramendoza.com.ar\/pt\/wp-json\/wp\/v2\/media?parent=7175"}],"wp:term":[{"taxonomy":"product_brand","embeddable":true,"href":"https:\/\/aymaramendoza.com.ar\/pt\/wp-json\/wp\/v2\/product_brand?post=7175"},{"taxonomy":"product_cat","embeddable":true,"href":"https:\/\/aymaramendoza.com.ar\/pt\/wp-json\/wp\/v2\/product_cat?post=7175"},{"taxonomy":"product_tag","embeddable":true,"href":"https:\/\/aymaramendoza.com.ar\/pt\/wp-json\/wp\/v2\/product_tag?post=7175"},{"taxonomy":"dias","embeddable":true,"href":"https:\/\/aymaramendoza.com.ar\/pt\/wp-json\/wp\/v2\/dias?post=7175"}],"curies":[{"name":"wp","href":"https:\/\/api.w.org\/{rel}","templated":true}]}}