{"id":7076,"date":"2025-08-26T15:55:17","date_gmt":"2025-08-26T18:55:17","guid":{"rendered":"https:\/\/aymaramendoza.com.ar\/?post_type=product&#038;p=7076"},"modified":"2025-08-26T15:55:31","modified_gmt":"2025-08-26T18:55:31","slug":"cabalgata-entre-vinedos-con-picada","status":"publish","type":"product","link":"https:\/\/aymaramendoza.com.ar\/pt\/servicios\/cabalgata-entre-vinedos-con-picada\/","title":{"rendered":"CABALGATA ENTRE VI\u00d1EDOS  (CON PICADA)"},"content":{"rendered":"<p class=\"cvGsUA direction-ltr align-justify para-style-body\"><span class=\"a_GcMg font-feature-liga-off font-feature-clig-off font-feature-calt-off text-decoration-none text-strikethrough-none\">Disfrut\u00e1 de una experiencia \u00fanica en Lulunta, donde los vi\u00f1edos y la naturaleza se combinan con la tradici\u00f3n del campo mendocino. Una actividad ideal para quienes buscan contacto directo con la tierra, la cultura y los sabores de Mendoza.<\/span><\/p>\n<p class=\"cvGsUA direction-ltr align-justify para-style-body\"><span class=\"a_GcMg font-feature-liga-off font-feature-clig-off font-feature-calt-off text-decoration-none text-strikethrough-none\">Comenzaremos con una cabalgata de dos horas entre vi\u00f1edos y senderos rurales, disfrutando de vistas panor\u00e1micas de la cordillera. Durante el recorrido, tendremos la posibilidad de conocer una granja con animales, lo que convierte esta experiencia en un paseo tanto natural como cultural.<\/span><\/p>\n<p class=\"cvGsUA direction-ltr align-justify para-style-body\"><span class=\"a_GcMg font-feature-liga-off font-feature-clig-off font-feature-calt-off text-decoration-none text-strikethrough-none\">Al finalizar, compartiremos una picada regional acompa\u00f1ada por una degustaci\u00f3n de vinos locales, en un entorno relajado y aut\u00e9ntico. La excursi\u00f3n incluye traslados desde y hacia el hotel para mayor comodidad de los pasajeros.<\/span><\/p>\n<ul>\n<li><span class=\"a_GcMg font-feature-liga-off font-feature-clig-off font-feature-calt-off text-decoration-none text-strikethrough-none\">Sa\u00eddas regulares: <\/span><span class=\"a_GcMg font-feature-liga-off font-feature-clig-off font-feature-calt-off text-decoration-none text-strikethrough-none\">Consultar disponibilidad \u2013 actividad privada<\/span><\/li>\n<li><span class=\"a_GcMg font-feature-liga-off font-feature-clig-off font-feature-calt-off text-decoration-none text-strikethrough-none\">Hora:<\/span> <span class=\"a_GcMg font-feature-liga-off font-feature-clig-off font-feature-calt-off text-decoration-none text-strikethrough-none\">De 9:00 a 13:00 hs<\/span><\/li>\n<\/ul>\n<p class=\"cvGsUA direction-ltr align-justify para-style-body\"><span class=\"a_GcMg font-feature-liga-off font-feature-clig-off font-feature-calt-off text-decoration-none text-strikethrough-none\">IMPORTANTE: <\/span><span class=\"a_GcMg font-feature-liga-off font-feature-clig-off font-feature-calt-off text-decoration-none text-strikethrough-none\">pasajeros alojados fuera del radio c\u00e9ntrico deben dirigirse al punto indicado por Aymar\u00e1 Turismo.<\/span><\/p>","protected":false},"excerpt":{"rendered":"<p>Viv\u00ed una experiencia \u00fanica en Lulunta con una cabalgata de dos horas entre vi\u00f1edos y paisajes rurales, visitando una granja local. Al final, disfrut\u00e1 de una picada regional con vinos mendocinos en un entorno aut\u00e9ntico.<\/p>","protected":false},"featured_media":7077,"comment_status":"open","ping_status":"closed","template":"","meta":[],"product_brand":[],"product_cat":[72,246],"product_tag":[],"dias":[],"class_list":{"0":"post-7076","1":"product","2":"type-product","3":"status-publish","4":"has-post-thumbnail","6":"product_cat-aventura","7":"product_cat-mendoza","9":"first","10":"instock","11":"shipping-taxable","12":"product-type-simple"},"booking_location":null,"booking_location_type":null,"booking_duration":null,"booking_duration_unit":null,"booking_buffer":null,"booking_cost":null,"booking_resources":null,"jetpack_sharing_enabled":true,"_links":{"self":[{"href":"https:\/\/aymaramendoza.com.ar\/pt\/wp-json\/wp\/v2\/product\/7076","targetHints":{"allow":["GET"]}}],"collection":[{"href":"https:\/\/aymaramendoza.com.ar\/pt\/wp-json\/wp\/v2\/product"}],"about":[{"href":"https:\/\/aymaramendoza.com.ar\/pt\/wp-json\/wp\/v2\/types\/product"}],"replies":[{"embeddable":true,"href":"https:\/\/aymaramendoza.com.ar\/pt\/wp-json\/wp\/v2\/comments?post=7076"}],"version-history":[{"count":2,"href":"https:\/\/aymaramendoza.com.ar\/pt\/wp-json\/wp\/v2\/product\/7076\/revisions"}],"predecessor-version":[{"id":7079,"href":"https:\/\/aymaramendoza.com.ar\/pt\/wp-json\/wp\/v2\/product\/7076\/revisions\/7079"}],"wp:featuredmedia":[{"embeddable":true,"href":"https:\/\/aymaramendoza.com.ar\/pt\/wp-json\/wp\/v2\/media\/7077"}],"wp:attachment":[{"href":"https:\/\/aymaramendoza.com.ar\/pt\/wp-json\/wp\/v2\/media?parent=7076"}],"wp:term":[{"taxonomy":"product_brand","embeddable":true,"href":"https:\/\/aymaramendoza.com.ar\/pt\/wp-json\/wp\/v2\/product_brand?post=7076"},{"taxonomy":"product_cat","embeddable":true,"href":"https:\/\/aymaramendoza.com.ar\/pt\/wp-json\/wp\/v2\/product_cat?post=7076"},{"taxonomy":"product_tag","embeddable":true,"href":"https:\/\/aymaramendoza.com.ar\/pt\/wp-json\/wp\/v2\/product_tag?post=7076"},{"taxonomy":"dias","embeddable":true,"href":"https:\/\/aymaramendoza.com.ar\/pt\/wp-json\/wp\/v2\/dias?post=7076"}],"curies":[{"name":"wp","href":"https:\/\/api.w.org\/{rel}","templated":true}]}}