{"id":7045,"date":"2025-07-30T12:37:51","date_gmt":"2025-07-30T15:37:51","guid":{"rendered":"https:\/\/aymaramendoza.com.ar\/?post_type=product&#038;p=7045"},"modified":"2025-07-30T12:38:41","modified_gmt":"2025-07-30T15:38:41","slug":"visita-y-degustacion-a-2-bodegas-zona-centro-half-day","status":"publish","type":"product","link":"https:\/\/aymaramendoza.com.ar\/pt\/servicios\/visita-y-degustacion-a-2-bodegas-zona-centro-half-day\/","title":{"rendered":"Visita y degustaci\u00f3n a 2 Bodegas &#8211; Zona Centro (Half Day)"},"content":{"rendered":"<p><span data-contrast=\"none\">Descubr\u00ed el arte del vino en nuestra experiencia de medio d\u00eda en dos bodegas emblem\u00e1ticas de la zona vitivin\u00edcola central (Maip\u00fa o Lujan).\u00a0<\/span><\/p>\n<p><span data-contrast=\"none\"> Por la ma\u00f1ana, saldremos con rumbo al oasis agr\u00edcola central (Luj\u00e1n o Maip\u00fa) para visitar la primera bodega seleccionada. En ella nos recibir\u00e1 un gu\u00eda de bodega, con quien recorreremos sus instalaciones, y aprenderemos sobre los distintos varietales de la regi\u00f3n, sus procesos de elaboraci\u00f3n, as\u00ed como el cuidado, crianza y fraccionamiento de distintos tipos de vinos. <\/span><span data-ccp-props=\"{&quot;134233117&quot;:false,&quot;134233118&quot;:false,&quot;335551550&quot;:0,&quot;335551620&quot;:0,&quot;335557856&quot;:16777215,&quot;335559738&quot;:0,&quot;335559739&quot;:160}\">\u00a0<\/span><\/p>\n<p><span data-contrast=\"none\">Antes del mediod\u00eda, visitaremos la segunda bodega seleccionada, donde participaremos de una visita guiada por sus instalaciones, disfrutando la degustaci\u00f3n de sus vinos exclusivos. Finalizada nuestra experiencia, regresaremos al hotel. <\/span><span data-ccp-props=\"{&quot;134233117&quot;:false,&quot;134233118&quot;:false,&quot;335551550&quot;:0,&quot;335551620&quot;:0,&quot;335557856&quot;:16777215,&quot;335559738&quot;:0,&quot;335559739&quot;:160}\">\u00a0<\/span><\/p>\n<ul>\n<li><b><span data-contrast=\"auto\">Sa\u00eddas:<\/span><\/b><span data-contrast=\"auto\">\u00a0todos os dias\u00a0<\/span><\/li>\n<li><b><span data-contrast=\"auto\">Hora:<\/span><\/b><span data-contrast=\"auto\">\u00a0a partir das 9:30 hs\u00a0<\/span><\/li>\n<li><b><span data-contrast=\"auto\">Dura\u00e7\u00e3o:<\/span><\/b><span data-contrast=\"auto\">\u00a0medio d\u00eda \u2013 salidas todo el a\u00f1o\u00a0<\/span><\/li>\n<li><b><span data-contrast=\"auto\">Inclui:<\/span><\/b><span data-contrast=\"auto\">\u00a0traslado privado, pick up y drop off por hoteles c\u00e9ntricos, visitas y degustaci\u00f3n en dos bodegas de Maip\u00fa o Luj\u00e1n. <\/span><span data-ccp-props=\"{&quot;134233117&quot;:false,&quot;134233118&quot;:false,&quot;335551550&quot;:0,&quot;335551620&quot;:0,&quot;335559738&quot;:0,&quot;335559739&quot;:0}\">\u00a0<\/span><\/li>\n<li><b><span data-contrast=\"auto\">No incluye:<\/span><\/b><span data-contrast=\"auto\"> Propina, Gastos extras. <\/span><span data-ccp-props=\"{&quot;134233117&quot;:false,&quot;134233118&quot;:false,&quot;335551550&quot;:0,&quot;335551620&quot;:0,&quot;335559738&quot;:0,&quot;335559739&quot;:0}\">\u00a0<\/span><\/li>\n<\/ul>\n<p><b><span data-contrast=\"none\">Op\u00e7\u00f5es de visitas a adegas\u00a0<\/span><\/b><span data-ccp-props=\"{&quot;134233117&quot;:false,&quot;134233118&quot;:false,&quot;335551550&quot;:0,&quot;335551620&quot;:0,&quot;335557856&quot;:16777215,&quot;335559738&quot;:0,&quot;335559739&quot;:160}\">\u00a0<\/span><\/p>\n<ul>\n<li><b><span data-contrast=\"auto\">Maip\u00fa:<\/span><\/b><span data-contrast=\"auto\"> Trapiche, Trivento, Santa Julia, Sin Fin. <\/span><span data-ccp-props=\"{&quot;134233117&quot;:false,&quot;134233118&quot;:false,&quot;335551550&quot;:0,&quot;335551620&quot;:0,&quot;335559738&quot;:0,&quot;335559739&quot;:0}\">\u00a0<\/span><\/li>\n<li><b><span data-contrast=\"auto\">Lujan de Cuyo:<\/span><\/b><span data-contrast=\"auto\"> Lagarde, Las Perdices, Nieto Senetiner, Norton. \u00a0<\/span><span data-ccp-props=\"{&quot;134233117&quot;:false,&quot;134233118&quot;:false,&quot;335551550&quot;:0,&quot;335551620&quot;:0,&quot;335559738&quot;:0,&quot;335559739&quot;:0}\">\u00a0<\/span><\/li>\n<\/ul>\n<p><b><span data-contrast=\"none\">Observa\u00e7\u00f5es<\/span><\/b><span data-contrast=\"none\">: <\/span><span data-ccp-props=\"{&quot;134233117&quot;:false,&quot;134233118&quot;:false,&quot;335551550&quot;:0,&quot;335551620&quot;:0,&quot;335557856&quot;:16777215,&quot;335559738&quot;:0,&quot;335559739&quot;:160}\">\u00a0<\/span><\/p>\n<ul>\n<li><span data-contrast=\"none\">Bodegas sujetas a disponibilidad al momento de realizar la reserva<\/span><\/li>\n<li>Las bodegas para visitar son por zona, bodegas de Maip\u00fa o de Lujan. (Consultar cotizaci\u00f3n por otras bodegas opcionales y disponibles para visitar). <span data-ccp-props=\"{&quot;134233117&quot;:false,&quot;134233118&quot;:false,&quot;335551550&quot;:0,&quot;335551620&quot;:0,&quot;335557856&quot;:16777215,&quot;335559685&quot;:720,&quot;335559737&quot;:0,&quot;335559738&quot;:0,&quot;335559739&quot;:0,&quot;335559991&quot;:360}\">\u00a0<\/span><\/li>\n<li>Servicio opcional de gu\u00eda (Consultar cotizaci\u00f3n). <span data-ccp-props=\"{&quot;134233117&quot;:false,&quot;134233118&quot;:false,&quot;335551550&quot;:0,&quot;335551620&quot;:0,&quot;335557856&quot;:16777215,&quot;335559685&quot;:720,&quot;335559737&quot;:0,&quot;335559738&quot;:0,&quot;335559739&quot;:0,&quot;335559991&quot;:360}\">\u00a0<\/span><\/li>\n<\/ul>\n<p><span data-ccp-props=\"{&quot;134233117&quot;:false,&quot;134233118&quot;:false,&quot;335551550&quot;:0,&quot;335551620&quot;:0,&quot;335557856&quot;:16777215,&quot;335559738&quot;:0,&quot;335559739&quot;:160}\">\u00a0<\/span><\/p>\n<p><b><i><span data-contrast=\"none\">Nota: os passageiros hospedados fora do raio central, consulte tarifas e modalidade<\/span><\/i><\/b><span data-ccp-props=\"{&quot;134233117&quot;:false,&quot;134233118&quot;:false,&quot;335551550&quot;:0,&quot;335551620&quot;:0,&quot;335557856&quot;:16777215,&quot;335559738&quot;:0,&quot;335559739&quot;:160}\">\u00a0<\/span><\/p>","protected":false},"excerpt":{"rendered":"<p><span data-contrast=\"none\">Descubr\u00ed el arte del vino en nuestra experiencia de medio d\u00eda en dos bodegas emblem\u00e1ticas de la zona vitivin\u00edcola central (Maip\u00fa o Lujan).\u00a0<\/span><\/p>","protected":false},"featured_media":7046,"comment_status":"open","ping_status":"closed","template":"","meta":[],"product_brand":[],"product_cat":[20,246],"product_tag":[],"dias":[],"class_list":{"0":"post-7045","1":"product","2":"type-product","3":"status-publish","4":"has-post-thumbnail","6":"product_cat-bodegas","7":"product_cat-mendoza","9":"first","10":"instock","11":"shipping-taxable","12":"product-type-simple"},"booking_location":null,"booking_location_type":null,"booking_duration":null,"booking_duration_unit":null,"booking_buffer":null,"booking_cost":null,"booking_resources":null,"jetpack_sharing_enabled":true,"_links":{"self":[{"href":"https:\/\/aymaramendoza.com.ar\/pt\/wp-json\/wp\/v2\/product\/7045","targetHints":{"allow":["GET"]}}],"collection":[{"href":"https:\/\/aymaramendoza.com.ar\/pt\/wp-json\/wp\/v2\/product"}],"about":[{"href":"https:\/\/aymaramendoza.com.ar\/pt\/wp-json\/wp\/v2\/types\/product"}],"replies":[{"embeddable":true,"href":"https:\/\/aymaramendoza.com.ar\/pt\/wp-json\/wp\/v2\/comments?post=7045"}],"version-history":[{"count":1,"href":"https:\/\/aymaramendoza.com.ar\/pt\/wp-json\/wp\/v2\/product\/7045\/revisions"}],"predecessor-version":[{"id":7047,"href":"https:\/\/aymaramendoza.com.ar\/pt\/wp-json\/wp\/v2\/product\/7045\/revisions\/7047"}],"wp:featuredmedia":[{"embeddable":true,"href":"https:\/\/aymaramendoza.com.ar\/pt\/wp-json\/wp\/v2\/media\/7046"}],"wp:attachment":[{"href":"https:\/\/aymaramendoza.com.ar\/pt\/wp-json\/wp\/v2\/media?parent=7045"}],"wp:term":[{"taxonomy":"product_brand","embeddable":true,"href":"https:\/\/aymaramendoza.com.ar\/pt\/wp-json\/wp\/v2\/product_brand?post=7045"},{"taxonomy":"product_cat","embeddable":true,"href":"https:\/\/aymaramendoza.com.ar\/pt\/wp-json\/wp\/v2\/product_cat?post=7045"},{"taxonomy":"product_tag","embeddable":true,"href":"https:\/\/aymaramendoza.com.ar\/pt\/wp-json\/wp\/v2\/product_tag?post=7045"},{"taxonomy":"dias","embeddable":true,"href":"https:\/\/aymaramendoza.com.ar\/pt\/wp-json\/wp\/v2\/dias?post=7045"}],"curies":[{"name":"wp","href":"https:\/\/api.w.org\/{rel}","templated":true}]}}