{"id":6980,"date":"2025-06-04T13:41:51","date_gmt":"2025-06-04T16:41:51","guid":{"rendered":"https:\/\/aymaramendoza.com.ar\/?post_type=product&#038;p=6980"},"modified":"2025-06-05T11:51:09","modified_gmt":"2025-06-05T14:51:09","slug":"traslados-en-mini-bus","status":"publish","type":"product","link":"https:\/\/aymaramendoza.com.ar\/pt\/servicios\/traslados-en-mini-bus\/","title":{"rendered":"TRASLADOS EN MINI BUS"},"content":{"rendered":"<p><em><strong>Traslados en Mini Bus.\u00a0<\/strong><\/em><\/p>\n<p>Servicios de traslados de alta calidad, profesionales y personalizados, poniendo a disposici\u00f3n veh\u00edculos de alta gama.<\/p>\n<ul>\n<li>Traslados Ida\/vuelta en Privado<\/li>\n<li>Traslados Ida\/vuelta con Espera<\/li>\n<li>Traslado Ida\/vuelta Aeropuerto a Hoteles<\/li>\n<li>Traslados Ida\/vuelta a Bodegas y restaurantes (Lujan, Maip\u00fa, Valle de Uco)<\/li>\n<li>Traslados Ida\/vuelta a Excursiones (Potrerillos, Uspallata, etc.)<\/li>\n<\/ul>\n<p><strong>Veh\u00edculos:\u00a0<\/strong><\/p>\n<ul>\n<li>Modelo: Mercedes-Benz &#8211;\u00a0 Ivecos Daily &#8211; Agrale &#8211; (2022\/2025 0km)<\/li>\n<li>Capacidad: 24 butacas<\/li>\n<li>Comodidad: Asientos viscoel\u00e1stico de gran comodidad, integrando en la conducci\u00f3n Amazon ALEXA.<\/li>\n<li>Espacios: Baulera para equipaje.<\/li>\n<li>Conectividad: Aire acondicionado, calefacci\u00f3n.<\/li>\n<\/ul>\n<p><strong>Notas:\u00a0<\/strong><\/p>\n<ul>\n<li>Las tarifas de Traslados en Privado son por veh\u00edculo y por tramo. <em>Solicitar tarifas a operadores de la agencia.\u00a0<\/em><\/li>\n<li>Capacidad m\u00e1xima de equipaje es 01 maleta mediana por pasajero. Superada la capacidad de equipaje, se completa con una Van de apoyo para el traslado del equipaje.<\/li>\n<li>Pol\u00edtica para menores: Menores hasta 02 a\u00f1os, sin cargo. A partir de los 03 a\u00f1os, abonan el 100% de los traslados.<\/li>\n<\/ul>","protected":false},"excerpt":{"rendered":"<p>Traslados en Mini Bus.\u00a0 Servicios de traslados de alta calidad, profesionales y personalizados, poniendo a disposici\u00f3n veh\u00edculos de alta gama. Traslados Ida\/vuelta en Privado Traslados Ida\/vuelta con Espera Traslado Ida\/vuelta Aeropuerto a Hoteles Traslados Ida\/vuelta a Bodegas y restaurantes (Lujan, Maip\u00fa, Valle de Uco) Traslados Ida\/vuelta a Excursiones (Potrerillos, Uspallata, etc.) Veh\u00edculos:\u00a0 Modelo: Mercedes-Benz &#8211;\u00a0 [&hellip;]<\/p>","protected":false},"featured_media":6993,"comment_status":"open","ping_status":"closed","template":"","meta":[],"product_brand":[],"product_cat":[246,198],"product_tag":[],"dias":[],"class_list":{"0":"post-6980","1":"product","2":"type-product","3":"status-publish","4":"has-post-thumbnail","6":"product_cat-mendoza","7":"product_cat-traslados","9":"first","10":"instock","11":"shipping-taxable","12":"product-type-simple"},"booking_location":null,"booking_location_type":null,"booking_duration":null,"booking_duration_unit":null,"booking_buffer":null,"booking_cost":null,"booking_resources":null,"jetpack_sharing_enabled":true,"_links":{"self":[{"href":"https:\/\/aymaramendoza.com.ar\/pt\/wp-json\/wp\/v2\/product\/6980","targetHints":{"allow":["GET"]}}],"collection":[{"href":"https:\/\/aymaramendoza.com.ar\/pt\/wp-json\/wp\/v2\/product"}],"about":[{"href":"https:\/\/aymaramendoza.com.ar\/pt\/wp-json\/wp\/v2\/types\/product"}],"replies":[{"embeddable":true,"href":"https:\/\/aymaramendoza.com.ar\/pt\/wp-json\/wp\/v2\/comments?post=6980"}],"version-history":[{"count":4,"href":"https:\/\/aymaramendoza.com.ar\/pt\/wp-json\/wp\/v2\/product\/6980\/revisions"}],"predecessor-version":[{"id":6987,"href":"https:\/\/aymaramendoza.com.ar\/pt\/wp-json\/wp\/v2\/product\/6980\/revisions\/6987"}],"wp:featuredmedia":[{"embeddable":true,"href":"https:\/\/aymaramendoza.com.ar\/pt\/wp-json\/wp\/v2\/media\/6993"}],"wp:attachment":[{"href":"https:\/\/aymaramendoza.com.ar\/pt\/wp-json\/wp\/v2\/media?parent=6980"}],"wp:term":[{"taxonomy":"product_brand","embeddable":true,"href":"https:\/\/aymaramendoza.com.ar\/pt\/wp-json\/wp\/v2\/product_brand?post=6980"},{"taxonomy":"product_cat","embeddable":true,"href":"https:\/\/aymaramendoza.com.ar\/pt\/wp-json\/wp\/v2\/product_cat?post=6980"},{"taxonomy":"product_tag","embeddable":true,"href":"https:\/\/aymaramendoza.com.ar\/pt\/wp-json\/wp\/v2\/product_tag?post=6980"},{"taxonomy":"dias","embeddable":true,"href":"https:\/\/aymaramendoza.com.ar\/pt\/wp-json\/wp\/v2\/dias?post=6980"}],"curies":[{"name":"wp","href":"https:\/\/api.w.org\/{rel}","templated":true}]}}