{"id":6977,"date":"2025-06-04T12:54:25","date_gmt":"2025-06-04T15:54:25","guid":{"rendered":"https:\/\/aymaramendoza.com.ar\/?post_type=product&#038;p=6977"},"modified":"2025-06-05T11:44:26","modified_gmt":"2025-06-05T14:44:26","slug":"traslados-en-traffic","status":"publish","type":"product","link":"https:\/\/aymaramendoza.com.ar\/pt\/servicios\/traslados-en-traffic\/","title":{"rendered":"TRASLADOS EN TRAFFIC"},"content":{"rendered":"<p><em><strong>Traslados en Traffic.\u00a0<\/strong><\/em><\/p>\n<p>Servicios de traslados de alta calidad, profesionales y personalizados, poniendo a disposici\u00f3n veh\u00edculos de alta gama.<\/p>\n<ul>\n<li>Traslados Ida\/vuelta en Privado<\/li>\n<li>Traslados Ida\/vuelta con Espera<\/li>\n<li>Traslado Ida\/vuelta Aeropuerto a Hoteles<\/li>\n<li>Traslados Ida\/vuelta a Bodegas y restaurantes (Lujan, Maip\u00fa, Valle de Uco)<\/li>\n<li>Traslados Ida\/vuelta a Excursiones (Potrerillos, Uspallata, etc.)<\/li>\n<\/ul>\n<p><strong>Veh\u00edculos:\u00a0<\/strong><\/p>\n<ul>\n<li>Modelos: Mercedes-Benz Sprinter &#8211; Mercedes-Benz Vito &#8211; Ford Transit &#8211; Iveco.<\/li>\n<li>Capacidades: de 8 a 19 butacas.<\/li>\n<li>Comodidad: amplios espacios interiores, butacas regulables,<\/li>\n<li>Espacios: espacio para equipaje, \u00faltimas 4 butacas son efectivas para el equipaje.<\/li>\n<li>Conectividad: aire acondicionado, sistema de audio con Bluetooth y conexi\u00f3n USB.<\/li>\n<\/ul>\n<p><strong>Notas:\u00a0<\/strong><\/p>\n<ul>\n<li>Las tarifas de Traslados en Privado son por veh\u00edculo y por tramo. <em>Solicitar tarifas a operadores de la agencia.\u00a0<\/em><\/li>\n<li>Capacidad m\u00e1xima de equipaje es 01 maleta mediana por pasajero. En caso de superada la capacidad de equipaje, o completar el total de butacas con los pasajeros, se completa el servicio con una Van o Carro de apoyo para el traslado del equipaje.<\/li>\n<li>Pol\u00edtica para menores: Menores hasta 02 a\u00f1os, sin cargo. A partir de los 03 a\u00f1os, abonan el 100% de los traslados.<\/li>\n<\/ul>\n<p>&nbsp;<\/p>","protected":false},"excerpt":{"rendered":"<p>Traslados en Traffic.\u00a0 Servicios de traslados de alta calidad, profesionales y personalizados, poniendo a disposici\u00f3n veh\u00edculos de alta gama. Traslados Ida\/vuelta en Privado Traslados Ida\/vuelta con Espera Traslado Ida\/vuelta Aeropuerto a Hoteles Traslados Ida\/vuelta a Bodegas y restaurantes (Lujan, Maip\u00fa, Valle de Uco) Traslados Ida\/vuelta a Excursiones (Potrerillos, Uspallata, etc.) Veh\u00edculos:\u00a0 Modelos: Mercedes-Benz Sprinter &#8211; [&hellip;]<\/p>","protected":false},"featured_media":6978,"comment_status":"open","ping_status":"closed","template":"","meta":[],"product_brand":[],"product_cat":[246,198],"product_tag":[],"dias":[],"class_list":{"0":"post-6977","1":"product","2":"type-product","3":"status-publish","4":"has-post-thumbnail","6":"product_cat-mendoza","7":"product_cat-traslados","9":"first","10":"instock","11":"shipping-taxable","12":"product-type-simple"},"booking_location":null,"booking_location_type":null,"booking_duration":null,"booking_duration_unit":null,"booking_buffer":null,"booking_cost":null,"booking_resources":null,"jetpack_sharing_enabled":true,"_links":{"self":[{"href":"https:\/\/aymaramendoza.com.ar\/pt\/wp-json\/wp\/v2\/product\/6977","targetHints":{"allow":["GET"]}}],"collection":[{"href":"https:\/\/aymaramendoza.com.ar\/pt\/wp-json\/wp\/v2\/product"}],"about":[{"href":"https:\/\/aymaramendoza.com.ar\/pt\/wp-json\/wp\/v2\/types\/product"}],"replies":[{"embeddable":true,"href":"https:\/\/aymaramendoza.com.ar\/pt\/wp-json\/wp\/v2\/comments?post=6977"}],"version-history":[{"count":3,"href":"https:\/\/aymaramendoza.com.ar\/pt\/wp-json\/wp\/v2\/product\/6977\/revisions"}],"predecessor-version":[{"id":6989,"href":"https:\/\/aymaramendoza.com.ar\/pt\/wp-json\/wp\/v2\/product\/6977\/revisions\/6989"}],"wp:featuredmedia":[{"embeddable":true,"href":"https:\/\/aymaramendoza.com.ar\/pt\/wp-json\/wp\/v2\/media\/6978"}],"wp:attachment":[{"href":"https:\/\/aymaramendoza.com.ar\/pt\/wp-json\/wp\/v2\/media?parent=6977"}],"wp:term":[{"taxonomy":"product_brand","embeddable":true,"href":"https:\/\/aymaramendoza.com.ar\/pt\/wp-json\/wp\/v2\/product_brand?post=6977"},{"taxonomy":"product_cat","embeddable":true,"href":"https:\/\/aymaramendoza.com.ar\/pt\/wp-json\/wp\/v2\/product_cat?post=6977"},{"taxonomy":"product_tag","embeddable":true,"href":"https:\/\/aymaramendoza.com.ar\/pt\/wp-json\/wp\/v2\/product_tag?post=6977"},{"taxonomy":"dias","embeddable":true,"href":"https:\/\/aymaramendoza.com.ar\/pt\/wp-json\/wp\/v2\/dias?post=6977"}],"curies":[{"name":"wp","href":"https:\/\/api.w.org\/{rel}","templated":true}]}}