{"id":6968,"date":"2025-06-04T10:24:58","date_gmt":"2025-06-04T13:24:58","guid":{"rendered":"https:\/\/aymaramendoza.com.ar\/?post_type=product&#038;p=6968"},"modified":"2025-06-04T10:46:48","modified_gmt":"2025-06-04T13:46:48","slug":"paquete-cruce-de-los-andes-trekking","status":"publish","type":"product","link":"https:\/\/aymaramendoza.com.ar\/pt\/servicios\/paquete-cruce-de-los-andes-trekking\/","title":{"rendered":"PAQUETE CRUCE DE LOS ANDES &#8211; TREKKING"},"content":{"rendered":"<p>A travessia para a Argentina pelo Vale do Gesso, \u00e9 o programa de maior tradi\u00e7\u00e3o na cordilheira central do Chile e Argentina. Foi declarado de interesse cultural, j\u00e1 que por estes vales eles montaram juntos as colunas do General San Mart\u00edn, em 1817, e tamb\u00e9m viu passar, em 1836, um jovem naturalista chamado Charles Darwin.<\/p>\n<p>Uma aventura para valentes, passando pelo Vale do Gesso, as Termas do Chumbo e o Ref\u00fagio Real da Cruz. Ideal para aventureiros maiores de 14 anos, com boa condi\u00e7\u00e3o f\u00edsica, esta viagem desafiador te levar\u00e1 por rios, montanhas e vales impressionantes e cheios de hist\u00f3ria.<\/p>\n<p><strong>DATOS GENERALES<\/strong><\/p>\n<ul>\n<li><strong>Lugar:<\/strong> Valle del r\u00edo Tunuy\u00e1n\/ Paso Piuquenes \/Termas del Plomo.<\/li>\n<li><strong>Temporada:<\/strong> Diciembre a marzo.<\/li>\n<li><strong>Dura\u00e7\u00e3o:<\/strong> 10 D\u00edas\/9 Noches.<\/li>\n<li><strong>Modalidade:<\/strong> Trekking.<\/li>\n<li><strong>Idade:<\/strong>\u00a0Mayores de 14 a\u00f1os.<\/li>\n<li><strong>Altura m\u00e1xima alcanzada:<\/strong> 4380m msnm.<\/li>\n<\/ul>\n<p>&nbsp;<\/p>\n<p><strong>ITINERARIO:\u00a0<\/strong><\/p>\n<ul>\n<li><strong>D\u00eda 1: <\/strong>Santiago\/ Valle del Yeso Termas del Plomo (2.700 m.s.n.m).<\/li>\n<li><strong>D\u00eda 2: <\/strong>Termas del Plomo \/ Laguna de los patos (4.021 m.s.n.m).<\/li>\n<li><strong>D\u00eda 3: <\/strong>Termas del Plomo &#8211; Paso Piuquenes &#8211; Calet\u00f3n.<\/li>\n<li><strong>D\u00eda 4: <\/strong>Calent\u00f3n &#8211; Real de la Cruz.<\/li>\n<li><strong>D\u00eda 5: <\/strong>Real de la cruz \u2013 Laguna de Los Patos (2.800 m.s.n.m).<\/li>\n<li><strong>D\u00eda 6: <\/strong>Refugio Real de la Cruz \/ La olla.<\/li>\n<li><strong>D\u00eda 7: <\/strong>La Olla &#8211; Las Yaretas (4.350 m.s..n.m).<\/li>\n<li><strong>D\u00eda 8:<\/strong> Las Yaretas &#8211; Scaravelle &#8211; Portinari &#8211; Manzano.<\/li>\n<li><strong>D\u00eda 9: <\/strong>Manzano &#8211; Mendoza &#8211; Tarde Libre.<\/li>\n<li><strong>D\u00eda 10: <\/strong>Mendoza &#8211; Santiago.<\/li>\n<\/ul>\n<p>&nbsp;<\/p>\n<p><strong>Observa\u00e7\u00e3o:<\/strong>\u00a0Documenta\u00e7\u00e3o obrigat\u00f3ria e atualizada. Para menores de 21 de autoriza\u00e7\u00e3o autenticada por ambos os pais ou respons\u00e1vel, perante o not\u00e1rio p\u00fablico.<\/p>\n<p><strong><em>Nota: Para obter mais informa\u00e7\u00f5es sobre a viagem, itiner\u00e1rio, termos e condi\u00e7\u00f5es de se comunicar com Turismo Aymara.<\/em><\/strong><\/p>","protected":false},"excerpt":{"rendered":"<p>Uma travessia desafiador, que te levar\u00e1 por rios, montanhas e vales impressionantes e cheios de hist\u00f3ria.<\/p>","protected":false},"featured_media":6976,"comment_status":"open","ping_status":"closed","template":"","meta":[],"product_brand":[],"product_cat":[246,194],"product_tag":[],"dias":[],"class_list":{"0":"post-6968","1":"product","2":"type-product","3":"status-publish","4":"has-post-thumbnail","6":"product_cat-mendoza","7":"product_cat-paquetes","9":"first","10":"instock","11":"shipping-taxable","12":"product-type-simple"},"booking_location":null,"booking_location_type":null,"booking_duration":null,"booking_duration_unit":null,"booking_buffer":null,"booking_cost":null,"booking_resources":null,"jetpack_sharing_enabled":true,"_links":{"self":[{"href":"https:\/\/aymaramendoza.com.ar\/pt\/wp-json\/wp\/v2\/product\/6968","targetHints":{"allow":["GET"]}}],"collection":[{"href":"https:\/\/aymaramendoza.com.ar\/pt\/wp-json\/wp\/v2\/product"}],"about":[{"href":"https:\/\/aymaramendoza.com.ar\/pt\/wp-json\/wp\/v2\/types\/product"}],"replies":[{"embeddable":true,"href":"https:\/\/aymaramendoza.com.ar\/pt\/wp-json\/wp\/v2\/comments?post=6968"}],"version-history":[{"count":3,"href":"https:\/\/aymaramendoza.com.ar\/pt\/wp-json\/wp\/v2\/product\/6968\/revisions"}],"predecessor-version":[{"id":6972,"href":"https:\/\/aymaramendoza.com.ar\/pt\/wp-json\/wp\/v2\/product\/6968\/revisions\/6972"}],"wp:featuredmedia":[{"embeddable":true,"href":"https:\/\/aymaramendoza.com.ar\/pt\/wp-json\/wp\/v2\/media\/6976"}],"wp:attachment":[{"href":"https:\/\/aymaramendoza.com.ar\/pt\/wp-json\/wp\/v2\/media?parent=6968"}],"wp:term":[{"taxonomy":"product_brand","embeddable":true,"href":"https:\/\/aymaramendoza.com.ar\/pt\/wp-json\/wp\/v2\/product_brand?post=6968"},{"taxonomy":"product_cat","embeddable":true,"href":"https:\/\/aymaramendoza.com.ar\/pt\/wp-json\/wp\/v2\/product_cat?post=6968"},{"taxonomy":"product_tag","embeddable":true,"href":"https:\/\/aymaramendoza.com.ar\/pt\/wp-json\/wp\/v2\/product_tag?post=6968"},{"taxonomy":"dias","embeddable":true,"href":"https:\/\/aymaramendoza.com.ar\/pt\/wp-json\/wp\/v2\/dias?post=6968"}],"curies":[{"name":"wp","href":"https:\/\/api.w.org\/{rel}","templated":true}]}}