{"id":6496,"date":"2024-10-08T11:03:10","date_gmt":"2024-10-08T14:03:10","guid":{"rendered":"https:\/\/aymaramendoza.com.ar\/?post_type=product&#038;p=6496"},"modified":"2025-01-14T12:27:01","modified_gmt":"2025-01-14T15:27:01","slug":"cooking-class","status":"publish","type":"product","link":"https:\/\/aymaramendoza.com.ar\/pt\/servicios\/cooking-class\/","title":{"rendered":"COOKING CLASS CON ALMUERZO VALLE DE UCO"},"content":{"rendered":"<p><span data-contrast=\"auto\">Las uvas no son las \u00fanicas protagonistas que crecen en nuestra tierra, en Mendoza crecen varias frutas, verduras, hortalizas, entre otros, que permiten elaborar nuestros platos tradicionales. Con una vista impresionante de la Cordillera de Los Andes los invitamos a una clase de cocina para aprender a cocinar comidas t\u00edpicas argentinas que luego ser\u00e1n maridadas con nuestros vinos regionales.\u00a0<\/span><span data-ccp-props=\"{}\">\u00a0<\/span><\/p>\n<p><span data-contrast=\"auto\">Por la ma\u00f1ana saldremos con destino a la regi\u00f3n de Valle de Uco, donde se encuentran las bodegas m\u00e1s prestigiosas productoras de vino de alta gama y donde el paisaje brinda un valor \u00fanico a este circuito. Arribaremos a la bodega que nos abrir\u00e1 las puertas de su restaurante para participar de una clase de cocina, donde el chef nos ense\u00f1ar\u00e1 a realizar algunos platos de la cocina regional. Luego podremos degustar de los platos realizados para luego degustar de un men\u00fa de pasos maridado con los vinos de la casa preparado por el chef. Por la tarde retorno al hotel.<\/span><span data-ccp-props=\"{}\">\u00a0<\/span><\/p>\n<p><span data-ccp-props=\"{}\">\u00a0<strong>Datos generales:<\/strong><\/span><\/p>\n<ul>\n<li><strong>Sa\u00eddas<\/strong><span data-contrast=\"auto\"><strong>:<\/strong> lun a dom<\/span><span data-ccp-props=\"{}\">\u00a0<\/span><\/li>\n<li><strong>Hora<\/strong><span data-contrast=\"auto\"><strong>:<\/strong> a partir de las 08.15 hs<\/span><span data-ccp-props=\"{}\">\u00a0<\/span><\/li>\n<li><strong>Dura\u00e7\u00e3o<\/strong><span data-contrast=\"auto\"><strong>:<\/strong> todo o dia \u2013 sa\u00eddas durante todo o ano<\/span><span data-ccp-props=\"{}\">\u00a0<\/span><\/li>\n<li><strong>Bodega:<\/strong> Gim\u00e9nez Rilli (d\u00edas sujetos a disponibilidad de la bodega)<\/li>\n<\/ul>\n<p><span data-ccp-props=\"{}\">\u00a0<\/span><\/p>\n<p><em><strong>Nota: os passageiros hospedados fora do raio central, consulte tarifas e modalidade<\/strong><\/em><span data-ccp-props=\"{}\">\u00a0<\/span><\/p>","protected":false},"excerpt":{"rendered":"<p><span class=\"NormalTextRun SCXW268148869 BCX8\">C<\/span><span class=\"NormalTextRun SCXW268148869 BCX8\">on una vista impr<\/span><span class=\"NormalTextRun SCXW268148869 BCX8\">e<\/span><span class=\"NormalTextRun SCXW268148869 BCX8\">sionant<\/span><span class=\"NormalTextRun SCXW268148869 BCX8\">e<\/span><span class=\"NormalTextRun SCXW268148869 BCX8\"> d<\/span><span class=\"NormalTextRun SCXW268148869 BCX8\">e<\/span><span class=\"NormalTextRun SCXW268148869 BCX8\"> la <\/span><span class=\"NormalTextRun SCXW268148869 BCX8\">C<\/span><span class=\"NormalTextRun SCXW268148869 BCX8\">ordill<\/span><span class=\"NormalTextRun SCXW268148869 BCX8\">e<\/span><span class=\"NormalTextRun SCXW268148869 BCX8\">ra d<\/span><span class=\"NormalTextRun SCXW268148869 BCX8\">e<\/span><span class=\"NormalTextRun SCXW268148869 BCX8\"> Los And<\/span><span class=\"NormalTextRun SCXW268148869 BCX8\">e<\/span><span class=\"NormalTextRun SCXW268148869 BCX8\">s los invitamos a una <\/span><span class=\"NormalTextRun SCXW268148869 BCX8\">c<\/span><span class=\"NormalTextRun SCXW268148869 BCX8\">las<\/span><span class=\"NormalTextRun SCXW268148869 BCX8\">e<\/span><span class=\"NormalTextRun SCXW268148869 BCX8\"> d<\/span><span class=\"NormalTextRun SCXW268148869 BCX8\">e<\/span> <span class=\"NormalTextRun SCXW268148869 BCX8\">c<\/span><span class=\"NormalTextRun SCXW268148869 BCX8\">ou<\/span><span class=\"NormalTextRun SCXW268148869 BCX8\">c<\/span><span class=\"NormalTextRun SCXW268148869 BCX8\">ina para apr<\/span><span class=\"NormalTextRun SCXW268148869 BCX8\">e<\/span><span class=\"NormalTextRun SCXW268148869 BCX8\">n<\/span><span class=\"NormalTextRun SCXW268148869 BCX8\">d<\/span><span class=\"NormalTextRun SCXW268148869 BCX8\">e<\/span><span class=\"NormalTextRun SCXW268148869 BCX8\">r a <\/span><span class=\"NormalTextRun SCXW268148869 BCX8\">c<\/span><span class=\"NormalTextRun SCXW268148869 BCX8\">ou<\/span><span class=\"NormalTextRun SCXW268148869 BCX8\">c<\/span><span class=\"NormalTextRun SCXW268148869 BCX8\">inar <\/span><span class=\"NormalTextRun SCXW268148869 BCX8\">c<\/span><span class=\"NormalTextRun SCXW268148869 BCX8\">omidas t\u00edpi<\/span><span class=\"NormalTextRun SCXW268148869 BCX8\">c<\/span><span class=\"NormalTextRun SCXW268148869 BCX8\">as arg<\/span><span class=\"NormalTextRun SCXW268148869 BCX8\">e<\/span><span class=\"NormalTextRun SCXW268148869 BCX8\">n<\/span><span class=\"NormalTextRun SCXW268148869 BCX8\">tinas.<\/span><\/p>","protected":false},"featured_media":6497,"comment_status":"open","ping_status":"closed","template":"","meta":[],"product_brand":[],"product_cat":[20,246,46],"product_tag":[],"dias":[],"class_list":{"0":"post-6496","1":"product","2":"type-product","3":"status-publish","4":"has-post-thumbnail","6":"product_cat-bodegas","7":"product_cat-mendoza","8":"product_cat-valle-de-uco","10":"first","11":"instock","12":"shipping-taxable","13":"product-type-simple"},"booking_location":null,"booking_location_type":null,"booking_duration":null,"booking_duration_unit":null,"booking_buffer":null,"booking_cost":null,"booking_resources":null,"jetpack_sharing_enabled":true,"_links":{"self":[{"href":"https:\/\/aymaramendoza.com.ar\/pt\/wp-json\/wp\/v2\/product\/6496","targetHints":{"allow":["GET"]}}],"collection":[{"href":"https:\/\/aymaramendoza.com.ar\/pt\/wp-json\/wp\/v2\/product"}],"about":[{"href":"https:\/\/aymaramendoza.com.ar\/pt\/wp-json\/wp\/v2\/types\/product"}],"replies":[{"embeddable":true,"href":"https:\/\/aymaramendoza.com.ar\/pt\/wp-json\/wp\/v2\/comments?post=6496"}],"version-history":[{"count":8,"href":"https:\/\/aymaramendoza.com.ar\/pt\/wp-json\/wp\/v2\/product\/6496\/revisions"}],"predecessor-version":[{"id":6777,"href":"https:\/\/aymaramendoza.com.ar\/pt\/wp-json\/wp\/v2\/product\/6496\/revisions\/6777"}],"wp:featuredmedia":[{"embeddable":true,"href":"https:\/\/aymaramendoza.com.ar\/pt\/wp-json\/wp\/v2\/media\/6497"}],"wp:attachment":[{"href":"https:\/\/aymaramendoza.com.ar\/pt\/wp-json\/wp\/v2\/media?parent=6496"}],"wp:term":[{"taxonomy":"product_brand","embeddable":true,"href":"https:\/\/aymaramendoza.com.ar\/pt\/wp-json\/wp\/v2\/product_brand?post=6496"},{"taxonomy":"product_cat","embeddable":true,"href":"https:\/\/aymaramendoza.com.ar\/pt\/wp-json\/wp\/v2\/product_cat?post=6496"},{"taxonomy":"product_tag","embeddable":true,"href":"https:\/\/aymaramendoza.com.ar\/pt\/wp-json\/wp\/v2\/product_tag?post=6496"},{"taxonomy":"dias","embeddable":true,"href":"https:\/\/aymaramendoza.com.ar\/pt\/wp-json\/wp\/v2\/dias?post=6496"}],"curies":[{"name":"wp","href":"https:\/\/api.w.org\/{rel}","templated":true}]}}