{"id":6387,"date":"2024-09-27T11:32:12","date_gmt":"2024-09-27T14:32:12","guid":{"rendered":"https:\/\/aymaramendoza.com.ar\/?post_type=product&#038;p=6387"},"modified":"2025-06-03T12:31:02","modified_gmt":"2025-06-03T15:31:02","slug":"paquete-semana-santa-2025","status":"publish","type":"product","link":"https:\/\/aymaramendoza.com.ar\/pt\/servicios\/paquete-semana-santa-2025\/","title":{"rendered":"Paquete Semana Santa 2026"},"content":{"rendered":"<p><strong><em>Paquete Semana Santa 2026<\/em><\/strong><\/p>\n<p>Atividade com uma estadia de 4 dias\/3 noites<\/p>\n<p><em><strong>Dia 1 \u2013 <\/strong><\/em>Recep\u00e7\u00e3o no aeroporto e traslado ao hotel selecionado.<\/p>\n<p><em><strong>Dia 2 \u2013 <\/strong><\/em>Sa\u00edda ao tour Full Day Alta montanha. Pela manh\u00e3, passaremos a procurar o seu alojamento, em dire\u00e7\u00e3o \u00e0 rota 7, onde passaremos por paisagens extraordin\u00e1rias, tais como Potrerillos e Uspallata. Chegaremos ao centro de esqui Los Penitentes e, pouco depois, a Ponte do Inca. Faremos uma parada em Mirante do Aconc\u00e1gua, para desfrutar das suas paisagens. Finalmente visitaremos a cidade Das Cavernas (limite com o Chile a 3200 msns), e se o clima e as condi\u00e7\u00f5es do caminho que o permitem, culminaremos a excurs\u00e3o com uma visita ao monumento do Cristo Redentor. Pela tarde, regresso ao hotel.<\/p>\n<p><em><strong>Dia 3 \u2013 <\/strong><\/em>Manh\u00e3 livre. Possibilidade de contratar o tour opcional City tour. Pela tarde realizaremos um tour de vinho e azeitonas, visitaremos 2 adegas, onde podem-se degustar seus vinhos, aprenderemos sobre os vinhos mendocinos, seus processos de elabora\u00e7\u00e3o e os sistemas de condu\u00e7\u00e3o da vid. mais tarde, visitar uma f\u00e1brica de \u00f3leo de oliva, onde podemos observar o processo de elabora\u00e7\u00e3o deste produto.<\/p>\n<p><em><strong>Dia 4 \u2013 <\/strong><\/em>Pequeno-almo\u00e7o e check out. Em hor\u00e1rio combinado, traslado do hotel para o aeroporto de Mendoza.<\/p>","protected":false},"excerpt":{"rendered":"<p>Desfrute de um fim-de-semana XXL-de-Semana Santa, percorrendo as ruas da cidade e desfrutar de paisagens deslumbrantes que oferece a Cordilheira dos Andes.<\/p>","protected":false},"featured_media":6391,"comment_status":"open","ping_status":"closed","template":"","meta":[],"product_brand":[],"product_cat":[246,194],"product_tag":[],"dias":[],"class_list":{"0":"post-6387","1":"product","2":"type-product","3":"status-publish","4":"has-post-thumbnail","6":"product_cat-mendoza","7":"product_cat-paquetes","9":"first","10":"instock","11":"shipping-taxable","12":"product-type-simple"},"booking_location":null,"booking_location_type":null,"booking_duration":null,"booking_duration_unit":null,"booking_buffer":null,"booking_cost":null,"booking_resources":null,"jetpack_sharing_enabled":true,"_links":{"self":[{"href":"https:\/\/aymaramendoza.com.ar\/pt\/wp-json\/wp\/v2\/product\/6387","targetHints":{"allow":["GET"]}}],"collection":[{"href":"https:\/\/aymaramendoza.com.ar\/pt\/wp-json\/wp\/v2\/product"}],"about":[{"href":"https:\/\/aymaramendoza.com.ar\/pt\/wp-json\/wp\/v2\/types\/product"}],"replies":[{"embeddable":true,"href":"https:\/\/aymaramendoza.com.ar\/pt\/wp-json\/wp\/v2\/comments?post=6387"}],"version-history":[{"count":3,"href":"https:\/\/aymaramendoza.com.ar\/pt\/wp-json\/wp\/v2\/product\/6387\/revisions"}],"predecessor-version":[{"id":6957,"href":"https:\/\/aymaramendoza.com.ar\/pt\/wp-json\/wp\/v2\/product\/6387\/revisions\/6957"}],"wp:featuredmedia":[{"embeddable":true,"href":"https:\/\/aymaramendoza.com.ar\/pt\/wp-json\/wp\/v2\/media\/6391"}],"wp:attachment":[{"href":"https:\/\/aymaramendoza.com.ar\/pt\/wp-json\/wp\/v2\/media?parent=6387"}],"wp:term":[{"taxonomy":"product_brand","embeddable":true,"href":"https:\/\/aymaramendoza.com.ar\/pt\/wp-json\/wp\/v2\/product_brand?post=6387"},{"taxonomy":"product_cat","embeddable":true,"href":"https:\/\/aymaramendoza.com.ar\/pt\/wp-json\/wp\/v2\/product_cat?post=6387"},{"taxonomy":"product_tag","embeddable":true,"href":"https:\/\/aymaramendoza.com.ar\/pt\/wp-json\/wp\/v2\/product_tag?post=6387"},{"taxonomy":"dias","embeddable":true,"href":"https:\/\/aymaramendoza.com.ar\/pt\/wp-json\/wp\/v2\/dias?post=6387"}],"curies":[{"name":"wp","href":"https:\/\/api.w.org\/{rel}","templated":true}]}}