{"id":6381,"date":"2024-09-27T12:09:43","date_gmt":"2024-09-27T15:09:43","guid":{"rendered":"https:\/\/aymaramendoza.com.ar\/?post_type=product&#038;p=6381"},"modified":"2025-06-03T12:31:42","modified_gmt":"2025-06-03T15:31:42","slug":"paquete-vendimia-2025","status":"publish","type":"product","link":"https:\/\/aymaramendoza.com.ar\/pt\/servicios\/paquete-vendimia-2025\/","title":{"rendered":"Paquete Vendimia 2026"},"content":{"rendered":"<p><strong><em>Paquete Vendimia 2026<\/em><\/strong><\/p>\n<p>Atividade com uma estadia de 4 dias\/3 noites<\/p>\n<p><em><strong>Dia 1 \u2013 <\/strong><\/em>Recep\u00e7\u00e3o no aeroporto e traslado ao hotel selecionado<\/p>\n<p><em><strong>Dia 2 \u2013<\/strong><\/em>As Adegas e oliv\u00edcola, o tour inclui passeio de 2 adegas, participando de degusta\u00e7\u00f5es de vinhos em cada uma das adegas. Aprenderemos sobre os vinhos mendocinos, seus processos de elabora\u00e7\u00e3o. Mais tarde, visitaremos uma f\u00e1brica de \u00f3leo de oliva, onde podemos observar o processo de elabora\u00e7\u00e3o deste produto e tamb\u00e9m degust\u00e1-lo. Retorno ao hotel<br \/>\nPor la noche, la Ciudad de Mendoza se viste de fiesta, ya que sus calles son el escenario del desfile \u00abV\u00eda Blanca de las Reinas\u00bb.<\/p>\n<p><em><strong>Dia 3 \u2013 <\/strong><\/em>Manh\u00e3 livre para desfrutar do segundo desfile popular mais importante do mundo: &#034;Carroussel&#034;, as ruas arborizadas de Mendoza est\u00e1 combinando a passagem de carros aleg\u00f3ricos com suas rainhas, os centros tradicionalistas ga\u00fachos, cavalos, banda da Pol\u00edcia de Mendoza, murgas, ve\u00edculos antigos, diferentes comunidades de v\u00e1rios pa\u00edses, demonstrando suas dan\u00e7as t\u00edpicas, entre outras surpresas.<\/p>\n<p>Pela tarde, traslado ao Teatro Grego Fran Romero Day, localizado aos p\u00e9s dos morros, ao lado do famoso Cerro de La Gloria, onde se pode apreciar o impressionante Ato Central da Festa Nacional da Vindima, um evento com mais de 80 anos de hist\u00f3ria com um<br \/>\nmaravilhoso show de efeitos, luzes, bailarinos e fogos de artif\u00edcio que culmina com a elei\u00e7\u00e3o da nova Rainha Nacional. A festa prop\u00f5e um passeio sensorial por todos os costumes, hist\u00f3rias, paisagens e muito mais da prov\u00edncia de Mendoza e prestigiado vinho. Ao finalizar,<em> transporte de regresso ao Hotel.\u00a0<\/em><\/p>\n<p><em><strong>Dia 4 \u2013 <\/strong><\/em>Pequeno-almo\u00e7o e check out. Em hor\u00e1rio combinado, traslado do hotel para o aeroporto de Mendoza.<\/p>\n<p>&nbsp;<\/p>","protected":false},"excerpt":{"rendered":"<p>Uma experi\u00eancia \u00fanica em Mendoza, onde voc\u00ea pode desfrutar de um dos atrativos tur\u00edsticos mais importantes da prov\u00edncia, curtindo a deliciosa gastronomia de mendoza.<\/p>\n<p>&nbsp;<\/p>\n<div class=\"fIrGe _T bgMZj\"><\/div>\n<div class=\"JTbpC\">\n<div class=\"JxYDh _S n Ci\"><\/div>\n<\/div>","protected":false},"featured_media":6396,"comment_status":"open","ping_status":"closed","template":"","meta":[],"product_brand":[],"product_cat":[246,194],"product_tag":[],"dias":[],"class_list":{"0":"post-6381","1":"product","2":"type-product","3":"status-publish","4":"has-post-thumbnail","6":"product_cat-mendoza","7":"product_cat-paquetes","9":"first","10":"instock","11":"shipping-taxable","12":"product-type-simple"},"booking_location":null,"booking_location_type":null,"booking_duration":null,"booking_duration_unit":null,"booking_buffer":null,"booking_cost":null,"booking_resources":null,"jetpack_sharing_enabled":true,"_links":{"self":[{"href":"https:\/\/aymaramendoza.com.ar\/pt\/wp-json\/wp\/v2\/product\/6381","targetHints":{"allow":["GET"]}}],"collection":[{"href":"https:\/\/aymaramendoza.com.ar\/pt\/wp-json\/wp\/v2\/product"}],"about":[{"href":"https:\/\/aymaramendoza.com.ar\/pt\/wp-json\/wp\/v2\/types\/product"}],"replies":[{"embeddable":true,"href":"https:\/\/aymaramendoza.com.ar\/pt\/wp-json\/wp\/v2\/comments?post=6381"}],"version-history":[{"count":4,"href":"https:\/\/aymaramendoza.com.ar\/pt\/wp-json\/wp\/v2\/product\/6381\/revisions"}],"predecessor-version":[{"id":6959,"href":"https:\/\/aymaramendoza.com.ar\/pt\/wp-json\/wp\/v2\/product\/6381\/revisions\/6959"}],"wp:featuredmedia":[{"embeddable":true,"href":"https:\/\/aymaramendoza.com.ar\/pt\/wp-json\/wp\/v2\/media\/6396"}],"wp:attachment":[{"href":"https:\/\/aymaramendoza.com.ar\/pt\/wp-json\/wp\/v2\/media?parent=6381"}],"wp:term":[{"taxonomy":"product_brand","embeddable":true,"href":"https:\/\/aymaramendoza.com.ar\/pt\/wp-json\/wp\/v2\/product_brand?post=6381"},{"taxonomy":"product_cat","embeddable":true,"href":"https:\/\/aymaramendoza.com.ar\/pt\/wp-json\/wp\/v2\/product_cat?post=6381"},{"taxonomy":"product_tag","embeddable":true,"href":"https:\/\/aymaramendoza.com.ar\/pt\/wp-json\/wp\/v2\/product_tag?post=6381"},{"taxonomy":"dias","embeddable":true,"href":"https:\/\/aymaramendoza.com.ar\/pt\/wp-json\/wp\/v2\/dias?post=6381"}],"curies":[{"name":"wp","href":"https:\/\/api.w.org\/{rel}","templated":true}]}}