{"id":6378,"date":"2024-09-27T13:30:41","date_gmt":"2024-09-27T16:30:41","guid":{"rendered":"https:\/\/aymaramendoza.com.ar\/?post_type=product&#038;p=6378"},"modified":"2025-06-03T11:31:38","modified_gmt":"2025-06-03T14:31:38","slug":"paquete-ano-nuevo-2025","status":"publish","type":"product","link":"https:\/\/aymaramendoza.com.ar\/pt\/servicios\/paquete-ano-nuevo-2025\/","title":{"rendered":"Paquete A\u00f1o Nuevo 2026"},"content":{"rendered":"<p><strong><em>Paquete A\u00f1o Nuevo 2026<\/em><\/strong><\/p>\n<p>Atividade com uma estadia 4dias\/3 noites<\/p>\n<p>Desfrute de um fim de ano inesquec\u00edvel em Mendoza. Este pacote oferece uma experi\u00eancia \u00fanica e cheia de luxo, que inclui:<\/p>\n<p><em><strong>Dia 1 \u2013<\/strong> <\/em>Recep\u00e7\u00e3o no aeroporto e traslado ao hotel selecionado.<\/p>\n<p><strong><em>Dia 2 \u2013<\/em> <\/strong>Pequeno-almo\u00e7o. Dia livre. Os passageiros podem optar por visitar o mundo do vinho ou relaxar no tour Full Day Spa&#034; em Termas de Cacheuta ou tentar a sua adrenalina no tour &#034;Dia de Aventura&#034; no Lago de Potrerillos, realizando atividades como Rafting, Trekking, Mountain Bike, Tirolesa, entre outras. (Recomendamos reservar com anteced\u00eancia, \u00e9 por vagas limitadas).<\/p>\n<p><strong><em>Dia 3 \u2013<\/em><\/strong> Pela manh\u00e3, visitaremos a Cidade de Mendoza, uma das mais belas do pa\u00eds. Come\u00e7aremos por toda a cidade antiga, local onde fora fundada; passaremos pela Alameda, cidade com Pra\u00e7a de Independ\u00eancia e seus quatro pra\u00e7as sat\u00e9lites, Bairro C\u00edvico, e, em seguida, o majestoso Parque General San Martin com o Cerro de la<br \/>\nGl\u00f3ria, Est\u00e1dio Mundialista e Teatro Grego Frank Romero Day, cen\u00e1rio do ato central de reconhecida a Festa Nacional da Vindima. Regresso ao hotel.<br \/>\nTarde livre. Em seguida, faremos a \u00faltima noite do ano em Mendoza, com uma noite inesquec\u00edvel no Hotel Hyatt5* ou Hotel Sheraton5*. (Jantar opcional).<\/p>\n<p><strong><em>Dia 4 \u2013<\/em><\/strong> Pequeno-almo\u00e7o e check out. Em hor\u00e1rio combinado, traslado do hotel para o aeroporto de Mendoza.<\/p>\n<p>&nbsp;<\/p>","protected":false},"excerpt":{"rendered":"<p>Recib\u00ed el a\u00f1o nuevo con experiencias inolvidables, donde podr\u00e1s elegir entre visitar el mundo del vino, relajarte en un tour de spa, o sentir la adrenalina en un tour de aventura y, por supuesto, un tour por Mendoza, para conocer una de las ciudades m\u00e1s bellas del pa\u00eds.<\/p>","protected":false},"featured_media":6398,"comment_status":"open","ping_status":"closed","template":"","meta":[],"product_brand":[],"product_cat":[246,194],"product_tag":[],"dias":[],"class_list":{"0":"post-6378","1":"product","2":"type-product","3":"status-publish","4":"has-post-thumbnail","6":"product_cat-mendoza","7":"product_cat-paquetes","9":"first","10":"instock","11":"shipping-taxable","12":"product-type-simple"},"booking_location":null,"booking_location_type":null,"booking_duration":null,"booking_duration_unit":null,"booking_buffer":null,"booking_cost":null,"booking_resources":null,"jetpack_sharing_enabled":true,"_links":{"self":[{"href":"https:\/\/aymaramendoza.com.ar\/pt\/wp-json\/wp\/v2\/product\/6378","targetHints":{"allow":["GET"]}}],"collection":[{"href":"https:\/\/aymaramendoza.com.ar\/pt\/wp-json\/wp\/v2\/product"}],"about":[{"href":"https:\/\/aymaramendoza.com.ar\/pt\/wp-json\/wp\/v2\/types\/product"}],"replies":[{"embeddable":true,"href":"https:\/\/aymaramendoza.com.ar\/pt\/wp-json\/wp\/v2\/comments?post=6378"}],"version-history":[{"count":5,"href":"https:\/\/aymaramendoza.com.ar\/pt\/wp-json\/wp\/v2\/product\/6378\/revisions"}],"predecessor-version":[{"id":6950,"href":"https:\/\/aymaramendoza.com.ar\/pt\/wp-json\/wp\/v2\/product\/6378\/revisions\/6950"}],"wp:featuredmedia":[{"embeddable":true,"href":"https:\/\/aymaramendoza.com.ar\/pt\/wp-json\/wp\/v2\/media\/6398"}],"wp:attachment":[{"href":"https:\/\/aymaramendoza.com.ar\/pt\/wp-json\/wp\/v2\/media?parent=6378"}],"wp:term":[{"taxonomy":"product_brand","embeddable":true,"href":"https:\/\/aymaramendoza.com.ar\/pt\/wp-json\/wp\/v2\/product_brand?post=6378"},{"taxonomy":"product_cat","embeddable":true,"href":"https:\/\/aymaramendoza.com.ar\/pt\/wp-json\/wp\/v2\/product_cat?post=6378"},{"taxonomy":"product_tag","embeddable":true,"href":"https:\/\/aymaramendoza.com.ar\/pt\/wp-json\/wp\/v2\/product_tag?post=6378"},{"taxonomy":"dias","embeddable":true,"href":"https:\/\/aymaramendoza.com.ar\/pt\/wp-json\/wp\/v2\/dias?post=6378"}],"curies":[{"name":"wp","href":"https:\/\/api.w.org\/{rel}","templated":true}]}}