{"id":6372,"date":"2024-09-26T10:09:41","date_gmt":"2024-09-26T13:09:41","guid":{"rendered":"https:\/\/aymaramendoza.com.ar\/?post_type=product&#038;p=6372"},"modified":"2024-10-01T11:15:23","modified_gmt":"2024-10-01T14:15:23","slug":"experiencia-aconcagua","status":"publish","type":"product","link":"https:\/\/aymaramendoza.com.ar\/pt\/servicios\/experiencia-aconcagua\/","title":{"rendered":"Experi\u00eancia Aconcagua"},"content":{"rendered":"<p><em><strong>Experi\u00eancia Aconcagua<\/strong><\/em><\/p>\n<p>Opera: Outubro a Abril<\/p>\n<p>&nbsp;<\/p>\n<p><span data-contrast=\"auto\">O Aconc\u00e1gua \u00e9 uma refer\u00eancia indiscut\u00edvel da cordilheira dos Andes e uma visita obrigat\u00f3ria para escaladores e turistas de todo o mundo.\u00a0<\/span><span data-ccp-props=\"{&quot;201341983&quot;:0,&quot;335551550&quot;:6,&quot;335551620&quot;:6,&quot;335559740&quot;:276}\">\u00a0<\/span><\/p>\n<p><span data-contrast=\"auto\">\u00c0 primeira hora da manh\u00e3, passaremos a procurar por hotel, e marcharemos em dire\u00e7\u00e3o sudoeste pela Rota Provincial 82, apreciando as paisagens que nos oferecem Cacheutas e Potrerillos, como o pitoresco Dique Potrerillos, ou a vista maravilhosa do Cord\u00e3o de Prata.<\/span><span data-ccp-props=\"{&quot;201341983&quot;:0,&quot;335551550&quot;:6,&quot;335551620&quot;:6,&quot;335559740&quot;:276}\">\u00a0<\/span><\/p>\n<p><span data-contrast=\"auto\">Continuaremos nosso percurso at\u00e9 chegar a Uspallata, onde nos espera o Parque Provincial Aconcagua. L\u00e1 faremos uma caminhada de 1hora aproximadamente, at\u00e9 o mirante <\/span><span data-contrast=\"none\">da Lagoa de Horcones, onde podemos ver a Parede Sul e o cume do pico mais alto da Am\u00e9rica.<\/span><span data-ccp-props=\"{&quot;201341983&quot;:0,&quot;335551550&quot;:6,&quot;335551620&quot;:6,&quot;335559740&quot;:276}\">\u00a0<\/span><\/p>\n<p><span data-contrast=\"none\">J\u00e1 de regresso, nos mudamos a uns poucos quil\u00f4metros, at\u00e9 chegar ao &#034;Puente del Inca&#034;. Parada obrigat\u00f3ria neste lugar \u00edcone de nossa cordilheira. Nas horas da tarde, regressaremos ao hotel.<\/span><\/p>\n<p><strong>Condi\u00e7\u00f5es gerais:\u00a0<\/strong><\/p>\n<ul>\n<li><span data-contrast=\"auto\">Sa\u00eddas regulares<\/span><span data-contrast=\"auto\">: Seg, Qua e s\u00e1bados<\/span><span data-ccp-props=\"{&quot;201341983&quot;:0,&quot;335551550&quot;:6,&quot;335551620&quot;:6,&quot;335559740&quot;:276}\">\u00a0<\/span><\/li>\n<li><span data-contrast=\"auto\">Hora:<\/span><span data-contrast=\"auto\"> A partir das 07h30min hs at\u00e9 as 19hs<\/span><span data-ccp-props=\"{&quot;201341983&quot;:0,&quot;335551550&quot;:6,&quot;335551620&quot;:6,&quot;335559740&quot;:276}\">\u00a0<\/span><\/li>\n<li><span data-contrast=\"auto\">Dura\u00e7\u00e3o:<\/span><span data-contrast=\"auto\"> Dia completo \u2013 <strong>Opera: outubro a abril<\/strong><\/span><\/li>\n<li><span data-contrast=\"auto\">M\u00ednimo<\/span><span data-contrast=\"auto\">: 4 passageiros<\/span><span data-ccp-props=\"{&quot;201341983&quot;:0,&quot;335551550&quot;:6,&quot;335551620&quot;:6,&quot;335559740&quot;:276}\">\u00a0<\/span><\/li>\n<li>Dificuldade: Baixa<\/li>\n<li>Transporte: se realiza em caminh\u00e3o de 18 lugares, mas o m\u00e1ximo do passeio \u00e9 de 16 passageiros.<\/li>\n<\/ul>\n<p><strong>Observa\u00e7\u00f5es:\u00a0\u00a0<\/strong><\/p>\n<ul>\n<li><span data-ccp-props=\"{&quot;201341983&quot;:0,&quot;335551550&quot;:6,&quot;335551620&quot;:6,&quot;335559740&quot;:276}\">Mochila pr\u00f3pria para a caminhada, \u00e1gua extra, cal\u00e7a, mergulhador, jaqueta, cal\u00e7ado adequado para a caminhada e prote\u00e7\u00e3o para o sol (\u00f3culos de sol e protetor solar).<\/span><\/li>\n<li><span data-contrast=\"auto\">Levar identidade pessoal, dinheiro<\/span><\/li>\n<li><span data-contrast=\"auto\">\u00c9 necess\u00e1rio atividade f\u00edsica moderada<\/span><span data-ccp-props=\"{&quot;201341983&quot;:0,&quot;335551550&quot;:6,&quot;335551620&quot;:6,&quot;335559740&quot;:276}\">\u00a0<\/span><\/li>\n<\/ul>\n<p>&nbsp;<\/p>\n<p><strong>** <i>Pessoas com problemas card\u00edacos ou alguma outra patologia e mulheres cursando gravidez, consulte o seu m\u00e9dico, a altura m\u00e9dia \u00e9 entre 3000 a 4200 metros acima do n\u00edvel do mar, de acordo com a \u00e9poca do ano.<\/i>\u00a0<\/strong><\/p>\n<p><span data-ccp-props=\"{&quot;201341983&quot;:0,&quot;335551550&quot;:6,&quot;335551620&quot;:6,&quot;335559740&quot;:276}\">*<strong><em>*Os hor\u00e1rios detalhados acima podem ser modificados por conting\u00eancias clim\u00e1ticas do dia, cortes ou atraso na rota, entre outros fatores do ambiente.\u00a0<\/em><\/strong><\/span><\/p>\n<p><b><span data-contrast=\"none\">Nota: os passageiros hospedados fora do raio central, devem dirigir-se ao ponto indicado por Aymar\u00e1 Turismo<\/span><\/b><span data-ccp-props=\"{&quot;201341983&quot;:0,&quot;335551550&quot;:6,&quot;335551620&quot;:6,&quot;335559740&quot;:276}\">\u00a0<\/span><\/p>","protected":false},"excerpt":{"rendered":"<p>O\u00a0<b>Cerro Aconcagua<\/b>\u00a0es un referente indiscutido de la\u00a0<em><strong>c<\/strong><\/em><b>ordillera de los Andes\u00a0<\/b>y de\u00a0<b>Argentina<\/b>; es una visita obligada para\u00a0<b>andinistas\u00a0<\/b>y turistas de todo el mundo.<\/p>","protected":false},"featured_media":6375,"comment_status":"open","ping_status":"closed","template":"","meta":[],"product_brand":[],"product_cat":[246,56],"product_tag":[],"dias":[],"class_list":{"0":"post-6372","1":"product","2":"type-product","3":"status-publish","4":"has-post-thumbnail","6":"product_cat-mendoza","7":"product_cat-montana","9":"first","10":"instock","11":"shipping-taxable","12":"product-type-simple"},"booking_location":null,"booking_location_type":null,"booking_duration":null,"booking_duration_unit":null,"booking_buffer":null,"booking_cost":null,"booking_resources":null,"jetpack_sharing_enabled":true,"_links":{"self":[{"href":"https:\/\/aymaramendoza.com.ar\/pt\/wp-json\/wp\/v2\/product\/6372","targetHints":{"allow":["GET"]}}],"collection":[{"href":"https:\/\/aymaramendoza.com.ar\/pt\/wp-json\/wp\/v2\/product"}],"about":[{"href":"https:\/\/aymaramendoza.com.ar\/pt\/wp-json\/wp\/v2\/types\/product"}],"replies":[{"embeddable":true,"href":"https:\/\/aymaramendoza.com.ar\/pt\/wp-json\/wp\/v2\/comments?post=6372"}],"version-history":[{"count":3,"href":"https:\/\/aymaramendoza.com.ar\/pt\/wp-json\/wp\/v2\/product\/6372\/revisions"}],"predecessor-version":[{"id":6401,"href":"https:\/\/aymaramendoza.com.ar\/pt\/wp-json\/wp\/v2\/product\/6372\/revisions\/6401"}],"wp:featuredmedia":[{"embeddable":true,"href":"https:\/\/aymaramendoza.com.ar\/pt\/wp-json\/wp\/v2\/media\/6375"}],"wp:attachment":[{"href":"https:\/\/aymaramendoza.com.ar\/pt\/wp-json\/wp\/v2\/media?parent=6372"}],"wp:term":[{"taxonomy":"product_brand","embeddable":true,"href":"https:\/\/aymaramendoza.com.ar\/pt\/wp-json\/wp\/v2\/product_brand?post=6372"},{"taxonomy":"product_cat","embeddable":true,"href":"https:\/\/aymaramendoza.com.ar\/pt\/wp-json\/wp\/v2\/product_cat?post=6372"},{"taxonomy":"product_tag","embeddable":true,"href":"https:\/\/aymaramendoza.com.ar\/pt\/wp-json\/wp\/v2\/product_tag?post=6372"},{"taxonomy":"dias","embeddable":true,"href":"https:\/\/aymaramendoza.com.ar\/pt\/wp-json\/wp\/v2\/dias?post=6372"}],"curies":[{"name":"wp","href":"https:\/\/api.w.org\/{rel}","templated":true}]}}