{"id":6349,"date":"2024-09-25T11:35:44","date_gmt":"2024-09-25T14:35:44","guid":{"rendered":"https:\/\/aymaramendoza.com.ar\/?post_type=product&#038;p=6349"},"modified":"2024-10-03T11:52:17","modified_gmt":"2024-10-03T14:52:17","slug":"paquete-programa-de-lujo-con-alojamiento","status":"publish","type":"product","link":"https:\/\/aymaramendoza.com.ar\/pt\/servicios\/paquete-programa-de-lujo-con-alojamiento\/","title":{"rendered":"Pacote de Programa de Luxo \u2013 com Alojamento"},"content":{"rendered":"<p><strong><em>Pacote de Programa de Luxo \u2013 com Alojamento<\/em><\/strong><\/p>\n<p>Atividade com uma estadia de 6dias\/5noches<\/p>\n<p><b>1\u00ba\u00a0<em>Dia<\/em>\u00a0\u2013\u00a0<\/b>Recep\u00e7\u00e3o no aeroporto ou terminal de \u00f4nibus e traslado ao hotel. <span class=\"OYPEnA font-feature-liga-off font-feature-clig-off font-feature-calt-off text-decoration-none text-strikethrough-none\">\u00c0 tarde, visitaremos a cidade de Mendoza, uma das mais belas do pa\u00eds, onde nesta oportunidade passearemos pelos pontos mais importantes como a Pra\u00e7a da Independ\u00eancia, Parque Geral San Mart\u00edn, Morro da Gl\u00f3ria e do Teatro Grego Frank Romero Day, sede principal da conhecida Festa Nacional da Vindima.<\/span><\/p>\n<p><em><b>2\u00ba Dia \u2013 <\/b><\/em><span class=\"OYPEnA font-feature-liga-off font-feature-clig-off font-feature-calt-off text-decoration-none text-strikethrough-none\">Pequeno-almo\u00e7o. <\/span><span class=\"OYPEnA font-feature-liga-off font-feature-clig-off font-feature-calt-off text-decoration-none text-strikethrough-none\">Pela manh\u00e3, sa\u00edda do hotel em dire\u00e7\u00e3o ao o\u00e1sis agr\u00edcola central para visitar tr\u00eas adegas de nosso tour selecionado. Percorreremos as suas instala\u00e7\u00f5es e servi\u00e7os, teremos uma degusta\u00e7\u00e3o de seus vinhos e conheceremos o cuidado, a educa\u00e7\u00e3o e engarrafamento de seus sistemas de produ\u00e7\u00e3o de uvas e ao meio-dia<\/span><span class=\"OYPEnA font-feature-liga-off font-feature-clig-off font-feature-calt-off text-decoration-none text-strikethrough-none\">, desfrutar de um almo\u00e7o gourmet, onde praticaremos t\u00e9cnicas de degusta\u00e7\u00e3o. Pela tarde, regresso ao Hotel.\u00a0<\/span><\/p>\n<p><b>3\u00ba\u00a0<em>Dia \u2013 <\/em><\/b><span class=\"OYPEnA font-feature-liga-off font-feature-clig-off font-feature-calt-off text-decoration-none text-strikethrough-none\">Pequeno-almo\u00e7o. Sa\u00edda para o passeio de Alta Montanha de dia inteiro. <\/span><span class=\"OYPEnA font-feature-liga-off font-feature-clig-off font-feature-calt-off text-decoration-none text-strikethrough-none\">Pela manh\u00e3, n\u00f3s vamos busc\u00e1-lo de seu alojamento e nos dirigimos para a Rota 7, onde passaremos por paisagens como Potrerillos e Uspallata. Chegaremos ao centro de esqui Los Penitentes e, pouco depois, chegaremos a Ponte do Inca. Faremos uma parada no mirante do Aconc\u00e1gua para apreciar a paisagem. Por \u00faltimo, visitaremos o povo Das Cavernas. Pela tarde, regresso ao Hotel.\u00a0<\/span><\/p>\n<p><b>4\u00ba<em>\u00a0Dia<\/em> \u2013\u00a0<\/b><strong><span class=\"OYPEnA font-feature-liga-off font-feature-clig-off font-feature-calt-off text-decoration-none text-strikethrough-none\">Excurs\u00e3o opcional<\/span><\/strong> <span class=\"OYPEnA font-feature-liga-off font-feature-clig-off font-feature-calt-off text-decoration-none text-strikethrough-none\">\u2013 Os passageiros podem escolher uma das seguintes atividades:<\/span><\/p>\n<ul>\n<li><span class=\"OYPEnA font-feature-liga-off font-feature-clig-off font-feature-calt-off text-decoration-none text-strikethrough-none\">Passeio a Cavalo Beija-flor<\/span><\/li>\n<li><span class=\"OYPEnA font-feature-liga-off font-feature-clig-off font-feature-calt-off text-decoration-none text-strikethrough-none\">Dia completo de Spa no Hamam (Entrecielos)<\/span><\/li>\n<li><span class=\"OYPEnA font-feature-liga-off font-feature-clig-off font-feature-calt-off text-decoration-none text-strikethrough-none\">Passeio de Bal\u00e3o de ar quente. (Sujeito a disponibilidade e condi\u00e7\u00f5es meteorol\u00f3gicas).<\/span><\/li>\n<li><span class=\"OYPEnA font-feature-liga-off font-feature-clig-off font-feature-calt-off text-decoration-none text-strikethrough-none\">\u00c0 tarde, voltamos para a pousada no centro da cidade.<\/span><\/li>\n<\/ul>\n<p><b>5\u00ba<em> Dia <\/em><\/b><em><b>\u2013<\/b> <\/em><span class=\"OYPEnA font-feature-liga-off font-feature-clig-off font-feature-calt-off text-decoration-none text-strikethrough-none\">Pequeno-almo\u00e7o. <\/span><span class=\"OYPEnA font-feature-liga-off font-feature-clig-off font-feature-calt-off text-decoration-none text-strikethrough-none\">Pela manh\u00e3, nos dirigimos ao florescente o\u00e1sis do Vale de Uco, onde se encontram algumas das mais prestigiadas vin\u00edcolas produtoras de vinhos de alta gama, e a paisagem acrescenta um valor \u00fanico para este tour. Visitaremos tr\u00eas vin\u00edcolas selecionadas, onde exploraremos suas instala\u00e7\u00f5es, podem-se degustar seus vinhos e ao meio-dia, desfrutaremos de um almo\u00e7o gourmet, <\/span><span class=\"OYPEnA font-feature-liga-off font-feature-clig-off font-feature-calt-off text-decoration-none text-strikethrough-none\">praticaremos t\u00e9cnicas de degusta\u00e7\u00e3o, e podem-se degustar seus vinhos. \u00c0 tarde, voltamos para a pousada no centro da cidade.<\/span><\/p>\n<p><b>6\u00ba<em> Dia <\/em><\/b><em><b>\u2013 <\/b><\/em>Pequeno-almo\u00e7o e check out. Em hor\u00e1rio combinado, traslado do hotel para o aeroporto ou terminal de \u00f4nibus de Mendoza.<\/p>","protected":false},"excerpt":{"rendered":"<p>Un programa de lujo que combina la emoci\u00f3n de las actividades al aire libre con la sofisticaci\u00f3n de un alojamiento de lujo, visitas privadas a vi\u00f1edos y almuerzos gourmet, creando una experiencia estimulante como elegante en Mendoza.<\/p>","protected":false},"featured_media":6470,"comment_status":"open","ping_status":"closed","template":"","meta":[],"product_brand":[],"product_cat":[246,194],"product_tag":[],"dias":[],"class_list":{"0":"post-6349","1":"product","2":"type-product","3":"status-publish","4":"has-post-thumbnail","6":"product_cat-mendoza","7":"product_cat-paquetes","9":"first","10":"instock","11":"shipping-taxable","12":"product-type-simple"},"booking_location":null,"booking_location_type":null,"booking_duration":null,"booking_duration_unit":null,"booking_buffer":null,"booking_cost":null,"booking_resources":null,"jetpack_sharing_enabled":true,"_links":{"self":[{"href":"https:\/\/aymaramendoza.com.ar\/pt\/wp-json\/wp\/v2\/product\/6349","targetHints":{"allow":["GET"]}}],"collection":[{"href":"https:\/\/aymaramendoza.com.ar\/pt\/wp-json\/wp\/v2\/product"}],"about":[{"href":"https:\/\/aymaramendoza.com.ar\/pt\/wp-json\/wp\/v2\/types\/product"}],"replies":[{"embeddable":true,"href":"https:\/\/aymaramendoza.com.ar\/pt\/wp-json\/wp\/v2\/comments?post=6349"}],"version-history":[{"count":6,"href":"https:\/\/aymaramendoza.com.ar\/pt\/wp-json\/wp\/v2\/product\/6349\/revisions"}],"predecessor-version":[{"id":6471,"href":"https:\/\/aymaramendoza.com.ar\/pt\/wp-json\/wp\/v2\/product\/6349\/revisions\/6471"}],"wp:featuredmedia":[{"embeddable":true,"href":"https:\/\/aymaramendoza.com.ar\/pt\/wp-json\/wp\/v2\/media\/6470"}],"wp:attachment":[{"href":"https:\/\/aymaramendoza.com.ar\/pt\/wp-json\/wp\/v2\/media?parent=6349"}],"wp:term":[{"taxonomy":"product_brand","embeddable":true,"href":"https:\/\/aymaramendoza.com.ar\/pt\/wp-json\/wp\/v2\/product_brand?post=6349"},{"taxonomy":"product_cat","embeddable":true,"href":"https:\/\/aymaramendoza.com.ar\/pt\/wp-json\/wp\/v2\/product_cat?post=6349"},{"taxonomy":"product_tag","embeddable":true,"href":"https:\/\/aymaramendoza.com.ar\/pt\/wp-json\/wp\/v2\/product_tag?post=6349"},{"taxonomy":"dias","embeddable":true,"href":"https:\/\/aymaramendoza.com.ar\/pt\/wp-json\/wp\/v2\/dias?post=6349"}],"curies":[{"name":"wp","href":"https:\/\/api.w.org\/{rel}","templated":true}]}}