{"id":6339,"date":"2024-09-12T10:50:31","date_gmt":"2024-09-12T13:50:31","guid":{"rendered":"https:\/\/aymaramendoza.com.ar\/?post_type=product&#038;p=6339"},"modified":"2024-09-12T10:59:28","modified_gmt":"2024-09-12T13:59:28","slug":"paquete-mendoza-a-caballo-con-alojamiento","status":"publish","type":"product","link":"https:\/\/aymaramendoza.com.ar\/pt\/servicios\/paquete-mendoza-a-caballo-con-alojamiento\/","title":{"rendered":"Pacote Mendoza a Cavalo \u2013 com Alojamento"},"content":{"rendered":"<p><em><strong>Pacote Mendoza a Cavalo \u2013 com Alojamento<\/strong><\/em><\/p>\n<p>Atividade com uma estadia de 4dias\/3 noites<\/p>\n<p>Vivi uma experi\u00eancia inesquec\u00edvel em uma cavalgada por rios e vales, com vista para a imponente Cordilheira dos Andes iluminada com as cores do p\u00f4r-do-sol. Um espet\u00e1culo natural \u00fanico, \u00e9 o que oferece este pacote que inclui:<\/p>\n<p><b>1\u00ba\u00a0<em>Dia<\/em>\u00a0\u2013\u00a0<\/b>Recep\u00e7\u00e3o no aeroporto ou terminal de \u00f4nibus e traslado ao hotel.<\/p>\n<p><em><b>2\u00ba Dia \u2013\u00a0<\/b><\/em>Pequeno-almo\u00e7o. <span class=\"OYPEnA font-feature-liga-off font-feature-clig-off font-feature-calt-off text-decoration-none text-strikethrough-none\">Manh\u00e3 livre. <\/span><span class=\"OYPEnA font-feature-liga-off font-feature-clig-off font-feature-calt-off text-decoration-none text-strikethrough-none\">\u00c0 tarde, partiremos para a cidade de Mendoza, com destino a S\u00e3o paulo (sp), a apenas 20 minutos da cidade de Mendoza. Chegaremos \u00e0 base, onde nos aguardam os guias, ao lado de cavalos aparelhados para come\u00e7ar nossa viagem. De l\u00e1 partiremos para o rio, apreciando a flora e fauna local, na primeira zona vitivin\u00edcola, com vistas panor\u00e2micas sobre a Cordilheira Dos Andes. <\/span><span class=\"OYPEnA font-feature-liga-off font-feature-clig-off font-feature-calt-off text-decoration-none text-strikethrough-none\">Depois de 2 horas de cavalgada, finalizaremos o dia com um churrasco t\u00edpico crioulo, acompanhado de vinhos regionais.<\/span><\/p>\n<p><b>3\u00ba\u00a0<em>Dia \u2013<\/em>\u00a0<\/b>Pequeno-almo\u00e7o. <span class=\"OYPEnA font-feature-liga-off font-feature-clig-off font-feature-calt-off text-decoration-none text-strikethrough-none\">Na parte da manh\u00e3 teremos tempo livre para percorrer as ruas da Cidade. <\/span><span class=\"OYPEnA font-feature-liga-off font-feature-clig-off font-feature-calt-off text-decoration-none text-strikethrough-none\">\u00c0 tarde, sa\u00edda para o o\u00e1sis vitivin\u00edcola de mendoza para as Adegas e oliva, visitando 2 vin\u00edcolas e provar os seus vinhos. Aprenderemos sobre os vinhos mendocinos, seus processos de elabora\u00e7\u00e3o e os sistemas de condu\u00e7\u00e3o da vid. <\/span><span class=\"OYPEnA font-feature-liga-off font-feature-clig-off font-feature-calt-off text-decoration-none text-strikethrough-none\">Posteriormente, visita a uma f\u00e1brica de \u00f3leo de oliva, onde podemos observar o processo de elabora\u00e7\u00e3o deste produto.<\/span><\/p>\n<p><b>4\u00ba<em>\u00a0Dia<\/em>\u00a0\u2013\u00a0<\/b>Pequeno-almo\u00e7o e check out. Em hor\u00e1rio combinado, traslado do hotel para o aeroporto ou terminal de \u00f4nibus de Mendoza.<\/p>","protected":false},"excerpt":{"rendered":"<p>Um pacote que lhe oferece uma experi\u00eancia inesquec\u00edvel em uma cabalgara ao p\u00f4r-do-sol por rios, com uma vista para a imponente Cordilheira dos Andes.<\/p>","protected":false},"featured_media":6343,"comment_status":"open","ping_status":"closed","template":"","meta":[],"product_brand":[],"product_cat":[246,194],"product_tag":[],"dias":[],"class_list":{"0":"post-6339","1":"product","2":"type-product","3":"status-publish","4":"has-post-thumbnail","6":"product_cat-mendoza","7":"product_cat-paquetes","9":"first","10":"instock","11":"shipping-taxable","12":"product-type-simple"},"booking_location":null,"booking_location_type":null,"booking_duration":null,"booking_duration_unit":null,"booking_buffer":null,"booking_cost":null,"booking_resources":null,"jetpack_sharing_enabled":true,"_links":{"self":[{"href":"https:\/\/aymaramendoza.com.ar\/pt\/wp-json\/wp\/v2\/product\/6339","targetHints":{"allow":["GET"]}}],"collection":[{"href":"https:\/\/aymaramendoza.com.ar\/pt\/wp-json\/wp\/v2\/product"}],"about":[{"href":"https:\/\/aymaramendoza.com.ar\/pt\/wp-json\/wp\/v2\/types\/product"}],"replies":[{"embeddable":true,"href":"https:\/\/aymaramendoza.com.ar\/pt\/wp-json\/wp\/v2\/comments?post=6339"}],"version-history":[{"count":1,"href":"https:\/\/aymaramendoza.com.ar\/pt\/wp-json\/wp\/v2\/product\/6339\/revisions"}],"predecessor-version":[{"id":6340,"href":"https:\/\/aymaramendoza.com.ar\/pt\/wp-json\/wp\/v2\/product\/6339\/revisions\/6340"}],"wp:featuredmedia":[{"embeddable":true,"href":"https:\/\/aymaramendoza.com.ar\/pt\/wp-json\/wp\/v2\/media\/6343"}],"wp:attachment":[{"href":"https:\/\/aymaramendoza.com.ar\/pt\/wp-json\/wp\/v2\/media?parent=6339"}],"wp:term":[{"taxonomy":"product_brand","embeddable":true,"href":"https:\/\/aymaramendoza.com.ar\/pt\/wp-json\/wp\/v2\/product_brand?post=6339"},{"taxonomy":"product_cat","embeddable":true,"href":"https:\/\/aymaramendoza.com.ar\/pt\/wp-json\/wp\/v2\/product_cat?post=6339"},{"taxonomy":"product_tag","embeddable":true,"href":"https:\/\/aymaramendoza.com.ar\/pt\/wp-json\/wp\/v2\/product_tag?post=6339"},{"taxonomy":"dias","embeddable":true,"href":"https:\/\/aymaramendoza.com.ar\/pt\/wp-json\/wp\/v2\/dias?post=6339"}],"curies":[{"name":"wp","href":"https:\/\/api.w.org\/{rel}","templated":true}]}}