{"id":6316,"date":"2024-09-11T10:43:53","date_gmt":"2024-09-11T13:43:53","guid":{"rendered":"https:\/\/aymaramendoza.com.ar\/?post_type=product&#038;p=6316"},"modified":"2024-09-11T10:45:01","modified_gmt":"2024-09-11T13:45:01","slug":"paquete-termas-y-bodegas-con-alojamiento","status":"publish","type":"product","link":"https:\/\/aymaramendoza.com.ar\/pt\/servicios\/paquete-termas-y-bodegas-con-alojamiento\/","title":{"rendered":"Pacote Termas e Adegas \u2013 com Alojamento"},"content":{"rendered":"<p><em><strong>Pacote Termas e Adegas \u2013 com Alojamento\u00a0<\/strong><\/em><\/p>\n<p>Atividade com uma estadia de 4 dias\/3 noites<\/p>\n<p>Descubra os segredos da vitivinicultura mendocina, visitando as vin\u00edcolas mais prestigiadas da regi\u00e3o, onde poder\u00e1 degustar os melhores vinhos. E para completar a experi\u00eancia, desfrute de um dia de relaxar nas \u00e1guas termais de Cacheuta, rodeado de um ambiente natural deslumbrante.<\/p>\n<p><b>1\u00ba\u00a0<em>Dia<\/em>\u00a0\u2013\u00a0<\/b>Recep\u00e7\u00e3o no aeroporto ou terminal de \u00f4nibus e traslado ao hotel.<\/p>\n<p><em><b>2\u00ba Dia \u2013\u00a0<\/b><\/em>Pequeno-almo\u00e7o. <span class=\"OYPEnA font-feature-liga-off font-feature-clig-off font-feature-calt-off text-decoration-none text-strikethrough-none\">Nas primeiras horas da manh\u00e3 executar\u00e1 o curso para conhecer Mendoza produtiva, em primeiro lugar, visitar uma adega especializada na elabora\u00e7\u00e3o de vinhos, onde poderemos conhecer os diferentes processos de elabora\u00e7\u00e3o e concluir o curso com uma degusta\u00e7\u00e3o do produto acabado, em seguida, nos dirigimos a outra adega e desfrutaremos de um almo\u00e7o maridado com os seus vinhos.<\/span><\/p>\n<p><b>3\u00ba\u00a0<em>Dia \u2013<\/em>\u00a0<\/b>Pequeno-almo\u00e7o. <span class=\"OYPEnA font-feature-liga-off font-feature-clig-off font-feature-calt-off text-decoration-none text-strikethrough-none\">Nas primeiras horas da manh\u00e3, nos dirigimos ao Hotel Termas de Cacheuta para desfrutar de um dia de Relaxar em \u00e1guas termais que nos oferece o Circuito encalhado em plena cordilheira. <\/span><span class=\"OYPEnA font-feature-liga-off font-feature-clig-off font-feature-calt-off text-decoration-none text-strikethrough-none\">Ao meio-dia desfrutaremos de um Almo\u00e7o em sitema de Buffet, sem incluir as bebidas.<\/span><\/p>\n<p><b>4\u00ba<em>\u00a0Dia<\/em>\u00a0\u2013\u00a0<\/b>Pequeno-almo\u00e7o e check out. Em hor\u00e1rio combinado, traslado do hotel para o aeroporto ou terminal de \u00f4nibus de Mendoza.<\/p>\n<p>&nbsp;<\/p>","protected":false},"excerpt":{"rendered":"<p>Descubra os segredos da vitivinicultura mendocina, visitando as vin\u00edcolas mais prestigiadas da regi\u00e3o. Complementalo com um dia de relaxar nas \u00e1guas termais de Cacheuta, rodeado de um ambiente natural deslumbrante.<\/p>","protected":false},"featured_media":6318,"comment_status":"open","ping_status":"closed","template":"","meta":[],"product_brand":[],"product_cat":[246,194],"product_tag":[],"dias":[],"class_list":{"0":"post-6316","1":"product","2":"type-product","3":"status-publish","4":"has-post-thumbnail","6":"product_cat-mendoza","7":"product_cat-paquetes","9":"first","10":"instock","11":"shipping-taxable","12":"product-type-simple"},"booking_location":null,"booking_location_type":null,"booking_duration":null,"booking_duration_unit":null,"booking_buffer":null,"booking_cost":null,"booking_resources":null,"jetpack_sharing_enabled":true,"_links":{"self":[{"href":"https:\/\/aymaramendoza.com.ar\/pt\/wp-json\/wp\/v2\/product\/6316","targetHints":{"allow":["GET"]}}],"collection":[{"href":"https:\/\/aymaramendoza.com.ar\/pt\/wp-json\/wp\/v2\/product"}],"about":[{"href":"https:\/\/aymaramendoza.com.ar\/pt\/wp-json\/wp\/v2\/types\/product"}],"replies":[{"embeddable":true,"href":"https:\/\/aymaramendoza.com.ar\/pt\/wp-json\/wp\/v2\/comments?post=6316"}],"version-history":[{"count":1,"href":"https:\/\/aymaramendoza.com.ar\/pt\/wp-json\/wp\/v2\/product\/6316\/revisions"}],"predecessor-version":[{"id":6319,"href":"https:\/\/aymaramendoza.com.ar\/pt\/wp-json\/wp\/v2\/product\/6316\/revisions\/6319"}],"wp:featuredmedia":[{"embeddable":true,"href":"https:\/\/aymaramendoza.com.ar\/pt\/wp-json\/wp\/v2\/media\/6318"}],"wp:attachment":[{"href":"https:\/\/aymaramendoza.com.ar\/pt\/wp-json\/wp\/v2\/media?parent=6316"}],"wp:term":[{"taxonomy":"product_brand","embeddable":true,"href":"https:\/\/aymaramendoza.com.ar\/pt\/wp-json\/wp\/v2\/product_brand?post=6316"},{"taxonomy":"product_cat","embeddable":true,"href":"https:\/\/aymaramendoza.com.ar\/pt\/wp-json\/wp\/v2\/product_cat?post=6316"},{"taxonomy":"product_tag","embeddable":true,"href":"https:\/\/aymaramendoza.com.ar\/pt\/wp-json\/wp\/v2\/product_tag?post=6316"},{"taxonomy":"dias","embeddable":true,"href":"https:\/\/aymaramendoza.com.ar\/pt\/wp-json\/wp\/v2\/dias?post=6316"}],"curies":[{"name":"wp","href":"https:\/\/api.w.org\/{rel}","templated":true}]}}