{"id":6283,"date":"2024-09-09T11:27:42","date_gmt":"2024-09-09T14:27:42","guid":{"rendered":"https:\/\/aymaramendoza.com.ar\/?post_type=product&#038;p=6283"},"modified":"2024-10-09T11:28:15","modified_gmt":"2024-10-09T14:28:15","slug":"diques-y-quebradas-con-almuerzo-en-bodega","status":"publish","type":"product","link":"https:\/\/aymaramendoza.com.ar\/pt\/servicios\/diques-y-quebradas-con-almuerzo-en-bodega\/","title":{"rendered":"Diques e Quebradas almo\u00e7o na Adega"},"content":{"rendered":"<p><span style=\"font-weight: 400;\">Come\u00e7aremos com uma vista panor\u00e2mica da cidade. Transporte por nossa avenida central, para inaugurar a Quebrada de Zonda, O Jardim dos Poetas, visitaremos tamb\u00e9m a f\u00e1brica de \u00f3leo de oliva &#034;Campos de Oliveira&#034;. Por um caminho r\u00e1pido e seguro, chegaremos at\u00e9 os mirantes do Dique Ponta Negra, onde poderemos ter uma vista ampla da magnitude desta magn\u00edfica obra.\u00a0<\/span><\/p>\n<p><span style=\"font-weight: 400;\">Ao retornar, visitaremos a Vin\u00edcola Finca Serras Azuis, rodeada de uma paisagem serrano. Ocorrerem em seus cantos, com uma visita guiada e lhes oferecer\u00e1 um almo\u00e7o com pratos gourmet e produtos regionais, acompanhado de seus vinhos. Ser\u00e1 um prazer para o paladar, e at\u00e9 mesmo o visual ao contemplar a magnific\u00eancia do seu ambiente de serras e montanhas, um fechamento perfeito para esta incr\u00edvel experi\u00eancia. Ap\u00f3s, voltaremos ao Hotel.\u00a0<\/span><\/p>\n<p><strong>Sa\u00eddas regulares: <\/strong><span style=\"font-weight: 400;\">Sex, sab e dom.\u00a0\u00a0<\/span><\/p>\n<p><strong>Hora: <\/strong><span style=\"font-weight: 400;\">a partir das 09.30 hs \/ Retorno: 16h aprox\u00a0<\/span><\/p>\n<p><strong>Dura\u00e7\u00e3o<\/strong><span style=\"font-weight: 400;\">: meio-dia \u00e0 tarde \u2013 sa\u00eddas durante todo o ano\u00a0<\/span><\/p>\n<p><span style=\"font-weight: 400;\"><strong>Observa\u00e7\u00f5es<\/strong>: <\/span><span style=\"font-weight: 400;\">sujeito a estado da rota<\/span><\/p>","protected":false},"excerpt":{"rendered":"<p>Um verdadeiro para\u00edso natural que oferece uma experi\u00eancia inesquec\u00edvel para os visitantes, rodeado de majestosas montanhas, vales e rios.<\/p>","protected":false},"featured_media":6284,"comment_status":"open","ping_status":"closed","template":"","meta":[],"product_brand":[],"product_cat":[100,101],"product_tag":[],"dias":[],"class_list":{"0":"post-6283","1":"product","2":"type-product","3":"status-publish","4":"has-post-thumbnail","6":"product_cat-naturaleza","7":"product_cat-san-juan","9":"first","10":"instock","11":"shipping-taxable","12":"product-type-simple"},"booking_location":null,"booking_location_type":null,"booking_duration":null,"booking_duration_unit":null,"booking_buffer":null,"booking_cost":null,"booking_resources":null,"jetpack_sharing_enabled":true,"_links":{"self":[{"href":"https:\/\/aymaramendoza.com.ar\/pt\/wp-json\/wp\/v2\/product\/6283","targetHints":{"allow":["GET"]}}],"collection":[{"href":"https:\/\/aymaramendoza.com.ar\/pt\/wp-json\/wp\/v2\/product"}],"about":[{"href":"https:\/\/aymaramendoza.com.ar\/pt\/wp-json\/wp\/v2\/types\/product"}],"replies":[{"embeddable":true,"href":"https:\/\/aymaramendoza.com.ar\/pt\/wp-json\/wp\/v2\/comments?post=6283"}],"version-history":[{"count":1,"href":"https:\/\/aymaramendoza.com.ar\/pt\/wp-json\/wp\/v2\/product\/6283\/revisions"}],"predecessor-version":[{"id":6285,"href":"https:\/\/aymaramendoza.com.ar\/pt\/wp-json\/wp\/v2\/product\/6283\/revisions\/6285"}],"wp:featuredmedia":[{"embeddable":true,"href":"https:\/\/aymaramendoza.com.ar\/pt\/wp-json\/wp\/v2\/media\/6284"}],"wp:attachment":[{"href":"https:\/\/aymaramendoza.com.ar\/pt\/wp-json\/wp\/v2\/media?parent=6283"}],"wp:term":[{"taxonomy":"product_brand","embeddable":true,"href":"https:\/\/aymaramendoza.com.ar\/pt\/wp-json\/wp\/v2\/product_brand?post=6283"},{"taxonomy":"product_cat","embeddable":true,"href":"https:\/\/aymaramendoza.com.ar\/pt\/wp-json\/wp\/v2\/product_cat?post=6283"},{"taxonomy":"product_tag","embeddable":true,"href":"https:\/\/aymaramendoza.com.ar\/pt\/wp-json\/wp\/v2\/product_tag?post=6283"},{"taxonomy":"dias","embeddable":true,"href":"https:\/\/aymaramendoza.com.ar\/pt\/wp-json\/wp\/v2\/dias?post=6283"}],"curies":[{"name":"wp","href":"https:\/\/api.w.org\/{rel}","templated":true}]}}