{"id":6260,"date":"2024-08-29T11:12:21","date_gmt":"2024-08-29T14:12:21","guid":{"rendered":"https:\/\/aymaramendoza.com.ar\/?post_type=product&#038;p=6260"},"modified":"2024-09-10T09:34:48","modified_gmt":"2024-09-10T12:34:48","slug":"paquete-mendoza-clasica-s-alojamiento","status":"publish","type":"product","link":"https:\/\/aymaramendoza.com.ar\/pt\/servicios\/paquete-mendoza-clasica-s-alojamiento\/","title":{"rendered":"PACOTE MENDOZA CL\u00c1SSICA \u2013 sem Alojamento"},"content":{"rendered":"<p><em><strong>Pacote Mendoza Cl\u00e1ssica, sem Alojamento.\u00a0<\/strong><\/em><\/p>\n<p>Atividades 4 dias \/3 noites<\/p>\n<p>Experimente a verdadeira ess\u00eancia de Mendoza em um pacote cl\u00e1ssico e personalizado \u00e0 sua medida, que inclui:<\/p>\n<ul>\n<li><span style=\"font-weight: 400;\">Transfer in\/out aeroporto ou terminal de \u00f4nibus e traslado ao hotel.<\/span><\/li>\n<li>Excurs\u00e3o pela Cidade e Arredores em regular. Onde visitaremos a Cidade de Mendoza, uma das mais belas do pa\u00eds. Come\u00e7ando pela cidade antiga, local onde foi fundada, passando pela Alameda, cidade com Pra\u00e7a de Independ\u00eancia e seus quatro pra\u00e7as sat\u00e9lites, Bairro C\u00edvico, e, em seguida, o majestoso Parque General San Martin com o Cerro de la Gloria, Est\u00e1dio Mundialista e Teatro Grego Frank Romero Day, cen\u00e1rio do ato central de reconhecida a Festa Nacional da Vindima.<\/li>\n<li>As Adegas e as Azeitonas em uma base regular. Aqui visitaremos 2 edif\u00edcios, um industrial e de uma fam\u00edlia, onde aprenderemos sobre os vinhos mendocinos, seus processos de elabora\u00e7\u00e3o, e experimente os mesmos. Mais tarde, visitaremos uma f\u00e1brica de \u00f3leo de oliva, onde podemos observar o processo de elabora\u00e7\u00e3o deste produto.\u00a0 <i>Observa\u00e7\u00f5es: as adegas e oliv\u00edcola N\u00c3O s\u00e3o \u00e0 escolha do passageiro<\/i><\/li>\n<\/ul>\n<p>&nbsp;<\/p>\n<p><span style=\"font-weight: 400;\"><strong>Nota:<\/strong> <strong>N\u00e3o inclui hospedagem<\/strong> (requer o m\u00ednimo de 03 noites, ver os melhores pre\u00e7os em Tarifas de HOT\u00c9IS, de acordo com a temporada.\u00a0<\/span><\/p>\n<p>&nbsp;<\/p>","protected":false},"excerpt":{"rendered":"<p>Experimente a verdadeira ess\u00eancia de Mendoza em um pacote cl\u00e1ssico e personalizada \u00e0 sua medida.<\/p>","protected":false},"featured_media":5999,"comment_status":"open","ping_status":"closed","template":"","meta":[],"product_brand":[],"product_cat":[246,194],"product_tag":[],"dias":[],"class_list":{"0":"post-6260","1":"product","2":"type-product","3":"status-publish","4":"has-post-thumbnail","6":"product_cat-mendoza","7":"product_cat-paquetes","9":"first","10":"instock","11":"shipping-taxable","12":"product-type-simple"},"booking_location":null,"booking_location_type":null,"booking_duration":null,"booking_duration_unit":null,"booking_buffer":null,"booking_cost":null,"booking_resources":null,"jetpack_sharing_enabled":true,"_links":{"self":[{"href":"https:\/\/aymaramendoza.com.ar\/pt\/wp-json\/wp\/v2\/product\/6260","targetHints":{"allow":["GET"]}}],"collection":[{"href":"https:\/\/aymaramendoza.com.ar\/pt\/wp-json\/wp\/v2\/product"}],"about":[{"href":"https:\/\/aymaramendoza.com.ar\/pt\/wp-json\/wp\/v2\/types\/product"}],"replies":[{"embeddable":true,"href":"https:\/\/aymaramendoza.com.ar\/pt\/wp-json\/wp\/v2\/comments?post=6260"}],"version-history":[{"count":5,"href":"https:\/\/aymaramendoza.com.ar\/pt\/wp-json\/wp\/v2\/product\/6260\/revisions"}],"predecessor-version":[{"id":6295,"href":"https:\/\/aymaramendoza.com.ar\/pt\/wp-json\/wp\/v2\/product\/6260\/revisions\/6295"}],"wp:featuredmedia":[{"embeddable":true,"href":"https:\/\/aymaramendoza.com.ar\/pt\/wp-json\/wp\/v2\/media\/5999"}],"wp:attachment":[{"href":"https:\/\/aymaramendoza.com.ar\/pt\/wp-json\/wp\/v2\/media?parent=6260"}],"wp:term":[{"taxonomy":"product_brand","embeddable":true,"href":"https:\/\/aymaramendoza.com.ar\/pt\/wp-json\/wp\/v2\/product_brand?post=6260"},{"taxonomy":"product_cat","embeddable":true,"href":"https:\/\/aymaramendoza.com.ar\/pt\/wp-json\/wp\/v2\/product_cat?post=6260"},{"taxonomy":"product_tag","embeddable":true,"href":"https:\/\/aymaramendoza.com.ar\/pt\/wp-json\/wp\/v2\/product_tag?post=6260"},{"taxonomy":"dias","embeddable":true,"href":"https:\/\/aymaramendoza.com.ar\/pt\/wp-json\/wp\/v2\/dias?post=6260"}],"curies":[{"name":"wp","href":"https:\/\/api.w.org\/{rel}","templated":true}]}}