{"id":6230,"date":"2024-08-28T09:59:27","date_gmt":"2024-08-28T12:59:27","guid":{"rendered":"https:\/\/aymaramendoza.com.ar\/?post_type=product&#038;p=6230"},"modified":"2024-10-24T11:08:53","modified_gmt":"2024-10-24T14:08:53","slug":"tour-organico-biodinamico","status":"publish","type":"product","link":"https:\/\/aymaramendoza.com.ar\/pt\/servicios\/tour-organico-biodinamico\/","title":{"rendered":"TOUR ORG\u00c2NICO\/BIODINAMICO"},"content":{"rendered":"<p><b><span data-contrast=\"auto\">Tour Org\u00e2nico\/Biodin\u00e2mico\u00a0<\/span><\/b><span data-ccp-props=\"{&quot;201341983&quot;:0,&quot;335559740&quot;:276}\">\u00a0<\/span><\/p>\n<p><span data-contrast=\"auto\">(Visita \u00e0 Adega Cecchin + visita com piquenique no Por\u00e3o Alpamanta)<\/span><span data-ccp-props=\"{&quot;201341983&quot;:0,&quot;335559740&quot;:276}\">\u00a0<\/span><\/p>\n<p><span data-contrast=\"auto\">Conceber um vinho org\u00e2nico, \u00e9 propiciar um cen\u00e1rio de harmonia natural, onde as videiras convivem com ervas e \u00e1rvores de fruto, favorecendo o equil\u00edbrio ecol\u00f3gico. Nossa terra suporta uma rica e plural vegeta\u00e7\u00e3o que floresce sobre um solo livre de qu\u00edmicos.\u00a0<\/span><span data-contrast=\"auto\">Pioneiros na produ\u00e7\u00e3o de vinhos org\u00e2nicos e naturais, essas duas adegas, nos convidam a descobrir a arte por tr\u00e1s de seus vinhos em uma experi\u00eancia \u00fanica e aut\u00eantica.\u00a0<\/span><span data-ccp-props=\"{&quot;201341983&quot;:0,&quot;335559685&quot;:0,&quot;335559740&quot;:276}\">\u00a0<\/span><\/p>\n<p><span data-contrast=\"auto\">Rumo ao o\u00e1sis agr\u00edcola central, visitaremos a Vin\u00edcola Cecchin, para visitar suas instala\u00e7\u00f5es e vinhedos, aprender com o processo de elabora\u00e7\u00e3o de vinhos org\u00e2nicos e naturais. <\/span><span data-ccp-props=\"{&quot;134233117&quot;:false,&quot;134233118&quot;:false,&quot;201341983&quot;:0,&quot;335559738&quot;:0,&quot;335559739&quot;:0,&quot;335559740&quot;:276}\">\u00a0<\/span><span data-contrast=\"auto\">J\u00e1 ao meio-dia, visitaremos a Vin\u00edcola Alpamanta onde percorreremos as suas instala\u00e7\u00f5es com uma vista fant\u00e1stica para o Cord\u00e3o de Prata, para, em seguida, desfrutar de um piquenique encantador com a degusta\u00e7\u00e3o de seus vinhos org\u00e2nicos.\u00a0<\/span><span data-ccp-props=\"{&quot;134233117&quot;:false,&quot;134233118&quot;:false,&quot;201341983&quot;:0,&quot;335559738&quot;:0,&quot;335559739&quot;:0,&quot;335559740&quot;:276}\">\u00a0<\/span><\/p>\n<p><strong>Sa\u00eddas<\/strong><span data-contrast=\"auto\"><strong>:<\/strong> Seg a S\u00e1b<\/span><span data-ccp-props=\"{&quot;201341983&quot;:0,&quot;335559740&quot;:276}\">\u00a0<\/span><\/p>\n<p><strong>Hora:<\/strong><span data-contrast=\"auto\"> a partir das 08:30 hs<\/span><span data-ccp-props=\"{&quot;201341983&quot;:0,&quot;335559740&quot;:276}\">\u00a0<\/span><\/p>\n<p><strong>Dura\u00e7\u00e3o<\/strong><span data-contrast=\"auto\"><strong>:<\/strong> Todo o dia \u2013 sa\u00eddas durante todo o ano.<\/span><span data-ccp-props=\"{&quot;201341983&quot;:0,&quot;335559740&quot;:276}\">\u00a0<\/span><\/p>\n<p><span data-ccp-props=\"{&quot;201341983&quot;:0,&quot;335559740&quot;:276}\">\u00a0<\/span><\/p>\n<p>&nbsp;<\/p>\n<p><strong>Observa\u00e7\u00f5es<\/strong><span data-contrast=\"auto\">: adegas sujeitas a disponibilidade.\u00a0<\/span><span data-ccp-props=\"{&quot;201341983&quot;:0,&quot;335559740&quot;:276}\">\u00a0<\/span><\/p>\n<p><strong><i>Nota: os passageiros hospedados fora do raio central, consulte tarifas e modalidade<\/i>\u00a0<\/strong><\/p>\n<p><span data-ccp-props=\"{&quot;201341983&quot;:0,&quot;335559740&quot;:276}\">\u00a0<\/span><\/p>","protected":false},"excerpt":{"rendered":"<p><span data-contrast=\"auto\">Pioneiros na produ\u00e7\u00e3o de vinhos org\u00e2nicos e naturais, essas duas adegas, nos convidam a descobrir a arte por tr\u00e1s de seus vinhos em uma experi\u00eancia \u00fanica e aut\u00eantica.<\/span><\/p>","protected":false},"featured_media":6231,"comment_status":"open","ping_status":"closed","template":"","meta":[],"product_brand":[],"product_cat":[20,246],"product_tag":[],"dias":[],"class_list":{"0":"post-6230","1":"product","2":"type-product","3":"status-publish","4":"has-post-thumbnail","6":"product_cat-bodegas","7":"product_cat-mendoza","9":"first","10":"instock","11":"shipping-taxable","12":"product-type-simple"},"booking_location":null,"booking_location_type":null,"booking_duration":null,"booking_duration_unit":null,"booking_buffer":null,"booking_cost":null,"booking_resources":null,"jetpack_sharing_enabled":true,"_links":{"self":[{"href":"https:\/\/aymaramendoza.com.ar\/pt\/wp-json\/wp\/v2\/product\/6230","targetHints":{"allow":["GET"]}}],"collection":[{"href":"https:\/\/aymaramendoza.com.ar\/pt\/wp-json\/wp\/v2\/product"}],"about":[{"href":"https:\/\/aymaramendoza.com.ar\/pt\/wp-json\/wp\/v2\/types\/product"}],"replies":[{"embeddable":true,"href":"https:\/\/aymaramendoza.com.ar\/pt\/wp-json\/wp\/v2\/comments?post=6230"}],"version-history":[{"count":1,"href":"https:\/\/aymaramendoza.com.ar\/pt\/wp-json\/wp\/v2\/product\/6230\/revisions"}],"predecessor-version":[{"id":6232,"href":"https:\/\/aymaramendoza.com.ar\/pt\/wp-json\/wp\/v2\/product\/6230\/revisions\/6232"}],"wp:featuredmedia":[{"embeddable":true,"href":"https:\/\/aymaramendoza.com.ar\/pt\/wp-json\/wp\/v2\/media\/6231"}],"wp:attachment":[{"href":"https:\/\/aymaramendoza.com.ar\/pt\/wp-json\/wp\/v2\/media?parent=6230"}],"wp:term":[{"taxonomy":"product_brand","embeddable":true,"href":"https:\/\/aymaramendoza.com.ar\/pt\/wp-json\/wp\/v2\/product_brand?post=6230"},{"taxonomy":"product_cat","embeddable":true,"href":"https:\/\/aymaramendoza.com.ar\/pt\/wp-json\/wp\/v2\/product_cat?post=6230"},{"taxonomy":"product_tag","embeddable":true,"href":"https:\/\/aymaramendoza.com.ar\/pt\/wp-json\/wp\/v2\/product_tag?post=6230"},{"taxonomy":"dias","embeddable":true,"href":"https:\/\/aymaramendoza.com.ar\/pt\/wp-json\/wp\/v2\/dias?post=6230"}],"curies":[{"name":"wp","href":"https:\/\/api.w.org\/{rel}","templated":true}]}}