{"id":6098,"date":"2024-08-13T11:05:58","date_gmt":"2024-08-13T14:05:58","guid":{"rendered":"https:\/\/aymaramendoza.com.ar\/?post_type=product&#038;p=6098"},"modified":"2024-08-28T11:07:24","modified_gmt":"2024-08-28T14:07:24","slug":"wine-and-bike-experiencia-lujan-de-cuyo-medio-dia-opcion-3","status":"publish","type":"product","link":"https:\/\/aymaramendoza.com.ar\/pt\/servicios\/wine-and-bike-experiencia-lujan-de-cuyo-medio-dia-opcion-3\/","title":{"rendered":"Wine and Bike \u2013 Experi\u00eancia Luj\u00e1n de Cuyo \u2013 Meio Dia (Op\u00e7\u00e3o 3)"},"content":{"rendered":"<p><b><span data-contrast=\"auto\">Op\u00e7\u00e3o 3<\/span><\/b><span data-contrast=\"auto\">\u00a0<\/span><span data-ccp-props=\"{&quot;201341983&quot;:0,&quot;335551550&quot;:6,&quot;335551620&quot;:6,&quot;335557856&quot;:16777215,&quot;335559740&quot;:276}\">\u00a0<\/span><\/p>\n<p><span data-contrast=\"auto\">Nesta experi\u00eancia, exploramos as belas ruas de Luj\u00e1n de Cuyo, com 3 paradas para visitar e saborear em 2 adegas. Tamb\u00e9m inclui um almo\u00e7o de 4 passos maridados.\u00a0 \u00a0<\/span><\/p>\n<p><span data-contrast=\"auto\">Esta experi\u00eancia inclui:<\/span><span data-ccp-props=\"{&quot;201341983&quot;:0,&quot;335551550&quot;:6,&quot;335551620&quot;:6,&quot;335557856&quot;:16777215,&quot;335559740&quot;:276}\">\u00a0<\/span><\/p>\n<ul>\n<li><span data-ccp-props=\"{&quot;201341983&quot;:0,&quot;335551550&quot;:6,&quot;335551620&quot;:6,&quot;335557856&quot;:16777215,&quot;335559740&quot;:276}\">\u00a0<\/span><span data-contrast=\"auto\">Visita guiada \u00e0 adega e museu + degusta\u00e7\u00e3o com o propriet\u00e1rio da adega Vinorum \u2013 de 10:00 \u00e0s 11:30hs.\u00a0<\/span><\/li>\n<li><span data-contrast=\"auto\">Passeio pelos vinhedos.<\/span><span data-ccp-props=\"{&quot;201341983&quot;:0,&quot;335551550&quot;:6,&quot;335551620&quot;:6,&quot;335557856&quot;:16777215,&quot;335559740&quot;:276}\">\u00a0<\/span><\/li>\n<li><span data-contrast=\"auto\">Curso de vinhedos Almo\u00e7o de 4 passos maridados com vinhos exclusivos da micro-adega Casa Vermelh\u00e3o 12:30 \u00e0s 15:00<\/span><span data-ccp-props=\"{&quot;201341983&quot;:0,&quot;335551550&quot;:6,&quot;335551620&quot;:6,&quot;335557856&quot;:16777215,&quot;335559740&quot;:276}\"> hs.\u00a0<\/span><\/li>\n<li><span data-contrast=\"auto\">Volta para os vinhedos da vin\u00edcola Vinorum.<\/span><span data-ccp-props=\"{&quot;201341983&quot;:0,&quot;335551550&quot;:6,&quot;335551620&quot;:6,&quot;335557856&quot;:16777215,&quot;335559740&quot;:276}\">\u00a0<\/span><\/li>\n<\/ul>\n<p><u>Sa\u00eddas regulares:<\/u>\u00a0de segunda-feira a s\u00e1bado<\/p>\n<p><u>Hora:<\/u>\u00a0Das 09:30hs \u00e0s 15hs<\/p>\n<p><u>Dura\u00e7\u00e3o:<\/u>\u00a0todo o dia \u2013 sa\u00eddas durante todo o ano<\/p>\n<p><u>Esclarecimento:<\/u>\u00a010 quil\u00f4metros<br \/>\nCurso de vinhedos e via p\u00fablica.<\/p>","protected":false},"excerpt":{"rendered":"<p>Explore as ruas de campos dos goytacazes, com paragens em adegas para provar vinhos exclusivos.<\/p>","protected":false},"featured_media":6099,"comment_status":"open","ping_status":"closed","template":"","meta":[],"product_brand":[],"product_cat":[72,246],"product_tag":[],"dias":[],"class_list":{"0":"post-6098","1":"product","2":"type-product","3":"status-publish","4":"has-post-thumbnail","6":"product_cat-aventura","7":"product_cat-mendoza","9":"first","10":"instock","11":"shipping-taxable","12":"product-type-simple"},"booking_location":null,"booking_location_type":null,"booking_duration":null,"booking_duration_unit":null,"booking_buffer":null,"booking_cost":null,"booking_resources":null,"jetpack_sharing_enabled":true,"_links":{"self":[{"href":"https:\/\/aymaramendoza.com.ar\/pt\/wp-json\/wp\/v2\/product\/6098","targetHints":{"allow":["GET"]}}],"collection":[{"href":"https:\/\/aymaramendoza.com.ar\/pt\/wp-json\/wp\/v2\/product"}],"about":[{"href":"https:\/\/aymaramendoza.com.ar\/pt\/wp-json\/wp\/v2\/types\/product"}],"replies":[{"embeddable":true,"href":"https:\/\/aymaramendoza.com.ar\/pt\/wp-json\/wp\/v2\/comments?post=6098"}],"version-history":[{"count":2,"href":"https:\/\/aymaramendoza.com.ar\/pt\/wp-json\/wp\/v2\/product\/6098\/revisions"}],"predecessor-version":[{"id":6101,"href":"https:\/\/aymaramendoza.com.ar\/pt\/wp-json\/wp\/v2\/product\/6098\/revisions\/6101"}],"wp:featuredmedia":[{"embeddable":true,"href":"https:\/\/aymaramendoza.com.ar\/pt\/wp-json\/wp\/v2\/media\/6099"}],"wp:attachment":[{"href":"https:\/\/aymaramendoza.com.ar\/pt\/wp-json\/wp\/v2\/media?parent=6098"}],"wp:term":[{"taxonomy":"product_brand","embeddable":true,"href":"https:\/\/aymaramendoza.com.ar\/pt\/wp-json\/wp\/v2\/product_brand?post=6098"},{"taxonomy":"product_cat","embeddable":true,"href":"https:\/\/aymaramendoza.com.ar\/pt\/wp-json\/wp\/v2\/product_cat?post=6098"},{"taxonomy":"product_tag","embeddable":true,"href":"https:\/\/aymaramendoza.com.ar\/pt\/wp-json\/wp\/v2\/product_tag?post=6098"},{"taxonomy":"dias","embeddable":true,"href":"https:\/\/aymaramendoza.com.ar\/pt\/wp-json\/wp\/v2\/dias?post=6098"}],"curies":[{"name":"wp","href":"https:\/\/api.w.org\/{rel}","templated":true}]}}