{"id":6082,"date":"2024-08-12T11:33:42","date_gmt":"2024-08-12T14:33:42","guid":{"rendered":"https:\/\/aymaramendoza.com.ar\/?post_type=product&#038;p=6082"},"modified":"2025-06-03T12:29:23","modified_gmt":"2025-06-03T15:29:23","slug":"paquete-avion-de-los-uruguayos","status":"publish","type":"product","link":"https:\/\/aymaramendoza.com.ar\/pt\/servicios\/paquete-avion-de-los-uruguayos\/","title":{"rendered":"PACOTE A\u00c9REA URUGUAIA"},"content":{"rendered":"<div data-elementor-type=\"product-post\" data-elementor-id=\"6082\" class=\"elementor elementor-6082\" data-elementor-post-type=\"product\">\n\t\t\t\t\t\t<section class=\"elementor-section elementor-top-section elementor-element elementor-element-1567ee8b elementor-section-boxed elementor-section-height-default elementor-section-height-default\" data-id=\"1567ee8b\" data-element_type=\"section\" data-e-type=\"section\" data-settings=\"{&quot;jet_parallax_layout_list&quot;:[],&quot;ekit_has_onepagescroll_dot&quot;:&quot;yes&quot;}\">\n\t\t\t\t\t\t<div class=\"elementor-container elementor-column-gap-default\">\n\t\t\t\t\t<div class=\"elementor-column elementor-col-100 elementor-top-column elementor-element elementor-element-39cf5a7e\" data-id=\"39cf5a7e\" data-element_type=\"column\" data-e-type=\"column\">\n\t\t\t<div class=\"elementor-widget-wrap elementor-element-populated\">\n\t\t\t\t\t\t<div class=\"elementor-element elementor-element-229ca0a5 elementor-widget elementor-widget-text-editor\" data-id=\"229ca0a5\" data-element_type=\"widget\" data-e-type=\"widget\" data-settings=\"{&quot;ekit_we_effect_on&quot;:&quot;none&quot;}\" data-widget_type=\"text-editor.default\">\n\t\t\t\t<div class=\"elementor-widget-container\">\n\t\t\t\t\t\t\t\t\t<p>Sexta-feira, 13 de outubro de 1972, um avi\u00e3o uruguaio, que levava 45 passageiros para o Chile, dos quais muitos eram estudantes e jogadores de um time de rugby, caiu na Cordilheira dos Andes. Doze morreram por causa do impacto e os que sobreviveram tiveram que suportar, entre outras coisas, o tem\u00edvel Cordilheira com seus trinta graus abaixo de zero durante a noite e \u00e0 escassez de reservas aliment\u00edcias.<\/p><p>Cansados de baixas temperaturas, e a lenta espera do resgate, dois deles, decidem cruzar as montanhas enormes para chegar ao Chile, de modo que, em 22 de dezembro desse mesmo ano, cerca de 72 dias depois, o mundo descobre que dezesseis venceram a morte.<\/p><p>Nosso curso convida-o a visitar este lugar milagroso que, por outro lado, tem um conte\u00fado hist\u00f3rico e paisag\u00edstico muito importante.<\/p><p><strong>ITINERARIO:<\/strong>\u00a0<\/p><ul><li><strong>D\u00eda 1:<\/strong> El Sosneado (San Rafael) &#8211; Refugio Soler \/ Trekking\/cabalgata de 6hs hasta el campamento base El Barroso.<\/li><li><strong>D\u00eda 2:<\/strong> Campamento El Barroso\/Avi\u00f3n de los uruguyos\/Campamento El Barroso. Comienza con tres horas de marcha cruzando el R\u00edo de Las L\u00e1grimas; luego ascenderemos (2hs.30min) hasta el sitio donde se encuentran los restos del avi\u00f3n, a los 3600 msnm. Rendiremos en silencio nuestro homenaje a las v\u00edctimas, para luego hacer un reconocimiento del lugar. Al finalizar, descenso al campamento.<br \/>Tiempo aproximado de cabalgata o caminata: 8hrs<\/li><li><strong>D\u00eda 3:<\/strong> Desayuno y desarme del campamento. Caminaremos de regreso y en descenso al Puesto Araya. Regreso hasta El Sosneado.<\/li><\/ul><p>\u00a0<\/p><p><strong>DATOS GENERALES:<\/strong><\/p><ul><li><strong>Localiza\u00e7\u00e3o<\/strong>: Vale de L\u00e1grimas \u2013 cordilheira dos Andes \u2013 Malarg\u00fce, Mendoza<\/li><li><strong>Dura\u00e7\u00e3o<\/strong>: 3 dias e duas noites<\/li><li><strong>Altura m\u00e1xima atingida<\/strong>: 3700 m<\/li><li><strong>Atividades<\/strong>: Cavalgada ou Trekking<\/li><li><strong>Ponto de encontro<\/strong>: O Sosneado \u2013 Ref\u00fagio Soler<\/li><li><strong>Idade<\/strong><strong>: <\/strong>A partir dos 14 anos<\/li><li><strong>Quantidade<\/strong><strong>: <\/strong>m\u00ednimo 4 pessoas \u2013 at\u00e9 10 pessoas por grupo<\/li><\/ul><p>\u00a0<\/p><p><strong><em>Consultar para obter a lista completa de itens de equipamento pessoal para levar a excurs\u00e3o.<\/em><\/strong><\/p>\t\t\t\t\t\t\t\t<\/div>\n\t\t\t\t<\/div>\n\t\t\t\t\t<\/div>\n\t\t<\/div>\n\t\t\t\t\t<\/div>\n\t\t<\/section>\n\t\t\t\t<\/div>","protected":false},"excerpt":{"rendered":"<p><em>Avi\u00e3o dos Uruguaios<\/em>\u00a0\u2013 Local do Impacto \u2013 Trekking e Explora\u00e7\u00e3o \u2013 O Sosneado, Mendoza<\/p>","protected":false},"featured_media":6083,"comment_status":"open","ping_status":"closed","template":"","meta":[],"product_brand":[],"product_cat":[622,194],"product_tag":[],"dias":[],"class_list":{"0":"post-6082","1":"product","2":"type-product","3":"status-publish","4":"has-post-thumbnail","6":"product_cat-malargue","7":"product_cat-paquetes","9":"first","10":"instock","11":"shipping-taxable","12":"product-type-simple"},"booking_location":null,"booking_location_type":null,"booking_duration":null,"booking_duration_unit":null,"booking_buffer":null,"booking_cost":null,"booking_resources":null,"jetpack_sharing_enabled":true,"_links":{"self":[{"href":"https:\/\/aymaramendoza.com.ar\/pt\/wp-json\/wp\/v2\/product\/6082","targetHints":{"allow":["GET"]}}],"collection":[{"href":"https:\/\/aymaramendoza.com.ar\/pt\/wp-json\/wp\/v2\/product"}],"about":[{"href":"https:\/\/aymaramendoza.com.ar\/pt\/wp-json\/wp\/v2\/types\/product"}],"replies":[{"embeddable":true,"href":"https:\/\/aymaramendoza.com.ar\/pt\/wp-json\/wp\/v2\/comments?post=6082"}],"version-history":[{"count":5,"href":"https:\/\/aymaramendoza.com.ar\/pt\/wp-json\/wp\/v2\/product\/6082\/revisions"}],"predecessor-version":[{"id":6954,"href":"https:\/\/aymaramendoza.com.ar\/pt\/wp-json\/wp\/v2\/product\/6082\/revisions\/6954"}],"wp:featuredmedia":[{"embeddable":true,"href":"https:\/\/aymaramendoza.com.ar\/pt\/wp-json\/wp\/v2\/media\/6083"}],"wp:attachment":[{"href":"https:\/\/aymaramendoza.com.ar\/pt\/wp-json\/wp\/v2\/media?parent=6082"}],"wp:term":[{"taxonomy":"product_brand","embeddable":true,"href":"https:\/\/aymaramendoza.com.ar\/pt\/wp-json\/wp\/v2\/product_brand?post=6082"},{"taxonomy":"product_cat","embeddable":true,"href":"https:\/\/aymaramendoza.com.ar\/pt\/wp-json\/wp\/v2\/product_cat?post=6082"},{"taxonomy":"product_tag","embeddable":true,"href":"https:\/\/aymaramendoza.com.ar\/pt\/wp-json\/wp\/v2\/product_tag?post=6082"},{"taxonomy":"dias","embeddable":true,"href":"https:\/\/aymaramendoza.com.ar\/pt\/wp-json\/wp\/v2\/dias?post=6082"}],"curies":[{"name":"wp","href":"https:\/\/api.w.org\/{rel}","templated":true}]}}