{"id":6062,"date":"2024-08-12T09:59:00","date_gmt":"2024-08-12T12:59:00","guid":{"rendered":"https:\/\/aymaramendoza.com.ar\/?post_type=product&#038;p=6062"},"modified":"2025-07-30T13:39:27","modified_gmt":"2025-07-30T16:39:27","slug":"dos-bodegas-con-almuerzo-traslado","status":"publish","type":"product","link":"https:\/\/aymaramendoza.com.ar\/pt\/servicios\/dos-bodegas-con-almuerzo-traslado\/","title":{"rendered":"DOIS ARMAZ\u00c9NS COM ALMO\u00c7O + TRANSPORTE"},"content":{"rendered":"<p>Desfrutar da regi\u00e3o vitivin\u00edcola central, visitar adegas reconhecidas mundialmente pela qualidade de seus vinhos e descobrir a sua hist\u00f3ria, arquitetura e m\u00e9todos de elabora\u00e7\u00e3o, \u00e9 o que oferece esta excurs\u00e3o.<\/p>\n<p>Sairemos rumo ao o\u00e1sis agr\u00edcola central para visitar a primeira adega selecionada, percorrendo suas instala\u00e7\u00f5es e desfrutando a degusta\u00e7\u00e3o de seus vinhos. Nela aprenderemos sobre os diferentes varietais da regi\u00e3o, seus processos de elabora\u00e7\u00e3o, assim como o cuidado, a educa\u00e7\u00e3o e a divis\u00e3o de diferentes tipos de vinhos.<\/p>\n<p>Al mediod\u00eda visitaremos la segunda bodega seleccionada y pasaremos a sus cocinas, para participar de un almuerzo maridado perfectamente con los vinos degustados. Por la tarde, regreso al Hotel.<\/p>\n<ul>\n<li><strong>Sa\u00eddas:<\/strong> Lun a Dom<\/li>\n<li><strong>Hora:<\/strong> a partir de las 08.30hs<\/li>\n<li><strong>Dura\u00e7\u00e3o:<\/strong> sa\u00eddas durante todo o ano<\/li>\n<li><strong>Inclui:<\/strong> traslado privado, pick up y drop off por hoteles c\u00e9ntricos, visita y degustaci\u00f3n en bodega seleccionada. Almuerzo en bodega seleccionada de la zona con vinos incluidos.<\/li>\n<li><strong>N\u00e3o inclu\u00eddo: <\/strong>Propina, gastos extras.<\/li>\n<\/ul>\n<p><strong><u>Opciones de bodegas a visitar<\/u><\/strong>:<\/p>\n<ul>\n<li>Maip\u00fa: Trivento, Toneles, Pan y Oliva, Villafa\u00f1e.<\/li>\n<li>Luj\u00e1n: Belasco, Bonfanti, Matino Wines.<\/li>\n<\/ul>\n<p><strong><u>Observa\u00e7\u00f5es<\/u><\/strong><strong>:<\/strong><\/p>\n<ul>\n<li>Bodegas sujetas a disponibilidad al momento de realizar la reserva.<\/li>\n<li>Las bodegas para visitar son por zona (Luj\u00e1n o Maip\u00fa). Consultar cotizaci\u00f3n por otras bodegas opcionales y disponibles para visitar.<\/li>\n<li>Servicio opcional de gu\u00eda (Consultar cotizaci\u00f3n)<\/li>\n<\/ul>\n<p><strong><em>\u00a0<\/em><\/strong><\/p>\n<p><strong><em>Nota:<\/em><\/strong><em>\u00a0<strong>passageiros hospedados fora do raio central, consulte tarifas e modalidade<\/strong><\/em><em>\u00a0<\/em><\/p>\n<p>&nbsp;<\/p>","protected":false},"excerpt":{"rendered":"<p><span class=\"TextRun SCXW183300258 BCX8\" lang=\"ES-419\" xml:lang=\"ES-419\" data-contrast=\"none\"><span class=\"NormalTextRun SCXW183300258 BCX8\">Percorre as melhores vin\u00edcolas da regi\u00e3o, deguste os vinhos requintados e descobri a magia deste o\u00e1sis de mendoza.<\/span><\/span><span class=\"EOP SCXW183300258 BCX8\" data-ccp-props=\"{&quot;201341983&quot;:0,&quot;335559740&quot;:276}\">\u00a0<\/span><\/p>","protected":false},"featured_media":6063,"comment_status":"open","ping_status":"closed","template":"","meta":[],"product_brand":[],"product_cat":[20,246],"product_tag":[],"dias":[],"class_list":{"0":"post-6062","1":"product","2":"type-product","3":"status-publish","4":"has-post-thumbnail","6":"product_cat-bodegas","7":"product_cat-mendoza","9":"first","10":"instock","11":"shipping-taxable","12":"product-type-simple"},"booking_location":null,"booking_location_type":null,"booking_duration":null,"booking_duration_unit":null,"booking_buffer":null,"booking_cost":null,"booking_resources":null,"jetpack_sharing_enabled":true,"_links":{"self":[{"href":"https:\/\/aymaramendoza.com.ar\/pt\/wp-json\/wp\/v2\/product\/6062","targetHints":{"allow":["GET"]}}],"collection":[{"href":"https:\/\/aymaramendoza.com.ar\/pt\/wp-json\/wp\/v2\/product"}],"about":[{"href":"https:\/\/aymaramendoza.com.ar\/pt\/wp-json\/wp\/v2\/types\/product"}],"replies":[{"embeddable":true,"href":"https:\/\/aymaramendoza.com.ar\/pt\/wp-json\/wp\/v2\/comments?post=6062"}],"version-history":[{"count":3,"href":"https:\/\/aymaramendoza.com.ar\/pt\/wp-json\/wp\/v2\/product\/6062\/revisions"}],"predecessor-version":[{"id":7056,"href":"https:\/\/aymaramendoza.com.ar\/pt\/wp-json\/wp\/v2\/product\/6062\/revisions\/7056"}],"wp:featuredmedia":[{"embeddable":true,"href":"https:\/\/aymaramendoza.com.ar\/pt\/wp-json\/wp\/v2\/media\/6063"}],"wp:attachment":[{"href":"https:\/\/aymaramendoza.com.ar\/pt\/wp-json\/wp\/v2\/media?parent=6062"}],"wp:term":[{"taxonomy":"product_brand","embeddable":true,"href":"https:\/\/aymaramendoza.com.ar\/pt\/wp-json\/wp\/v2\/product_brand?post=6062"},{"taxonomy":"product_cat","embeddable":true,"href":"https:\/\/aymaramendoza.com.ar\/pt\/wp-json\/wp\/v2\/product_cat?post=6062"},{"taxonomy":"product_tag","embeddable":true,"href":"https:\/\/aymaramendoza.com.ar\/pt\/wp-json\/wp\/v2\/product_tag?post=6062"},{"taxonomy":"dias","embeddable":true,"href":"https:\/\/aymaramendoza.com.ar\/pt\/wp-json\/wp\/v2\/dias?post=6062"}],"curies":[{"name":"wp","href":"https:\/\/api.w.org\/{rel}","templated":true}]}}