{"id":5884,"date":"2024-08-05T13:22:03","date_gmt":"2024-08-05T16:22:03","guid":{"rendered":"https:\/\/aymaramendoza.com.ar\/?post_type=product&#038;p=5884"},"modified":"2025-06-03T14:24:49","modified_gmt":"2025-06-03T17:24:49","slug":"paquete-cruce-de-los-andes-a-caballo","status":"publish","type":"product","link":"https:\/\/aymaramendoza.com.ar\/pt\/servicios\/paquete-cruce-de-los-andes-a-caballo\/","title":{"rendered":"PAQUETE CRUCE DE LOS ANDES A CABALLO"},"content":{"rendered":"<div data-elementor-type=\"product-post\" data-elementor-id=\"5884\" class=\"elementor elementor-5884\" data-elementor-post-type=\"product\">\n\t\t\t\t\t\t<section class=\"elementor-section elementor-top-section elementor-element elementor-element-74825a34 elementor-section-boxed elementor-section-height-default elementor-section-height-default\" data-id=\"74825a34\" data-element_type=\"section\" data-e-type=\"section\" data-settings=\"{&quot;jet_parallax_layout_list&quot;:[],&quot;ekit_has_onepagescroll_dot&quot;:&quot;yes&quot;}\">\n\t\t\t\t\t\t<div class=\"elementor-container elementor-column-gap-default\">\n\t\t\t\t\t<div class=\"elementor-column elementor-col-100 elementor-top-column elementor-element elementor-element-5b8f70e0\" data-id=\"5b8f70e0\" data-element_type=\"column\" data-e-type=\"column\">\n\t\t\t<div class=\"elementor-widget-wrap elementor-element-populated\">\n\t\t\t\t\t\t<div class=\"elementor-element elementor-element-351c2caa elementor-widget elementor-widget-text-editor\" data-id=\"351c2caa\" data-element_type=\"widget\" data-e-type=\"widget\" data-settings=\"{&quot;ekit_we_effect_on&quot;:&quot;none&quot;}\" data-widget_type=\"text-editor.default\">\n\t\t\t\t<div class=\"elementor-widget-container\">\n\t\t\t\t\t\t\t\t\t<p>A travessia para a Argentina pelo Vale do Gesso, \u00e9 o programa de maior tradi\u00e7\u00e3o na cordilheira central do Chile e Argentina. Foi declarado de interesse cultural, j\u00e1 que por estes vales eles montaram juntos as colunas do General San Mart\u00edn, em 1817, e tamb\u00e9m viu passar, em 1836, um jovem naturalista chamado Charles Darwin.<\/p><p>Uma aventura para valentes, passando pelo Vale do Gesso, as Termas do Chumbo e o Ref\u00fagio Real da Cruz. Ideal para aventureiros maiores de 14 anos, com boa condi\u00e7\u00e3o f\u00edsica, esta viagem desafiador te levar\u00e1 por rios, montanhas e vales impressionantes e cheios de hist\u00f3ria.<\/p><p><strong>DATOS GENERALES<\/strong><\/p><ul><li><strong>Lugar:<\/strong> Paso Piuquenes y Portillo Argentino.<\/li><li><strong>Temporada:<\/strong> Dezembro a mar\u00e7o<\/li><li><strong>Dura\u00e7\u00e3o:<\/strong> 7 dias e 6 noites<\/li><li><strong>Modalidade:<\/strong> A caballo<\/li><li><strong>Idade:<\/strong> Mayores de 14 a\u00f1os.<\/li><\/ul><p>\u00a0<\/p><p><strong>ITINERARIO:\u00a0<\/strong><\/p><ul><li><strong>D\u00eda 1: <\/strong>Santiago \/ Valle del Yeso \/ Termas del Plomo (2.700 m.s.n.m). D\u00eda de aclimataci\u00f3n.\u00a0<\/li><li><strong>D\u00eda 2: <\/strong>Termas del Plomo \/ Paso Piuquenes \/ El Calet\u00f3n (4.021 m.s.n.m)<\/li><li><strong>D\u00eda 3: <\/strong>El Calet\u00f3n \/ Refugio Real de la Cruz (2.800 m.s.n.m)<\/li><li><strong>D\u00eda 4: <\/strong>Descanso activo \u2013 Laguna de Los Patos ( 2.800 m.s.n.m)<\/li><li><strong>D\u00eda 5: <\/strong>Refugio Real de la Cruz \/ Portillo Argentino \/ Las Yaretas(4.350 m.s.n.m)<\/li><li><strong>D\u00eda 6: <\/strong>Refugio Scaravelli \/ Control Portinari \/ Mendoza (820 m.s.n.m)<\/li><li><strong>D\u00eda 7: <\/strong>Mendoza \/ Santiago de Chile<\/li><\/ul><p><strong>Observa\u00e7\u00e3o:<\/strong> Documenta\u00e7\u00e3o obrigat\u00f3ria e atualizada. Para menores de 21 de autoriza\u00e7\u00e3o autenticada por ambos os pais ou respons\u00e1vel, perante o not\u00e1rio p\u00fablico.<\/p><p><strong><em>Nota: Para obter mais informa\u00e7\u00f5es sobre a viagem, itiner\u00e1rio, termos e condi\u00e7\u00f5es de se comunicar com Turismo Aymara.<\/em><\/strong><\/p>\t\t\t\t\t\t\t\t<\/div>\n\t\t\t\t<\/div>\n\t\t\t\t\t<\/div>\n\t\t<\/div>\n\t\t\t\t\t<\/div>\n\t\t<\/section>\n\t\t\t\t<\/div>","protected":false},"excerpt":{"rendered":"<p>Uma travessia desafiador, que te levar\u00e1 por rios, montanhas e vales impressionantes e cheios de hist\u00f3ria.<\/p>","protected":false},"featured_media":6967,"comment_status":"open","ping_status":"closed","template":"","meta":[],"product_brand":[],"product_cat":[246,194],"product_tag":[],"dias":[],"class_list":{"0":"post-5884","1":"product","2":"type-product","3":"status-publish","4":"has-post-thumbnail","6":"product_cat-mendoza","7":"product_cat-paquetes","9":"first","10":"instock","11":"downloadable","12":"shipping-taxable","13":"product-type-simple"},"booking_location":null,"booking_location_type":null,"booking_duration":null,"booking_duration_unit":null,"booking_buffer":null,"booking_cost":null,"booking_resources":null,"jetpack_sharing_enabled":true,"_links":{"self":[{"href":"https:\/\/aymaramendoza.com.ar\/pt\/wp-json\/wp\/v2\/product\/5884","targetHints":{"allow":["GET"]}}],"collection":[{"href":"https:\/\/aymaramendoza.com.ar\/pt\/wp-json\/wp\/v2\/product"}],"about":[{"href":"https:\/\/aymaramendoza.com.ar\/pt\/wp-json\/wp\/v2\/types\/product"}],"replies":[{"embeddable":true,"href":"https:\/\/aymaramendoza.com.ar\/pt\/wp-json\/wp\/v2\/comments?post=5884"}],"version-history":[{"count":9,"href":"https:\/\/aymaramendoza.com.ar\/pt\/wp-json\/wp\/v2\/product\/5884\/revisions"}],"predecessor-version":[{"id":6966,"href":"https:\/\/aymaramendoza.com.ar\/pt\/wp-json\/wp\/v2\/product\/5884\/revisions\/6966"}],"wp:featuredmedia":[{"embeddable":true,"href":"https:\/\/aymaramendoza.com.ar\/pt\/wp-json\/wp\/v2\/media\/6967"}],"wp:attachment":[{"href":"https:\/\/aymaramendoza.com.ar\/pt\/wp-json\/wp\/v2\/media?parent=5884"}],"wp:term":[{"taxonomy":"product_brand","embeddable":true,"href":"https:\/\/aymaramendoza.com.ar\/pt\/wp-json\/wp\/v2\/product_brand?post=5884"},{"taxonomy":"product_cat","embeddable":true,"href":"https:\/\/aymaramendoza.com.ar\/pt\/wp-json\/wp\/v2\/product_cat?post=5884"},{"taxonomy":"product_tag","embeddable":true,"href":"https:\/\/aymaramendoza.com.ar\/pt\/wp-json\/wp\/v2\/product_tag?post=5884"},{"taxonomy":"dias","embeddable":true,"href":"https:\/\/aymaramendoza.com.ar\/pt\/wp-json\/wp\/v2\/dias?post=5884"}],"curies":[{"name":"wp","href":"https:\/\/api.w.org\/{rel}","templated":true}]}}