{"id":5875,"date":"2024-08-05T12:19:52","date_gmt":"2024-08-05T15:19:52","guid":{"rendered":"https:\/\/aymaramendoza.com.ar\/?post_type=product&#038;p=5875"},"modified":"2025-06-09T13:40:45","modified_gmt":"2025-06-09T16:40:45","slug":"visita-y-almuerzo-en-valle-de-uco","status":"publish","type":"product","link":"https:\/\/aymaramendoza.com.ar\/pt\/servicios\/visita-y-almuerzo-en-valle-de-uco\/","title":{"rendered":"Visita e almo\u00e7o no Vale de Uco"},"content":{"rendered":"<p><span class=\"TextRun SCXW180281504 BCX8\" lang=\"ES-419\" xml:lang=\"ES-419\" data-contrast=\"auto\"><span class=\"NormalTextRun SCXW180281504 BCX8\"> R<\/span><span class=\"NormalTextRun SCXW180281504 BCX8\">odeada de montanhas, vinhas e adegas, <\/span><span class=\"NormalTextRun SCXW180281504 BCX8\">poder\u00e1 desfrutar de vistas espetaculares, maridando os vinhos mais importantes da prov\u00edncia <\/span><span class=\"NormalTextRun SCXW180281504 BCX8\">acompanhado de pratos regionais<\/span><span class=\"NormalTextRun SCXW180281504 BCX8\">. Juntos, criam experi\u00eancias vitivin\u00edcolas verdadeiramente excepcionais.<\/span><\/span><span class=\"EOP SCXW180281504 BCX8\" data-ccp-props=\"{&quot;201341983&quot;:0,&quot;335559740&quot;:276}\">\u00a0<\/span><\/p>\n<p>Visita a uma adega de Vale de Uco, percorre suas instala\u00e7\u00f5es e <span class=\"TextRun SCXW116644744 BCX8\" lang=\"ES-419\" xml:lang=\"ES-419\" data-contrast=\"auto\"><span class=\"NormalTextRun SCXW116644744 BCX8\">participar de um almo\u00e7o gourmet de passos maridados, apreciando a degusta\u00e7\u00e3o de seus vinhos.\u00a0<\/span><\/span><span class=\"EOP SCXW116644744 BCX8\" data-ccp-props=\"{&quot;201341983&quot;:0,&quot;335559740&quot;:276}\">\u00a0<\/span><\/p>\n<ul>\n<li><strong>Sa\u00eddas<\/strong><span data-contrast=\"auto\"><strong>:<\/strong> Mie a Dom<\/span><span data-ccp-props=\"{&quot;201341983&quot;:0,&quot;335559740&quot;:276}\">\u00a0<\/span><\/li>\n<li><strong>Hora:<\/strong><span data-contrast=\"auto\"> a partir das 08:30 hs<\/span><span data-ccp-props=\"{&quot;201341983&quot;:0,&quot;335559740&quot;:276}\">\u00a0<\/span><\/li>\n<li><strong>Dura\u00e7\u00e3o<\/strong><span data-contrast=\"auto\"><strong>:<\/strong> sa\u00eddas durante todo o ano<\/span><span data-ccp-props=\"{&quot;201341983&quot;:0,&quot;335559740&quot;:276}\">\u00a0<\/span><\/li>\n<\/ul>\n<p><strong><span class=\"TextRun Underlined SCXW1029878 BCX8\" lang=\"ES-419\" xml:lang=\"ES-419\" data-contrast=\"auto\"><span class=\"NormalTextRun SCXW1029878 BCX8\">Op\u00e7\u00f5es de visitas a adegas<\/span><\/span><span class=\"TextRun SCXW1029878 BCX8\" lang=\"ES-419\" xml:lang=\"ES-419\" data-contrast=\"auto\"><span class=\"NormalTextRun SCXW1029878 BCX8\">: <\/span><\/span><\/strong><span class=\"TextRun SCXW1029878 BCX8\" lang=\"ES-419\" xml:lang=\"ES-419\" data-contrast=\"auto\"><span class=\"NormalTextRun SpellingErrorV2Themed SCXW1029878 BCX8\">Salentein<\/span><\/span><span class=\"TextRun SCXW1029878 BCX8\" lang=\"ES-419\" xml:lang=\"ES-419\" data-contrast=\"auto\"><span class=\"NormalTextRun SCXW1029878 BCX8\">, <\/span><span class=\"NormalTextRun SpellingErrorV2Themed SCXW1029878 BCX8\">Diamandes<\/span><span class=\"NormalTextRun SCXW1029878 BCX8\">, <\/span><span class=\"NormalTextRun SpellingErrorV2Themed SCXW1029878 BCX8\">LaVigilia<\/span><\/span><\/p>\n<p>&nbsp;<\/p>\n<p><strong>Observa\u00e7\u00f5es<\/strong><span data-contrast=\"auto\"><strong>:<\/strong> adegas sujeitas a disponibilidade.\u00a0<\/span><span data-ccp-props=\"{&quot;201341983&quot;:0,&quot;335559740&quot;:276}\">\u00a0<\/span><\/p>\n<p><strong><i>Nota: os passageiros hospedados fora do raio central, consulte tarifas e modalidade<\/i>\u00a0<\/strong><\/p>\n<p><span data-ccp-props=\"{&quot;201341983&quot;:0,&quot;335559740&quot;:276}\">\u00a0<\/span><\/p>","protected":false},"excerpt":{"rendered":"<p><span class=\"NormalTextRun SCXW249480034 BCX8\">Percorre a <\/span><span class=\"NormalTextRun SCXW249480034 BCX8\">zon<\/span><span class=\"NormalTextRun SCXW249480034 BCX8\">a<\/span> <span class=\"NormalTextRun SCXW249480034 BCX8\">vitivin\u00edcola do Vale do Uco, desfrutando de uma vista espectacular, <span class=\"TextRun SCXW249480034 BCX8\" lang=\"ES-419\" xml:lang=\"ES-419\" data-contrast=\"auto\">maridando os vinhos mais importantes da prov\u00edncia.\u00a0<\/span><\/span><\/p>","protected":false},"featured_media":5876,"comment_status":"open","ping_status":"closed","template":"","meta":[],"product_brand":[],"product_cat":[20,246],"product_tag":[],"dias":[],"class_list":{"0":"post-5875","1":"product","2":"type-product","3":"status-publish","4":"has-post-thumbnail","6":"product_cat-bodegas","7":"product_cat-mendoza","9":"first","10":"instock","11":"shipping-taxable","12":"product-type-simple"},"booking_location":null,"booking_location_type":null,"booking_duration":null,"booking_duration_unit":null,"booking_buffer":null,"booking_cost":null,"booking_resources":null,"jetpack_sharing_enabled":true,"_links":{"self":[{"href":"https:\/\/aymaramendoza.com.ar\/pt\/wp-json\/wp\/v2\/product\/5875","targetHints":{"allow":["GET"]}}],"collection":[{"href":"https:\/\/aymaramendoza.com.ar\/pt\/wp-json\/wp\/v2\/product"}],"about":[{"href":"https:\/\/aymaramendoza.com.ar\/pt\/wp-json\/wp\/v2\/types\/product"}],"replies":[{"embeddable":true,"href":"https:\/\/aymaramendoza.com.ar\/pt\/wp-json\/wp\/v2\/comments?post=5875"}],"version-history":[{"count":3,"href":"https:\/\/aymaramendoza.com.ar\/pt\/wp-json\/wp\/v2\/product\/5875\/revisions"}],"predecessor-version":[{"id":7005,"href":"https:\/\/aymaramendoza.com.ar\/pt\/wp-json\/wp\/v2\/product\/5875\/revisions\/7005"}],"wp:featuredmedia":[{"embeddable":true,"href":"https:\/\/aymaramendoza.com.ar\/pt\/wp-json\/wp\/v2\/media\/5876"}],"wp:attachment":[{"href":"https:\/\/aymaramendoza.com.ar\/pt\/wp-json\/wp\/v2\/media?parent=5875"}],"wp:term":[{"taxonomy":"product_brand","embeddable":true,"href":"https:\/\/aymaramendoza.com.ar\/pt\/wp-json\/wp\/v2\/product_brand?post=5875"},{"taxonomy":"product_cat","embeddable":true,"href":"https:\/\/aymaramendoza.com.ar\/pt\/wp-json\/wp\/v2\/product_cat?post=5875"},{"taxonomy":"product_tag","embeddable":true,"href":"https:\/\/aymaramendoza.com.ar\/pt\/wp-json\/wp\/v2\/product_tag?post=5875"},{"taxonomy":"dias","embeddable":true,"href":"https:\/\/aymaramendoza.com.ar\/pt\/wp-json\/wp\/v2\/dias?post=5875"}],"curies":[{"name":"wp","href":"https:\/\/api.w.org\/{rel}","templated":true}]}}