{"id":5871,"date":"2024-08-05T11:14:00","date_gmt":"2024-08-05T14:14:00","guid":{"rendered":"https:\/\/aymaramendoza.com.ar\/?post_type=product&#038;p=5871"},"modified":"2025-06-09T13:37:33","modified_gmt":"2025-06-09T16:37:33","slug":"visita-con-degustacion-en-bodega-el-enemigo","status":"publish","type":"product","link":"https:\/\/aymaramendoza.com.ar\/pt\/servicios\/visita-con-degustacion-en-bodega-el-enemigo\/","title":{"rendered":"Visita com degusta\u00e7\u00e3o na Adega O Inimigo"},"content":{"rendered":"<p><span data-contrast=\"none\">Nesta experi\u00eancia, ter\u00e3o a oportunidade de explorar um projecto vin\u00edcola \u00fanico, liderado pelo renomado en\u00f3logo Alejandro Vigil. <\/span><span data-ccp-props=\"{&quot;201341983&quot;:0,&quot;335559740&quot;:276}\">\u00a0<\/span><\/p>\n<p><span data-contrast=\"none\">Poderemos percorrer as instala\u00e7\u00f5es da vin\u00edcola, que combina tradi\u00e7\u00e3o e inova\u00e7\u00e3o para a produ\u00e7\u00e3o de vinhos de alta qualidade que refletem o car\u00e1ter do terroir. Nesta oportunidade, a degusta\u00e7\u00e3o guiada est\u00e1 pensada para apreciar a diversidade e a excel\u00eancia dos vinhos da linha Trio Inimigo.<\/span><\/p>\n<p><strong>Sa\u00eddas<\/strong><span data-contrast=\"auto\"><strong>:<\/strong> Seg a S\u00e1b<\/span><span data-ccp-props=\"{&quot;201341983&quot;:0,&quot;335559740&quot;:276}\">\u00a0<\/span><\/p>\n<p><strong>Hora<\/strong><span data-contrast=\"auto\"><strong>:<\/strong> A partir das 8.30 h<\/span><span data-ccp-props=\"{&quot;201341983&quot;:0,&quot;335559740&quot;:276}\">\u00a0<\/span><\/p>\n<p><strong>Dura\u00e7\u00e3o:<\/strong><span data-contrast=\"auto\"> meio-dia \u2013 sa\u00eddas durante todo o ano\u00a0<\/span><span data-ccp-props=\"{&quot;201341983&quot;:0,&quot;335559740&quot;:276}\">\u00a0<\/span><\/p>\n<p>&nbsp;<\/p>\n<p><span data-ccp-props=\"{&quot;201341983&quot;:0,&quot;335559685&quot;:720,&quot;335559740&quot;:276}\">\u00a0<\/span><\/p>\n<p><strong><i>Nota: os Passageiros hospedados fora do centro da cidade, consultar tarifas e modalidades.<\/i>\u00a0<\/strong><\/p>\n<p><span data-ccp-props=\"{&quot;201341983&quot;:0,&quot;335559740&quot;:276}\">\u00a0<\/span><\/p>","protected":false},"excerpt":{"rendered":"<p><span data-contrast=\"none\">Explorar um projecto vin\u00edcola \u00fanico, liderado pelo renomado en\u00f3logo Alejandro Vigil. <\/span><span data-ccp-props=\"{&quot;201341983&quot;:0,&quot;335559740&quot;:276}\">\u00a0Visita e deguste a excel\u00eancia dos vinhos da linha Trio Inimigo.<\/span><\/p>","protected":false},"featured_media":5872,"comment_status":"open","ping_status":"closed","template":"","meta":[],"product_brand":[],"product_cat":[20,246],"product_tag":[],"dias":[],"class_list":{"0":"post-5871","1":"product","2":"type-product","3":"status-publish","4":"has-post-thumbnail","6":"product_cat-bodegas","7":"product_cat-mendoza","9":"first","10":"instock","11":"shipping-taxable","12":"product-type-simple"},"booking_location":null,"booking_location_type":null,"booking_duration":null,"booking_duration_unit":null,"booking_buffer":null,"booking_cost":null,"booking_resources":null,"jetpack_sharing_enabled":true,"_links":{"self":[{"href":"https:\/\/aymaramendoza.com.ar\/pt\/wp-json\/wp\/v2\/product\/5871","targetHints":{"allow":["GET"]}}],"collection":[{"href":"https:\/\/aymaramendoza.com.ar\/pt\/wp-json\/wp\/v2\/product"}],"about":[{"href":"https:\/\/aymaramendoza.com.ar\/pt\/wp-json\/wp\/v2\/types\/product"}],"replies":[{"embeddable":true,"href":"https:\/\/aymaramendoza.com.ar\/pt\/wp-json\/wp\/v2\/comments?post=5871"}],"version-history":[{"count":3,"href":"https:\/\/aymaramendoza.com.ar\/pt\/wp-json\/wp\/v2\/product\/5871\/revisions"}],"predecessor-version":[{"id":7003,"href":"https:\/\/aymaramendoza.com.ar\/pt\/wp-json\/wp\/v2\/product\/5871\/revisions\/7003"}],"wp:featuredmedia":[{"embeddable":true,"href":"https:\/\/aymaramendoza.com.ar\/pt\/wp-json\/wp\/v2\/media\/5872"}],"wp:attachment":[{"href":"https:\/\/aymaramendoza.com.ar\/pt\/wp-json\/wp\/v2\/media?parent=5871"}],"wp:term":[{"taxonomy":"product_brand","embeddable":true,"href":"https:\/\/aymaramendoza.com.ar\/pt\/wp-json\/wp\/v2\/product_brand?post=5871"},{"taxonomy":"product_cat","embeddable":true,"href":"https:\/\/aymaramendoza.com.ar\/pt\/wp-json\/wp\/v2\/product_cat?post=5871"},{"taxonomy":"product_tag","embeddable":true,"href":"https:\/\/aymaramendoza.com.ar\/pt\/wp-json\/wp\/v2\/product_tag?post=5871"},{"taxonomy":"dias","embeddable":true,"href":"https:\/\/aymaramendoza.com.ar\/pt\/wp-json\/wp\/v2\/dias?post=5871"}],"curies":[{"name":"wp","href":"https:\/\/api.w.org\/{rel}","templated":true}]}}