{"id":5862,"date":"2024-08-05T10:48:33","date_gmt":"2024-08-05T13:48:33","guid":{"rendered":"https:\/\/aymaramendoza.com.ar\/?post_type=product&#038;p=5862"},"modified":"2024-08-28T11:09:11","modified_gmt":"2024-08-28T14:09:11","slug":"visita-con-degustacion-en-bodega","status":"publish","type":"product","link":"https:\/\/aymaramendoza.com.ar\/pt\/servicios\/visita-con-degustacion-en-bodega\/","title":{"rendered":"Visita com degusta\u00e7\u00e3o na Adega"},"content":{"rendered":"<p><span data-contrast=\"auto\">S\u00e3o paulo (sp), a primeira zona Vitivin\u00edcola de Mendoza, que come\u00e7ou a dar identidade aos vinhos argentinos, a n\u00edvel mundial. <\/span><span data-contrast=\"auto\">Nesta experi\u00eancia, visitamos uma vin\u00edcola localizada nesta regi\u00e3o, onde poderemos visitar suas instala\u00e7\u00f5es e degustar os seus produtos mais sublimes, cuidadosamente elaborados em vinhas, que se distinguem pela sua qualidade. Cada detalhe \u00e9 minuciosamente executado, para obter vinhos com car\u00e1cter e criar experi\u00eancias vitivin\u00edcolas verdadeiramente excepcionais.\u00a0<\/span><span data-ccp-props=\"{&quot;201341983&quot;:0,&quot;335559740&quot;:276}\">\u00a0<\/span><\/p>\n<p><strong>Sa\u00eddas<\/strong><span data-contrast=\"auto\"><strong>:<\/strong> Seg a S\u00e1b<\/span><span data-ccp-props=\"{&quot;201341983&quot;:0,&quot;335559740&quot;:276}\">\u00a0<\/span><\/p>\n<p><strong>Hora:<\/strong><span data-contrast=\"auto\"> a partir das 08:30 hs<\/span><span data-ccp-props=\"{&quot;201341983&quot;:0,&quot;335559740&quot;:276}\">\u00a0<\/span><\/p>\n<p><strong>Dura\u00e7\u00e3o<\/strong><span data-contrast=\"auto\"><strong>:<\/strong> meio-dia \u2013 sa\u00eddas durante todo o ano<\/span><span data-ccp-props=\"{&quot;201341983&quot;:0,&quot;335559740&quot;:276}\">\u00a0<\/span><\/p>\n<p><strong>Op\u00e7\u00f5es de visitas a adegas<\/strong><span data-contrast=\"auto\">: <strong>Vi\u00f1a Cobos ou Anaia.<\/strong><\/span><strong>\u00a0<\/strong><\/p>\n<p>&nbsp;<\/p>\n<p><strong>Observa\u00e7\u00f5es: <\/strong><span data-contrast=\"auto\">Adegas sujeitas a disponibilidade.\u00a0<\/span><span data-ccp-props=\"{&quot;201341983&quot;:0,&quot;335559740&quot;:276}\">\u00a0<\/span><\/p>\n<p><i><span data-contrast=\"auto\">Nota: os passageiros hospedados fora do raio central, consulte tarifas e modalidade<\/span><\/i><\/p>\n<p>&nbsp;<\/p>","protected":false},"excerpt":{"rendered":"<p>Em Luj\u00e1n de Cuyo, visite uma vin\u00edcola localizada nesta regi\u00e3o, onde poderemos visitar suas instala\u00e7\u00f5es e degustar os seus produtos mais sublimes.<\/p>","protected":false},"featured_media":5868,"comment_status":"open","ping_status":"closed","template":"","meta":[],"product_brand":[],"product_cat":[20,246],"product_tag":[],"dias":[],"class_list":{"0":"post-5862","1":"product","2":"type-product","3":"status-publish","4":"has-post-thumbnail","6":"product_cat-bodegas","7":"product_cat-mendoza","9":"first","10":"instock","11":"shipping-taxable","12":"product-type-simple"},"booking_location":null,"booking_location_type":null,"booking_duration":null,"booking_duration_unit":null,"booking_buffer":null,"booking_cost":null,"booking_resources":null,"jetpack_sharing_enabled":true,"_links":{"self":[{"href":"https:\/\/aymaramendoza.com.ar\/pt\/wp-json\/wp\/v2\/product\/5862","targetHints":{"allow":["GET"]}}],"collection":[{"href":"https:\/\/aymaramendoza.com.ar\/pt\/wp-json\/wp\/v2\/product"}],"about":[{"href":"https:\/\/aymaramendoza.com.ar\/pt\/wp-json\/wp\/v2\/types\/product"}],"replies":[{"embeddable":true,"href":"https:\/\/aymaramendoza.com.ar\/pt\/wp-json\/wp\/v2\/comments?post=5862"}],"version-history":[{"count":1,"href":"https:\/\/aymaramendoza.com.ar\/pt\/wp-json\/wp\/v2\/product\/5862\/revisions"}],"predecessor-version":[{"id":5869,"href":"https:\/\/aymaramendoza.com.ar\/pt\/wp-json\/wp\/v2\/product\/5862\/revisions\/5869"}],"wp:featuredmedia":[{"embeddable":true,"href":"https:\/\/aymaramendoza.com.ar\/pt\/wp-json\/wp\/v2\/media\/5868"}],"wp:attachment":[{"href":"https:\/\/aymaramendoza.com.ar\/pt\/wp-json\/wp\/v2\/media?parent=5862"}],"wp:term":[{"taxonomy":"product_brand","embeddable":true,"href":"https:\/\/aymaramendoza.com.ar\/pt\/wp-json\/wp\/v2\/product_brand?post=5862"},{"taxonomy":"product_cat","embeddable":true,"href":"https:\/\/aymaramendoza.com.ar\/pt\/wp-json\/wp\/v2\/product_cat?post=5862"},{"taxonomy":"product_tag","embeddable":true,"href":"https:\/\/aymaramendoza.com.ar\/pt\/wp-json\/wp\/v2\/product_tag?post=5862"},{"taxonomy":"dias","embeddable":true,"href":"https:\/\/aymaramendoza.com.ar\/pt\/wp-json\/wp\/v2\/dias?post=5862"}],"curies":[{"name":"wp","href":"https:\/\/api.w.org\/{rel}","templated":true}]}}