{"id":5851,"date":"2024-08-02T13:48:09","date_gmt":"2024-08-02T16:48:09","guid":{"rendered":"https:\/\/aymaramendoza.com.ar\/?post_type=product&#038;p=5851"},"modified":"2024-08-28T11:09:29","modified_gmt":"2024-08-28T14:09:29","slug":"ciudad-y-bodega-con-almuerzo","status":"publish","type":"product","link":"https:\/\/aymaramendoza.com.ar\/pt\/servicios\/ciudad-y-bodega-con-almuerzo\/","title":{"rendered":"CIDADE E VINHO COM ALMO\u00c7O"},"content":{"rendered":"<p><span data-contrast=\"auto\">Uma cidade \u00e9 o reflexo de seu povo, junto com a cultura e a hist\u00f3ria que eles trazem, esta excurs\u00e3o nos permitir\u00e1 conhecer a cidade de Mendoza, uma das mais belas do pa\u00eds.\u00a0<\/span><\/p>\n<p><span data-contrast=\"auto\">Visitaremos os principais pontos como a Pra\u00e7a da Independ\u00eancia, Parque General San Mart\u00edn, Cerro de la Gl\u00f3ria, com sua imponente monumento em homenagem ao Geral San Mart\u00edn,\u00a0<\/span><span data-contrast=\"auto\">passando pelo est\u00e1dio do mundial Malvinas Argentinas e o anfiteatro grego Frank Romero Day, cen\u00e1rio do ato central da Festa Nacional da Vindima.<\/span><span data-ccp-props=\"{&quot;201341983&quot;:0,&quot;335559740&quot;:276}\">\u00a0<\/span><\/p>\n<p><span class=\"TextRun SCXW225136122 BCX8\" lang=\"ES-419\" xml:lang=\"ES-419\" data-contrast=\"auto\"><span class=\"NormalTextRun SCXW225136122 BCX8\">Ao meio-dia, sairemos rumo ao o\u00e1sis agr\u00edcola central para visitar uma adega de Maip\u00fa, visitar suas instala\u00e7\u00f5es e participar de um almo\u00e7o de passos, aproveitando a degusta\u00e7\u00e3o de seus vinhos.\u00a0<\/span><\/span><\/p>\n<p><strong>Sa\u00eddas<\/strong><span data-contrast=\"auto\">: todos os dias<\/span><span data-ccp-props=\"{&quot;201341983&quot;:0,&quot;335559740&quot;:276}\">\u00a0<\/span><\/p>\n<p><strong>Hora<\/strong><span data-contrast=\"auto\"><strong>:<\/strong> a partir das 8:30 hs<\/span><span data-ccp-props=\"{&quot;201341983&quot;:0,&quot;335559740&quot;:276}\">\u00a0<\/span><\/p>\n<p><strong>Dura\u00e7\u00e3o<\/strong><span data-contrast=\"auto\"><strong>:<\/strong> todo o dia \u2013 sa\u00eddas durante todo o ano<\/span><span data-ccp-props=\"{&quot;201341983&quot;:0,&quot;335559740&quot;:276}\">\u00a0<\/span><\/p>\n<p><strong><span class=\"TextRun Underlined SCXW36316123 BCX8\" lang=\"ES-419\" xml:lang=\"ES-419\" data-contrast=\"auto\"><span class=\"NormalTextRun SCXW36316123 BCX8\">Op\u00e7\u00f5es de Refei\u00e7\u00f5es no adegas<\/span><\/span><\/strong><span class=\"TextRun SCXW36316123 BCX8\" lang=\"ES-419\" xml:lang=\"ES-419\" data-contrast=\"auto\"><span class=\"NormalTextRun SCXW36316123 BCX8\">: <\/span><\/span><span class=\"TextRun SCXW36316123 BCX8\" lang=\"ES-419\" xml:lang=\"ES-419\" data-contrast=\"none\"><span class=\"NormalTextRun SCXW36316123 BCX8\">L\u00f3pez, <\/span><span class=\"NormalTextRun SpellingErrorV2Themed SCXW36316123 BCX8\">Argentia<\/span><span class=\"NormalTextRun SCXW36316123 BCX8\">, Terras Altas, Trivento<\/span><\/span><span class=\"EOP SCXW36316123 BCX8\" data-ccp-props=\"{&quot;201341983&quot;:0,&quot;335559740&quot;:276}\">\u00a0<\/span><\/p>\n<p><strong>Observa\u00e7\u00f5es<\/strong><span data-contrast=\"auto\"><strong>:<\/strong> adegas sujeitas a disponibilidade<\/span><span data-ccp-props=\"{&quot;201341983&quot;:0,&quot;335559740&quot;:276}\">\u00a0<\/span><\/p>\n<p><span data-ccp-props=\"{&quot;201341983&quot;:0,&quot;335559740&quot;:276}\">\u00a0<\/span><\/p>\n<p><strong><i>Nota: os passageiros hospedados fora do raio central, consulte tarifas e modalidade<\/i>\u00a0<\/strong><\/p>","protected":false},"excerpt":{"rendered":"<p>Descobri Mendoza, visite suas principais atra\u00e7\u00f5es, e participa<span class=\"NormalTextRun SCXW140984039 BCX8\">\u00a0um almo\u00e7o de <\/span><span class=\"NormalTextRun SCXW140984039 BCX8\">passos<\/span><span class=\"NormalTextRun SCXW140984039 BCX8\">em uma adega de Maip\u00fa, apreciando a degusta\u00e7\u00e3o de seus vinhos.\u00a0<\/span><\/p>\n<p>&nbsp;<\/p>","protected":false},"featured_media":5852,"comment_status":"open","ping_status":"closed","template":"","meta":[],"product_brand":[],"product_cat":[20,246],"product_tag":[],"dias":[],"class_list":{"0":"post-5851","1":"product","2":"type-product","3":"status-publish","4":"has-post-thumbnail","6":"product_cat-bodegas","7":"product_cat-mendoza","9":"first","10":"instock","11":"shipping-taxable","12":"product-type-simple"},"booking_location":null,"booking_location_type":null,"booking_duration":null,"booking_duration_unit":null,"booking_buffer":null,"booking_cost":null,"booking_resources":null,"jetpack_sharing_enabled":true,"_links":{"self":[{"href":"https:\/\/aymaramendoza.com.ar\/pt\/wp-json\/wp\/v2\/product\/5851","targetHints":{"allow":["GET"]}}],"collection":[{"href":"https:\/\/aymaramendoza.com.ar\/pt\/wp-json\/wp\/v2\/product"}],"about":[{"href":"https:\/\/aymaramendoza.com.ar\/pt\/wp-json\/wp\/v2\/types\/product"}],"replies":[{"embeddable":true,"href":"https:\/\/aymaramendoza.com.ar\/pt\/wp-json\/wp\/v2\/comments?post=5851"}],"version-history":[{"count":2,"href":"https:\/\/aymaramendoza.com.ar\/pt\/wp-json\/wp\/v2\/product\/5851\/revisions"}],"predecessor-version":[{"id":5890,"href":"https:\/\/aymaramendoza.com.ar\/pt\/wp-json\/wp\/v2\/product\/5851\/revisions\/5890"}],"wp:featuredmedia":[{"embeddable":true,"href":"https:\/\/aymaramendoza.com.ar\/pt\/wp-json\/wp\/v2\/media\/5852"}],"wp:attachment":[{"href":"https:\/\/aymaramendoza.com.ar\/pt\/wp-json\/wp\/v2\/media?parent=5851"}],"wp:term":[{"taxonomy":"product_brand","embeddable":true,"href":"https:\/\/aymaramendoza.com.ar\/pt\/wp-json\/wp\/v2\/product_brand?post=5851"},{"taxonomy":"product_cat","embeddable":true,"href":"https:\/\/aymaramendoza.com.ar\/pt\/wp-json\/wp\/v2\/product_cat?post=5851"},{"taxonomy":"product_tag","embeddable":true,"href":"https:\/\/aymaramendoza.com.ar\/pt\/wp-json\/wp\/v2\/product_tag?post=5851"},{"taxonomy":"dias","embeddable":true,"href":"https:\/\/aymaramendoza.com.ar\/pt\/wp-json\/wp\/v2\/dias?post=5851"}],"curies":[{"name":"wp","href":"https:\/\/api.w.org\/{rel}","templated":true}]}}