{"id":5842,"date":"2024-08-02T11:14:44","date_gmt":"2024-08-02T14:14:44","guid":{"rendered":"https:\/\/aymaramendoza.com.ar\/?post_type=product&#038;p=5842"},"modified":"2024-10-24T11:08:05","modified_gmt":"2024-10-24T14:08:05","slug":"visita-con-picada-en-bodega","status":"publish","type":"product","link":"https:\/\/aymaramendoza.com.ar\/pt\/servicios\/visita-con-picada-en-bodega\/","title":{"rendered":"Visita com picada no Por\u00e3o"},"content":{"rendered":"<p><span class=\"TextRun SCXW199829240 BCX8\" lang=\"ES-419\" xml:lang=\"ES-419\" data-contrast=\"none\"><span class=\"NormalTextRun SCXW199829240 BCX8\">O vinho e os jardins se fundem para que voc\u00ea possa desfrutar de um plano diferente e descontra\u00eddo em adegas. Uma proposta que oferece a possibilidade de visitar uma adega de vinho, visitar suas fazendas e vinhedos, e <\/span><\/span><span class=\"TextRun SCXW199829240 BCX8\" lang=\"ES-419\" xml:lang=\"ES-419\" data-contrast=\"auto\"><span class=\"NormalTextRun SCXW199829240 BCX8\">para desfrutar de um piquenique nos jardins, em frente a um imponente paisagem, com v\u00e1rias op\u00e7\u00f5es para compartilhar e claro, com a degusta\u00e7\u00e3o de vinhos naturais de v\u00e1rias linhas.<\/span><\/span><\/p>\n<p><strong>Sa\u00eddas<\/strong><span data-contrast=\"auto\">: Mie a S\u00e1b.<\/span><span data-ccp-props=\"{&quot;201341983&quot;:0,&quot;335559740&quot;:276}\">\u00a0<\/span><\/p>\n<p><span data-contrast=\"auto\"><strong>Hora<\/strong>:<\/span><span data-contrast=\"auto\"> a partir das 08:30 hs<\/span><span data-ccp-props=\"{&quot;201341983&quot;:0,&quot;335559740&quot;:276}\">\u00a0<\/span><\/p>\n<p><strong>Dura\u00e7\u00e3o<\/strong><span data-contrast=\"auto\">: Meio dia \u2013 sa\u00eddas durante todo o ano<\/span><span data-ccp-props=\"{&quot;201341983&quot;:0,&quot;335559740&quot;:276}\">\u00a0<\/span><\/p>\n<p><strong>Op\u00e7\u00f5es de visitas a adegas<\/strong><span data-contrast=\"auto\">: Flichman, Santa J\u00falia, Lamadrid<\/span><span data-ccp-props=\"{&quot;201341983&quot;:0,&quot;335559740&quot;:276}\">\u00a0<\/span><\/p>\n<p><span data-ccp-props=\"{&quot;201341983&quot;:0,&quot;335559740&quot;:276}\">\u00a0<\/span><span data-ccp-props=\"{&quot;201341983&quot;:0,&quot;335559740&quot;:276}\">\u00a0<\/span><\/p>\n<p><strong>Observa\u00e7\u00f5es<\/strong><span data-contrast=\"auto\">: adegas sujeitas a disponibilidade.\u00a0<\/span><span data-ccp-props=\"{&quot;201341983&quot;:0,&quot;335559740&quot;:276}\">\u00a0<\/span><\/p>\n<p><strong><i>Nota: os passageiros hospedados fora do raio central, consulte tarifas e modalidade<\/i>\u00a0<\/strong><\/p>\n<p><span data-ccp-props=\"{&quot;201341983&quot;:0,&quot;335559740&quot;:276}\">\u00a0<\/span><\/p>","protected":false},"excerpt":{"rendered":"<p>N\u00f3s convidamos voc\u00ea a viver uma experi\u00eancia descontracturada para desfrutar <span class=\"TextRun SCXW199829240 BCX8\" lang=\"ES-419\" xml:lang=\"ES-419\" data-contrast=\"auto\"><span class=\"NormalTextRun SCXW199829240 BCX8\">um piquenique nos jardins da adega.\u00a0<\/span><\/span><\/p>","protected":false},"featured_media":5844,"comment_status":"open","ping_status":"closed","template":"","meta":[],"product_brand":[],"product_cat":[20,246],"product_tag":[],"dias":[],"class_list":{"0":"post-5842","1":"product","2":"type-product","3":"status-publish","4":"has-post-thumbnail","6":"product_cat-bodegas","7":"product_cat-mendoza","9":"first","10":"instock","11":"shipping-taxable","12":"product-type-simple"},"booking_location":null,"booking_location_type":null,"booking_duration":null,"booking_duration_unit":null,"booking_buffer":null,"booking_cost":null,"booking_resources":null,"jetpack_sharing_enabled":true,"_links":{"self":[{"href":"https:\/\/aymaramendoza.com.ar\/pt\/wp-json\/wp\/v2\/product\/5842","targetHints":{"allow":["GET"]}}],"collection":[{"href":"https:\/\/aymaramendoza.com.ar\/pt\/wp-json\/wp\/v2\/product"}],"about":[{"href":"https:\/\/aymaramendoza.com.ar\/pt\/wp-json\/wp\/v2\/types\/product"}],"replies":[{"embeddable":true,"href":"https:\/\/aymaramendoza.com.ar\/pt\/wp-json\/wp\/v2\/comments?post=5842"}],"version-history":[{"count":2,"href":"https:\/\/aymaramendoza.com.ar\/pt\/wp-json\/wp\/v2\/product\/5842\/revisions"}],"predecessor-version":[{"id":5845,"href":"https:\/\/aymaramendoza.com.ar\/pt\/wp-json\/wp\/v2\/product\/5842\/revisions\/5845"}],"wp:featuredmedia":[{"embeddable":true,"href":"https:\/\/aymaramendoza.com.ar\/pt\/wp-json\/wp\/v2\/media\/5844"}],"wp:attachment":[{"href":"https:\/\/aymaramendoza.com.ar\/pt\/wp-json\/wp\/v2\/media?parent=5842"}],"wp:term":[{"taxonomy":"product_brand","embeddable":true,"href":"https:\/\/aymaramendoza.com.ar\/pt\/wp-json\/wp\/v2\/product_brand?post=5842"},{"taxonomy":"product_cat","embeddable":true,"href":"https:\/\/aymaramendoza.com.ar\/pt\/wp-json\/wp\/v2\/product_cat?post=5842"},{"taxonomy":"product_tag","embeddable":true,"href":"https:\/\/aymaramendoza.com.ar\/pt\/wp-json\/wp\/v2\/product_tag?post=5842"},{"taxonomy":"dias","embeddable":true,"href":"https:\/\/aymaramendoza.com.ar\/pt\/wp-json\/wp\/v2\/dias?post=5842"}],"curies":[{"name":"wp","href":"https:\/\/api.w.org\/{rel}","templated":true}]}}