{"id":5645,"date":"2024-02-01T13:40:46","date_gmt":"2024-02-01T16:40:46","guid":{"rendered":"https:\/\/aymaramendoza.com.ar\/?post_type=product&#038;p=5645"},"modified":"2024-10-02T13:09:16","modified_gmt":"2024-10-02T16:09:16","slug":"wine-ride-lujan-c-alm-exp-caminos-de-vinedo","status":"publish","type":"product","link":"https:\/\/aymaramendoza.com.ar\/pt\/servicios\/wine-ride-lujan-c-alm-exp-caminos-de-vinedo\/","title":{"rendered":"WINE &amp; BIKE LUJ\u00c1N C\/ALM \u2013 EXP.CAMINHOS DE VINHEDO"},"content":{"rendered":"<p>Para a terra do sol e do bom vinho com um curso exclusivamente por vinhedos.<br \/>\nEsta experi\u00eancia inclui:<\/p>\n<ul>\n<li>Bicicleta, guia tur\u00edstico, seguro de responsabilidade civil contra terceiros de bicicleta, assist\u00eancia m\u00e9dica e mec\u00e2nica.<\/li>\n<li>Visita guiada \u00e0 adega e museu + degusta\u00e7\u00e3o com a propriet\u00e1ria da adega Vinorum \u2013 10:00 \u00e0s 11:30 hs.<\/li>\n<li>Curso por vinhedo<\/li>\n<li><span data-contrast=\"auto\">Visita e degusta\u00e7\u00e3o na vin\u00edcola Renascer \u2013 de 12:30 \u00e0s 14:00.<\/span><span data-ccp-props=\"{&quot;201341983&quot;:0,&quot;335551550&quot;:6,&quot;335551620&quot;:6,&quot;335557856&quot;:16777215,&quot;335559740&quot;:276}\">\u00a0<\/span><\/li>\n<li><span data-contrast=\"auto\">Almo\u00e7o harmonizado de 5 pratos (5 copos de vinho) + visita \u00e0 adega Foster Lorca \u2013 de 14:30 \u00e0s 17:00hs<\/span><\/li>\n<\/ul>\n<p><u>Sa\u00eddas regulares:<\/u> de segunda-feira a s\u00e1bado<\/p>\n<p><u>Hora:<\/u> 09:30 \u00e0s 17:00 hs<br \/>\n<u>Dura\u00e7\u00e3o:<\/u> todo o dia \u2013 sa\u00eddas durante todo o ano<br \/>\n<u>Curso<\/u>: 5km por vinhas e via p\u00fablica<\/p>","protected":false},"excerpt":{"rendered":"<p>Para a terra do sol e do bom vinho com um curso exclusivamente por vinhedos.<\/p>","protected":false},"featured_media":5625,"comment_status":"open","ping_status":"closed","template":"","meta":[],"product_brand":[],"product_cat":[72,246],"product_tag":[],"dias":[],"class_list":{"0":"post-5645","1":"product","2":"type-product","3":"status-publish","4":"has-post-thumbnail","6":"product_cat-aventura","7":"product_cat-mendoza","9":"first","10":"instock","11":"shipping-taxable","12":"product-type-simple"},"booking_location":null,"booking_location_type":null,"booking_duration":null,"booking_duration_unit":null,"booking_buffer":null,"booking_cost":null,"booking_resources":null,"jetpack_sharing_enabled":true,"_links":{"self":[{"href":"https:\/\/aymaramendoza.com.ar\/pt\/wp-json\/wp\/v2\/product\/5645","targetHints":{"allow":["GET"]}}],"collection":[{"href":"https:\/\/aymaramendoza.com.ar\/pt\/wp-json\/wp\/v2\/product"}],"about":[{"href":"https:\/\/aymaramendoza.com.ar\/pt\/wp-json\/wp\/v2\/types\/product"}],"replies":[{"embeddable":true,"href":"https:\/\/aymaramendoza.com.ar\/pt\/wp-json\/wp\/v2\/comments?post=5645"}],"version-history":[{"count":5,"href":"https:\/\/aymaramendoza.com.ar\/pt\/wp-json\/wp\/v2\/product\/5645\/revisions"}],"predecessor-version":[{"id":6087,"href":"https:\/\/aymaramendoza.com.ar\/pt\/wp-json\/wp\/v2\/product\/5645\/revisions\/6087"}],"wp:featuredmedia":[{"embeddable":true,"href":"https:\/\/aymaramendoza.com.ar\/pt\/wp-json\/wp\/v2\/media\/5625"}],"wp:attachment":[{"href":"https:\/\/aymaramendoza.com.ar\/pt\/wp-json\/wp\/v2\/media?parent=5645"}],"wp:term":[{"taxonomy":"product_brand","embeddable":true,"href":"https:\/\/aymaramendoza.com.ar\/pt\/wp-json\/wp\/v2\/product_brand?post=5645"},{"taxonomy":"product_cat","embeddable":true,"href":"https:\/\/aymaramendoza.com.ar\/pt\/wp-json\/wp\/v2\/product_cat?post=5645"},{"taxonomy":"product_tag","embeddable":true,"href":"https:\/\/aymaramendoza.com.ar\/pt\/wp-json\/wp\/v2\/product_tag?post=5645"},{"taxonomy":"dias","embeddable":true,"href":"https:\/\/aymaramendoza.com.ar\/pt\/wp-json\/wp\/v2\/dias?post=5645"}],"curies":[{"name":"wp","href":"https:\/\/api.w.org\/{rel}","templated":true}]}}