{"id":5571,"date":"2023-10-10T12:05:01","date_gmt":"2023-10-10T15:05:01","guid":{"rendered":"https:\/\/aymaramendoza.com.ar\/?post_type=product&#038;p=5571"},"modified":"2025-05-06T13:08:00","modified_gmt":"2025-05-06T16:08:00","slug":"valle-de-uco","status":"publish","type":"product","link":"https:\/\/aymaramendoza.com.ar\/pt\/servicios\/valle-de-uco\/","title":{"rendered":"Vale de Uco, Em regular"},"content":{"rendered":"<p><span style=\"font-weight: 400;\">As regi\u00f5es de vinhos mais emblem\u00e1tica de Mendoza, destaca-se o Vale de Uco, conhecida por seus premiados e exuberantes vinhos.<\/span><\/p>\n<p>Sairemos em dire\u00e7\u00e3o ao departamento de Tupungato, combinamos a beleza da cordilheira com 1 adega de importante envergadura. Visitaremos Adega de PEDRA PRETA, transitaremos o corredor produtivo, monumento Cristo Rei e Manzano Hist\u00f3rico, combinando assim vinho, cultura e hist\u00f3ria da prov\u00edncia de mendoza. <span style=\"font-weight: 400;\">Em horas da tarde, regressaremos \u00e0 cidade de Mendoza<\/span><\/p>\n<ul>\n<li><span style=\"font-weight: 400;\"><strong>Sa\u00eddas regulares<\/strong>:<\/span><span style=\"font-weight: 400;\"> sexta-feira<\/span><\/li>\n<li><span style=\"font-weight: 400;\"><strong>Hora<\/strong>:<\/span><span style=\"font-weight: 400;\"> a partir das 8:00hs<\/span><\/li>\n<li><span style=\"font-weight: 400;\"><strong>Dura\u00e7\u00e3o<\/strong>:<\/span><span style=\"font-weight: 400;\"> todo o dia \u2013 sa\u00eddas durante todo o ano<\/span><\/li>\n<li><span style=\"font-weight: 400;\"><strong>Observa\u00e7\u00f5es<\/strong>:<\/span><span style=\"font-weight: 400;\"><br \/>\n\u2013 A Entrada e degusta\u00e7\u00e3o na Adega ser\u00e1 paga pelo passageiro, n\u00e3o est\u00e1 inclu\u00eddo no valor do passeio e n\u00e3o \u00e9 opcional, j\u00e1 que faz parte da excurs\u00e3o.<br \/>\n&#8211; Almuerzo a cargo del pasajero en restaurante LA JUNTADA. (incluye entrada, parrilla\/pastas, postre).<br \/>\n&#8211; Bodega sujeta a cambio seg\u00fan disponibilidad.<br \/>\n<\/span><b><\/b><\/li>\n<\/ul>\n<p><strong>Notas:\u00a0<\/strong><\/p>\n<p><em>* Pasajeros alojados fuera del radio c\u00e9ntrico, deben dirigirse al hotel m\u00e1s pr\u00f3ximo indicado por el personal de Aymar\u00e1 Turismo.<\/em><\/p>\n<p><em>* Salidas en privado: todos los d\u00edas, sujeto a disponibilidad. Consultar con agencia.\u00a0<\/em><\/p>","protected":false},"excerpt":{"rendered":"<p><span style=\"font-weight: 400;\">Conhece a vin\u00edcola mais emblem\u00e1tica de Mendoza, conhecido por suas premiadas vin\u00edcolas e vinhos, combinando vinho, cultura e hist\u00f3ria da prov\u00edncia de mendoza.<\/span><\/p>","protected":false},"featured_media":5572,"comment_status":"open","ping_status":"closed","template":"","meta":[],"product_brand":[],"product_cat":[203,46],"product_tag":[636,638,158,634],"dias":[251],"class_list":{"0":"post-5571","1":"product","2":"type-product","3":"status-publish","4":"has-post-thumbnail","6":"product_cat-convencionales","7":"product_cat-valle-de-uco","8":"product_tag-piedra-negra","9":"product_tag-tupungato","10":"product_tag-uco","11":"product_tag-valle-de-uco","12":"dias-viernes","14":"first","15":"instock","16":"shipping-taxable","17":"product-type-simple"},"booking_location":null,"booking_location_type":null,"booking_duration":null,"booking_duration_unit":null,"booking_buffer":null,"booking_cost":null,"booking_resources":null,"jetpack_sharing_enabled":true,"_links":{"self":[{"href":"https:\/\/aymaramendoza.com.ar\/pt\/wp-json\/wp\/v2\/product\/5571","targetHints":{"allow":["GET"]}}],"collection":[{"href":"https:\/\/aymaramendoza.com.ar\/pt\/wp-json\/wp\/v2\/product"}],"about":[{"href":"https:\/\/aymaramendoza.com.ar\/pt\/wp-json\/wp\/v2\/types\/product"}],"replies":[{"embeddable":true,"href":"https:\/\/aymaramendoza.com.ar\/pt\/wp-json\/wp\/v2\/comments?post=5571"}],"version-history":[{"count":9,"href":"https:\/\/aymaramendoza.com.ar\/pt\/wp-json\/wp\/v2\/product\/5571\/revisions"}],"predecessor-version":[{"id":6905,"href":"https:\/\/aymaramendoza.com.ar\/pt\/wp-json\/wp\/v2\/product\/5571\/revisions\/6905"}],"wp:featuredmedia":[{"embeddable":true,"href":"https:\/\/aymaramendoza.com.ar\/pt\/wp-json\/wp\/v2\/media\/5572"}],"wp:attachment":[{"href":"https:\/\/aymaramendoza.com.ar\/pt\/wp-json\/wp\/v2\/media?parent=5571"}],"wp:term":[{"taxonomy":"product_brand","embeddable":true,"href":"https:\/\/aymaramendoza.com.ar\/pt\/wp-json\/wp\/v2\/product_brand?post=5571"},{"taxonomy":"product_cat","embeddable":true,"href":"https:\/\/aymaramendoza.com.ar\/pt\/wp-json\/wp\/v2\/product_cat?post=5571"},{"taxonomy":"product_tag","embeddable":true,"href":"https:\/\/aymaramendoza.com.ar\/pt\/wp-json\/wp\/v2\/product_tag?post=5571"},{"taxonomy":"dias","embeddable":true,"href":"https:\/\/aymaramendoza.com.ar\/pt\/wp-json\/wp\/v2\/dias?post=5571"}],"curies":[{"name":"wp","href":"https:\/\/api.w.org\/{rel}","templated":true}]}}