{"id":5547,"date":"2023-09-26T10:42:30","date_gmt":"2023-09-26T13:42:30","guid":{"rendered":"https:\/\/aymaramendoza.com.ar\/?post_type=product&#038;p=5547"},"modified":"2024-10-02T11:04:51","modified_gmt":"2024-10-02T14:04:51","slug":"trekking-cerro-arenales","status":"publish","type":"product","link":"https:\/\/aymaramendoza.com.ar\/pt\/servicios\/trekking-cerro-arenales\/","title":{"rendered":"TREKKING CERRO ARENALES"},"content":{"rendered":"<div class=\"elementor-element elementor-element-f180831 elementor-widget elementor-widget-theme-post-excerpt\" data-id=\"f180831\" data-element_type=\"widget\" data-widget_type=\"theme-post-excerpt.default\">\n<p><span data-contrast=\"none\">Para os amantes da montanha e a natureza, os convidamos voc\u00ea a fazer esta viagem, localizada na zona de Vale cerca de 95km da cidade de Mendoza. <\/span><span data-ccp-props=\"{&quot;134233117&quot;:false,&quot;134233118&quot;:false,&quot;201341983&quot;:0,&quot;335551550&quot;:6,&quot;335551620&quot;:6,&quot;335557856&quot;:16777215,&quot;335559738&quot;:0,&quot;335559739&quot;:0,&quot;335559740&quot;:276}\">\u00a0<\/span><\/p>\n<p><span data-contrast=\"none\">O Cerro Arenales, nos levar\u00e1 ao seu cume a quase 3400 metros de altura. Uma \u00e1rea com excelentes condi\u00e7\u00f5es de terreno para trabalhar na aclama\u00e7\u00e3o de trekking de maior complexidade.<\/span><span data-ccp-props=\"{&quot;134233117&quot;:false,&quot;134233118&quot;:false,&quot;201341983&quot;:0,&quot;335551550&quot;:6,&quot;335551620&quot;:6,&quot;335557856&quot;:16777215,&quot;335559738&quot;:0,&quot;335559739&quot;:0,&quot;335559740&quot;:276}\">\u00a0<\/span><\/p>\n<p><span data-contrast=\"none\">Uma vez no topo do Morro, desfrutar de vistas maravilhosas sobre o Vale de Potrerillos e a pr\u00e9-cordilheira dos Andes. Um passeio ideal para conhecer a montanha em mendoza, com suas paisagens \u00fanicas.<\/span><span data-ccp-props=\"{&quot;134233117&quot;:false,&quot;134233118&quot;:false,&quot;201341983&quot;:0,&quot;335551550&quot;:6,&quot;335551620&quot;:6,&quot;335557856&quot;:16777215,&quot;335559738&quot;:0,&quot;335559739&quot;:0,&quot;335559740&quot;:276}\">\u00a0<\/span><span data-contrast=\"none\">Depois de uns 15 minutos de descida, come\u00e7aremos a descida at\u00e9 chegar \u00e0 base. Finalizado o trekking estiraremos. Nas horas da tarde, regressaremos \u00e0 cidade de Mendoza. <\/span><span data-ccp-props=\"{&quot;134233117&quot;:false,&quot;134233118&quot;:false,&quot;201341983&quot;:0,&quot;335551550&quot;:6,&quot;335551620&quot;:6,&quot;335557856&quot;:16777215,&quot;335559738&quot;:0,&quot;335559739&quot;:0,&quot;335559740&quot;:276}\">\u00a0<\/span><\/p>\n<p><b><span data-contrast=\"none\">Lugar:<\/span><\/b><span data-contrast=\"none\">\u00a0\u00c1rea de Potrerillos.<\/span><br \/>\n<b><span data-contrast=\"none\">Dura\u00e7\u00e3o:<\/span><\/b><span data-contrast=\"none\">\u00a05 horas aprox.<\/span><br \/>\n<b><span data-contrast=\"none\">Dificuldade:<\/span><\/b><span data-contrast=\"none\">\u00a0Moderado \/ dif\u00edcil.<\/span><br \/>\n<b><span data-contrast=\"none\">Idade m\u00ednima:<\/span><\/b><span data-contrast=\"none\">\u00a012 anos.<\/span><span data-ccp-props=\"{&quot;134233117&quot;:false,&quot;134233118&quot;:false,&quot;201341983&quot;:0,&quot;335551550&quot;:6,&quot;335551620&quot;:6,&quot;335557856&quot;:16777215,&quot;335559738&quot;:0,&quot;335559739&quot;:216,&quot;335559740&quot;:276}\"> (ver menos)<\/span><\/p>\n<ul>\n<li><u>Sa\u00eddas regulares:<\/u> todos os dias<\/li>\n<li><u>Hora:<\/u> a partir das 9:30 hs<\/li>\n<li><u>Dura\u00e7\u00e3o:<\/u> todo o dia \u2013 sa\u00eddas durante todo o ano<\/li>\n<li><span class=\"NormalTextRun SCXW71847597 BCX8\"><span data-contrast=\"auto\"><u>Recomendamos:<\/u><\/span><\/span><span class=\"TextRun SCXW71847597 BCX8\" lang=\"ES-419\" xml:lang=\"ES-419\" data-contrast=\"auto\"><span class=\"NormalTextRun SCXW71847597 BCX8\">\u00a0<\/span><\/span><span class=\"TextRun SCXW71847597 BCX8\" lang=\"ES-419\" xml:lang=\"ES-419\" data-contrast=\"auto\"><span class=\"NormalTextRun SCXW71847597 BCX8\">levar cal\u00e7ado desportivo ou botas de\u00a0<\/span><span class=\"NormalTextRun SpellingErrorV2Themed SCXW71847597 BCX8\">trekking<\/span><span class=\"NormalTextRun SCXW71847597 BCX8\">, protetor solar, \u00f3culos, bon\u00e9 e um par de meias extra.<\/span><\/span><span class=\"EOP SCXW71847597 BCX8\" data-ccp-props=\"{&quot;201341983&quot;:0,&quot;335551550&quot;:6,&quot;335551620&quot;:6,&quot;335559740&quot;:276}\">\u00a0<\/span><\/li>\n<\/ul>\n<\/div>\n<div class=\"elementor-element elementor-element-4491e0c elementor-widget elementor-widget-theme-post-content\" data-id=\"4491e0c\" data-element_type=\"widget\" data-widget_type=\"theme-post-content.default\">\n<div class=\"elementor-widget-container\">\n<p><em><span class=\"TextRun SCXW218181068 BCX8\" lang=\"ES-419\" xml:lang=\"ES-419\" data-contrast=\"none\"><span class=\"NormalTextRun SCXW218181068 BCX8\">Nota: os passageiros hospedados fora do raio central, devem dirigir-se ao ponto indicado por\u00a0<\/span><span class=\"NormalTextRun SpellingErrorV2Themed SCXW218181068 BCX8\">Aymar\u00e1<\/span><span class=\"NormalTextRun SCXW218181068 BCX8\">\u00a0Turismo<\/span><\/span><span class=\"EOP SCXW218181068 BCX8\" data-ccp-props=\"{&quot;201341983&quot;:0,&quot;335551550&quot;:6,&quot;335551620&quot;:6,&quot;335559740&quot;:276}\">\u00a0<\/span><\/em><\/p>\n<\/div>\n<\/div>","protected":false},"excerpt":{"rendered":"<p><span data-contrast=\"none\">Para los amantes de la monta\u00f1a y la naturaleza, los invitamos hacer cumbre al Cerro Arenales, a casi\u00a0<\/span><span data-contrast=\"none\">3400 msnm de altura. <\/span><\/p>","protected":false},"featured_media":5548,"comment_status":"open","ping_status":"closed","template":"","meta":[],"product_brand":[],"product_cat":[72,246],"product_tag":[632,93,124,59,125],"dias":[],"class_list":{"0":"post-5547","1":"product","2":"type-product","3":"status-publish","4":"has-post-thumbnail","6":"product_cat-aventura","7":"product_cat-mendoza","8":"product_tag-arenales","9":"product_tag-aventura","10":"product_tag-cerro","11":"product_tag-montana","12":"product_tag-trekking","14":"first","15":"instock","16":"shipping-taxable","17":"product-type-simple"},"booking_location":null,"booking_location_type":null,"booking_duration":null,"booking_duration_unit":null,"booking_buffer":null,"booking_cost":null,"booking_resources":null,"jetpack_sharing_enabled":true,"_links":{"self":[{"href":"https:\/\/aymaramendoza.com.ar\/pt\/wp-json\/wp\/v2\/product\/5547","targetHints":{"allow":["GET"]}}],"collection":[{"href":"https:\/\/aymaramendoza.com.ar\/pt\/wp-json\/wp\/v2\/product"}],"about":[{"href":"https:\/\/aymaramendoza.com.ar\/pt\/wp-json\/wp\/v2\/types\/product"}],"replies":[{"embeddable":true,"href":"https:\/\/aymaramendoza.com.ar\/pt\/wp-json\/wp\/v2\/comments?post=5547"}],"version-history":[{"count":8,"href":"https:\/\/aymaramendoza.com.ar\/pt\/wp-json\/wp\/v2\/product\/5547\/revisions"}],"predecessor-version":[{"id":6446,"href":"https:\/\/aymaramendoza.com.ar\/pt\/wp-json\/wp\/v2\/product\/5547\/revisions\/6446"}],"wp:featuredmedia":[{"embeddable":true,"href":"https:\/\/aymaramendoza.com.ar\/pt\/wp-json\/wp\/v2\/media\/5548"}],"wp:attachment":[{"href":"https:\/\/aymaramendoza.com.ar\/pt\/wp-json\/wp\/v2\/media?parent=5547"}],"wp:term":[{"taxonomy":"product_brand","embeddable":true,"href":"https:\/\/aymaramendoza.com.ar\/pt\/wp-json\/wp\/v2\/product_brand?post=5547"},{"taxonomy":"product_cat","embeddable":true,"href":"https:\/\/aymaramendoza.com.ar\/pt\/wp-json\/wp\/v2\/product_cat?post=5547"},{"taxonomy":"product_tag","embeddable":true,"href":"https:\/\/aymaramendoza.com.ar\/pt\/wp-json\/wp\/v2\/product_tag?post=5547"},{"taxonomy":"dias","embeddable":true,"href":"https:\/\/aymaramendoza.com.ar\/pt\/wp-json\/wp\/v2\/dias?post=5547"}],"curies":[{"name":"wp","href":"https:\/\/api.w.org\/{rel}","templated":true}]}}