{"id":4594,"date":"2022-08-05T15:11:40","date_gmt":"2022-08-05T18:11:40","guid":{"rendered":"https:\/\/aymaramendoza.com.ar\/?post_type=product&#038;p=4594"},"modified":"2024-09-11T11:26:25","modified_gmt":"2024-09-11T14:26:25","slug":"paquete-mendoza-para-vos","status":"publish","type":"product","link":"https:\/\/aymaramendoza.com.ar\/pt\/servicios\/paquete-mendoza-para-vos\/","title":{"rendered":"Pacote Mendoza para voc\u00ea \u2013 com Alojamento"},"content":{"rendered":"<p><em><strong>Pacote Mendoza para voc\u00ea \u2013 com Alojamento<\/strong><\/em><\/p>\n<p>Atividades com estadia por 6 dias \/ 5 noites<\/p>\n<p>Vivi uma experi\u00eancia completa em Mendoza. Uma combina\u00e7\u00e3o perfeita, onde voc\u00ea poder\u00e1 explorar a cidade, visitar as vin\u00edcolas mais prestigiadas da regi\u00e3o e descobrir a majestosa cordilheira dos Andes, em uma excurs\u00e3o a Alta montanha e um dia relaxante em um spa termal rodeado de um ambiente natural deslumbrante.<\/p>\n<p><strong>Itiner\u00e1rio<\/strong><\/p>\n<p><strong>Dia 1<\/strong> -Recep\u00e7\u00e3o no aeroporto e traslado ao hotel selecionado. \u00c0 tarde, visitaremos a Cidade de Mendoza, uma das mais belas do pa\u00eds. Come\u00e7aremos por toda a cidade antiga, local onde fora fundada; passaremos pela Alameda, micro-centro Pra\u00e7a da Independ\u00eancia e seus quatro pra\u00e7as sat\u00e9lites, Bairro C\u00edvico, e, em seguida, o majestoso Parque General San Martin com o Cerro de la Gloria, Est\u00e1dio Mundialista e Teatro Grego Frank Romero Day, cen\u00e1rio do ato central de reconhecida a Festa Nacional da Vindima.<\/p>\n<p><strong>Dia 2<\/strong>\u2013 Caf\u00e9 da manh\u00e3. sa\u00edda ao tour full Day alta montanha. Saindo da rota 7 passaremos por paisagens extraordin\u00e1rias, tais como Potrerillos e Uspallata. Chegaremos ao centro de esqui Los Penitentes e, pouco depois, a Ponte do Inca. Faremos uma parada em Mirante do Aconc\u00e1gua. <span class=\"OYPEnA font-feature-liga-off font-feature-clig-off font-feature-calt-off text-decoration-none text-strikethrough-none\">Finalmente visitaremos a cidade Das Cavernas (limite com o Chile a 3200 msns), e se o clima e as condi\u00e7\u00f5es do caminho que o permitem, culminaremos a excurs\u00e3o com uma visita ao monumento do Cristo Redentor.<\/span>\u00a0N\u00e3o inclui almo\u00e7o.<\/p>\n<p><strong>Dia 3<\/strong> \u2013 Caf\u00e9 da manh\u00e3. Nas primeiras horas da manh\u00e3, nos dirigimos ao Hotel Termas de Cacheuta para desfrutar de um dia de Relaxar em \u00e1guas termais que nos oferece o Circuito encalhado em plena pr\u00e9-cordilheira. Ao meio-dia desfrutaremos de um Almo\u00e7o tipo Buffet.<\/p>\n<p><strong>Dia 4<\/strong> &#8211; <span class=\"OYPEnA font-feature-liga-off font-feature-clig-off font-feature-calt-off text-decoration-none text-strikethrough-none\">Pequeno-almo\u00e7o. Desde o hotel e sa\u00edmos pela manh\u00e3, visitaremos 2 adegas, com almo\u00e7o inclu\u00eddo. Sa\u00edmos rumo ao o\u00e1sis agr\u00edcola central para visitar duas bodegas correspondentes ao circuito selecionado, percorrendo suas instala\u00e7\u00f5es e desfrutando a degusta\u00e7\u00e3o de seus vinhos. Vamos aprender de diferentes varietais da regi\u00e3o, seus processos de elabora\u00e7\u00e3o, assim como do cuidado, a educa\u00e7\u00e3o e a divis\u00e3o de diferentes tipos de vinhos, os sistemas de condu\u00e7\u00e3o e irriga\u00e7\u00e3o. <\/span><span class=\"OYPEnA font-feature-liga-off font-feature-clig-off font-feature-calt-off text-decoration-none text-strikethrough-none\">Ao meio-dia em uma das vin\u00edcolas que visitamos, participaremos de um almo\u00e7o gourmet passo Maridados. O sommelier nos ensinar\u00e1 sobre os vinhos e harmoniza\u00e7\u00e3o.<\/span><\/p>\n<p><strong>Dia 5<\/strong>&#8211; <strong>Excurs\u00e3o opcional<\/strong> \u2013 os passageiros podem tomar a passeio full Day Vale de Uco.Sa\u00edmos da pousada para descobrir o crescente o\u00e1sis de vinhos de alta gama. Nos deleitar\u00e1 em uma das mais prestigiadas vin\u00edcolas, rumo ao o\u00e1sis vitivin\u00edcola do Vale de Uco, onde se encontram as mais prestigiadas vin\u00edcolas produtoras de vinhos de alta gama e onde a paisagem oferece um valor \u00fanico a este circuito. O percurso inclui a visita a 2 adegas, percorrendo suas instala\u00e7\u00f5es e desfrutando da degusta\u00e7\u00e3o de seus vinhos. Conheceremos do cuidado, a educa\u00e7\u00e3o e a divis\u00e3o de diferentes tipos de vinhos. Como tamb\u00e9m uma ampla informa\u00e7\u00e3o dos sistemas de condu\u00e7\u00e3o da videira e da irriga\u00e7\u00e3o. Ao meio-dia participaremos de um almo\u00e7o no restaurante da adega selecionada, desfrutando de uma reconhecida cozinha. Entraremos em pr\u00e1tica as t\u00e9cnicas de degusta\u00e7\u00e3o e o sommelier, nos explicasse em detalhes sobre o leite e os vinhos a degustar. Pela tarde, retorno \u00e0 pousada.<\/p>\n<p><strong>Dia 6<\/strong>\u2013 Caf\u00e9 da manh\u00e3 e check out. No hor\u00e1rio combinado, transfer da pousada ao aeroporto de Mendoza<\/p>","protected":false},"excerpt":{"rendered":"<p>Vivi uma experi\u00eancia completa em Mendoza. Uma combina\u00e7\u00e3o perfeita, onde voc\u00ea poder\u00e1 explorar a cidade, visitar as vin\u00edcolas mais prestigiadas da regi\u00e3o e descobrir a majestosa cordilheira dos Andes, em uma excurs\u00e3o a Alta montanha e um dia relaxante em um spa termal rodeado de um ambiente natural deslumbrante.<\/p>","protected":false},"featured_media":6324,"comment_status":"open","ping_status":"closed","template":"","meta":[],"product_brand":[],"product_cat":[246,194],"product_tag":[],"dias":[],"class_list":{"0":"post-4594","1":"product","2":"type-product","3":"status-publish","4":"has-post-thumbnail","6":"product_cat-mendoza","7":"product_cat-paquetes","9":"first","10":"instock","11":"shipping-taxable","12":"product-type-simple"},"booking_location":null,"booking_location_type":null,"booking_duration":null,"booking_duration_unit":null,"booking_buffer":null,"booking_cost":null,"booking_resources":null,"jetpack_sharing_enabled":true,"_links":{"self":[{"href":"https:\/\/aymaramendoza.com.ar\/pt\/wp-json\/wp\/v2\/product\/4594","targetHints":{"allow":["GET"]}}],"collection":[{"href":"https:\/\/aymaramendoza.com.ar\/pt\/wp-json\/wp\/v2\/product"}],"about":[{"href":"https:\/\/aymaramendoza.com.ar\/pt\/wp-json\/wp\/v2\/types\/product"}],"replies":[{"embeddable":true,"href":"https:\/\/aymaramendoza.com.ar\/pt\/wp-json\/wp\/v2\/comments?post=4594"}],"version-history":[{"count":7,"href":"https:\/\/aymaramendoza.com.ar\/pt\/wp-json\/wp\/v2\/product\/4594\/revisions"}],"predecessor-version":[{"id":6321,"href":"https:\/\/aymaramendoza.com.ar\/pt\/wp-json\/wp\/v2\/product\/4594\/revisions\/6321"}],"wp:featuredmedia":[{"embeddable":true,"href":"https:\/\/aymaramendoza.com.ar\/pt\/wp-json\/wp\/v2\/media\/6324"}],"wp:attachment":[{"href":"https:\/\/aymaramendoza.com.ar\/pt\/wp-json\/wp\/v2\/media?parent=4594"}],"wp:term":[{"taxonomy":"product_brand","embeddable":true,"href":"https:\/\/aymaramendoza.com.ar\/pt\/wp-json\/wp\/v2\/product_brand?post=4594"},{"taxonomy":"product_cat","embeddable":true,"href":"https:\/\/aymaramendoza.com.ar\/pt\/wp-json\/wp\/v2\/product_cat?post=4594"},{"taxonomy":"product_tag","embeddable":true,"href":"https:\/\/aymaramendoza.com.ar\/pt\/wp-json\/wp\/v2\/product_tag?post=4594"},{"taxonomy":"dias","embeddable":true,"href":"https:\/\/aymaramendoza.com.ar\/pt\/wp-json\/wp\/v2\/dias?post=4594"}],"curies":[{"name":"wp","href":"https:\/\/api.w.org\/{rel}","templated":true}]}}