{"id":4458,"date":"2022-07-28T10:21:36","date_gmt":"2022-07-28T13:21:36","guid":{"rendered":"https:\/\/aymaramendoza.com.ar\/?post_type=product&#038;p=4458"},"modified":"2024-08-28T11:27:43","modified_gmt":"2024-08-28T14:27:43","slug":"canopy-circuito-adrenalina","status":"publish","type":"product","link":"https:\/\/aymaramendoza.com.ar\/pt\/servicios\/canopy-circuito-adrenalina\/","title":{"rendered":"CANOPY CIRCUTO ADRENALINA"},"content":{"rendered":"<p><span class=\"NormalTextRun SCXW100261210 BCX8\">Com o ar no rosto e a adrenalina correndo pelo corpo, os convidamos a <\/span><span class=\"NormalTextRun SCXW100261210 BCX8\">atravessar o rio Mendoza de uma forma original e divertida, passando de um morro para o outro sem nunca tocar o ch\u00e3o.<\/span><span class=\"NormalTextRun SCXW100261210 BCX8\"> Uma maneira original de desfrutar a paisagem da montanha ao lado do rio a partir da altura.<\/span><span class=\"NormalTextRun SCXW100261210 BCX8\">\u00a0<\/span><\/p>\n<p>Sa\u00edda da cidade de Mendoza, no hor\u00e1rio da manh\u00e3 para a regi\u00e3o de Potrerillos at\u00e9 chegar \u00e0 base. Uma vez na base, o guia vai nos dar uma pequena palestra de seguran\u00e7a e recomenda\u00e7\u00f5es, continuada com a explica\u00e7\u00e3o da atividade. Continuaremos com a entrega do equipamento obrigat\u00f3rio de seguran\u00e7a, uma vez que todos trabalham com os elementos correspondentes, nos dirigimos ao ponto de partida.<\/p>\n<p>Esta atividade consiste em 6 linhas de zip-line das quais 2 cruzam o rio Mendoza, conectando dois morros. Ao final teremos tempo para desfrutar da paisagem e do restaurante de montanha da base. Nas horas da tarde, regresso ao hotel.<\/p>\n<p><strong>Dist\u00e2ncia:<\/strong>\u00a06 cabos, 1400mts de comprimento.<br \/>\n<strong>Altura m\u00e9dia:<\/strong>\u00a060mts aprox.<br \/>\n<strong>Dura\u00e7\u00e3o:<\/strong> 2 horas. (dependendo da quantidade de pessoas)<br \/>\n<strong>Dificuldade:<\/strong>\u00a0Moderado \/ dif\u00edcil.<br \/>\n<strong>Idade M\u00ednima:<\/strong>\u00a06 anos (ver menos).<\/p>\n<p><u>Sa\u00eddas regulares<\/u>: todos os dias<\/p>\n<p><u>Hora:<\/u> a partir das 9:30 hs<\/p>\n<p><u>Dura\u00e7\u00e3o:<\/u> todo o dia \u2013 sa\u00eddas durante todo o ano<\/p>","protected":false},"excerpt":{"rendered":"<p>Aventura sobre o rio Mendoza<\/p>","protected":false},"featured_media":4462,"comment_status":"open","ping_status":"closed","template":"","meta":[],"product_brand":[],"product_cat":[72,246],"product_tag":[],"dias":[],"class_list":{"0":"post-4458","1":"product","2":"type-product","3":"status-publish","4":"has-post-thumbnail","6":"product_cat-aventura","7":"product_cat-mendoza","9":"first","10":"instock","11":"shipping-taxable","12":"product-type-simple"},"booking_location":null,"booking_location_type":null,"booking_duration":null,"booking_duration_unit":null,"booking_buffer":null,"booking_cost":null,"booking_resources":null,"jetpack_sharing_enabled":true,"_links":{"self":[{"href":"https:\/\/aymaramendoza.com.ar\/pt\/wp-json\/wp\/v2\/product\/4458","targetHints":{"allow":["GET"]}}],"collection":[{"href":"https:\/\/aymaramendoza.com.ar\/pt\/wp-json\/wp\/v2\/product"}],"about":[{"href":"https:\/\/aymaramendoza.com.ar\/pt\/wp-json\/wp\/v2\/types\/product"}],"replies":[{"embeddable":true,"href":"https:\/\/aymaramendoza.com.ar\/pt\/wp-json\/wp\/v2\/comments?post=4458"}],"version-history":[{"count":5,"href":"https:\/\/aymaramendoza.com.ar\/pt\/wp-json\/wp\/v2\/product\/4458\/revisions"}],"predecessor-version":[{"id":5774,"href":"https:\/\/aymaramendoza.com.ar\/pt\/wp-json\/wp\/v2\/product\/4458\/revisions\/5774"}],"wp:featuredmedia":[{"embeddable":true,"href":"https:\/\/aymaramendoza.com.ar\/pt\/wp-json\/wp\/v2\/media\/4462"}],"wp:attachment":[{"href":"https:\/\/aymaramendoza.com.ar\/pt\/wp-json\/wp\/v2\/media?parent=4458"}],"wp:term":[{"taxonomy":"product_brand","embeddable":true,"href":"https:\/\/aymaramendoza.com.ar\/pt\/wp-json\/wp\/v2\/product_brand?post=4458"},{"taxonomy":"product_cat","embeddable":true,"href":"https:\/\/aymaramendoza.com.ar\/pt\/wp-json\/wp\/v2\/product_cat?post=4458"},{"taxonomy":"product_tag","embeddable":true,"href":"https:\/\/aymaramendoza.com.ar\/pt\/wp-json\/wp\/v2\/product_tag?post=4458"},{"taxonomy":"dias","embeddable":true,"href":"https:\/\/aymaramendoza.com.ar\/pt\/wp-json\/wp\/v2\/dias?post=4458"}],"curies":[{"name":"wp","href":"https:\/\/api.w.org\/{rel}","templated":true}]}}