{"id":4403,"date":"2022-07-08T11:14:08","date_gmt":"2022-07-08T14:14:08","guid":{"rendered":"https:\/\/aymaramendoza.com.ar\/?post_type=product&#038;p=4403"},"modified":"2024-09-10T13:21:18","modified_gmt":"2024-09-10T16:21:18","slug":"mendoza-con-san-rafael","status":"publish","type":"product","link":"https:\/\/aymaramendoza.com.ar\/pt\/servicios\/mendoza-con-san-rafael\/","title":{"rendered":"Pacote Mendoza com San Rafael - sem Alojamento"},"content":{"rendered":"<p><em><b>Pacote Mendoza com San Rafael \u2013 sem Alojamento\u00a0<\/b><\/em><\/p>\n<p>Atividade 03 noites em Mendoza \/ 02 noites em San Rafael<\/p>\n<p>Conhe\u00e7a as duas faces de Mendoza em um pacote que combina a cidade e o o\u00e1sis de San Rafael, onde voc\u00ea pode percorrer as mais impressionantes paisagens e atrativos da prov\u00edncia.<\/p>\n<p><strong>Inclui:<\/strong><\/p>\n<ul>\n<li>Transfer in\/out aeroporto ou terminal de \u00f4nibus e traslado ao hotel.<\/li>\n<li>Excurs\u00e3o de Cidade e Perto de meio-dia (MDZ). Onde visitaremos a Cidade de Mendoza, uma das mais belas do pa\u00eds. Come\u00e7ando pela cidade antiga, local onde foi fundada, passando pela Alameda, cidade com Pra\u00e7a de Independ\u00eancia e seus quatro pra\u00e7as sat\u00e9lites, Bairro C\u00edvico, e, em seguida, o majestoso Parque General San Martin com o Cerro de la Gloria, Est\u00e1dio Mundialista e Teatro Grego Frank Romero Day, cen\u00e1rio do ato central de reconhecida a Festa Nacional da Vindima.<\/li>\n<li>Excurs\u00e3o de vinho e Azeite meio dia (MDZ). Aqui visitaremos 2 edif\u00edcios, um industrial e de uma fam\u00edlia, onde aprenderemos sobre os vinhos mendocinos, seus processos de elabora\u00e7\u00e3o, e experimente os mesmos. Mais tarde, visitaremos uma f\u00e1brica de \u00f3leo de oliva, onde podemos observar o processo de elabora\u00e7\u00e3o deste produto.\u00a0\u00a0<i>Observa\u00e7\u00f5es: as adegas e oliv\u00edcola N\u00c3O s\u00e3o \u00e0 escolha do passageiro<\/i><\/li>\n<li>Transporte para San Rafael, ida ou volta em \u00f4nibus regular.<\/li>\n<li>Visita \u00e0 Barragem Los Reyunos (AFA). Uma experi\u00eancia emocionante que te permite desfrutar da beleza natural e tranquilidade de um ambiente impressionante. Na margem oeste do lago encontra-se o clube de Pesca e N\u00e1utica Los Reyunos, onde teremos tempo livre para desfrutar.<\/li>\n<\/ul>\n<p>&nbsp;<\/p>\n<p><strong>N\u00e3o inclui hospedagem<\/strong> (requer o m\u00ednimo de 03 nts em Mendoza e 02 nts em San Rafael, ver os melhores pre\u00e7os em Tarifas de HOT\u00c9IS, de acordo com temporadas).<\/p>\n<p>&nbsp;<\/p>","protected":false},"excerpt":{"rendered":"<p>Conhe\u00e7a as duas faces de Mendoza em um pacote que combina a cidade e o o\u00e1sis de San Rafael, onde voc\u00ea pode percorrer as mais impressionantes paisagens e atrativos da prov\u00edncia.<\/p>","protected":false},"featured_media":857,"comment_status":"open","ping_status":"closed","template":"","meta":[],"product_brand":[],"product_cat":[246,194,51],"product_tag":[],"dias":[],"class_list":{"0":"post-4403","1":"product","2":"type-product","3":"status-publish","4":"has-post-thumbnail","6":"product_cat-mendoza","7":"product_cat-paquetes","8":"product_cat-san-rafael","10":"first","11":"instock","12":"shipping-taxable","13":"product-type-simple"},"booking_location":null,"booking_location_type":null,"booking_duration":null,"booking_duration_unit":null,"booking_buffer":null,"booking_cost":null,"booking_resources":null,"jetpack_sharing_enabled":true,"_links":{"self":[{"href":"https:\/\/aymaramendoza.com.ar\/pt\/wp-json\/wp\/v2\/product\/4403","targetHints":{"allow":["GET"]}}],"collection":[{"href":"https:\/\/aymaramendoza.com.ar\/pt\/wp-json\/wp\/v2\/product"}],"about":[{"href":"https:\/\/aymaramendoza.com.ar\/pt\/wp-json\/wp\/v2\/types\/product"}],"replies":[{"embeddable":true,"href":"https:\/\/aymaramendoza.com.ar\/pt\/wp-json\/wp\/v2\/comments?post=4403"}],"version-history":[{"count":7,"href":"https:\/\/aymaramendoza.com.ar\/pt\/wp-json\/wp\/v2\/product\/4403\/revisions"}],"predecessor-version":[{"id":6309,"href":"https:\/\/aymaramendoza.com.ar\/pt\/wp-json\/wp\/v2\/product\/4403\/revisions\/6309"}],"wp:featuredmedia":[{"embeddable":true,"href":"https:\/\/aymaramendoza.com.ar\/pt\/wp-json\/wp\/v2\/media\/857"}],"wp:attachment":[{"href":"https:\/\/aymaramendoza.com.ar\/pt\/wp-json\/wp\/v2\/media?parent=4403"}],"wp:term":[{"taxonomy":"product_brand","embeddable":true,"href":"https:\/\/aymaramendoza.com.ar\/pt\/wp-json\/wp\/v2\/product_brand?post=4403"},{"taxonomy":"product_cat","embeddable":true,"href":"https:\/\/aymaramendoza.com.ar\/pt\/wp-json\/wp\/v2\/product_cat?post=4403"},{"taxonomy":"product_tag","embeddable":true,"href":"https:\/\/aymaramendoza.com.ar\/pt\/wp-json\/wp\/v2\/product_tag?post=4403"},{"taxonomy":"dias","embeddable":true,"href":"https:\/\/aymaramendoza.com.ar\/pt\/wp-json\/wp\/v2\/dias?post=4403"}],"curies":[{"name":"wp","href":"https:\/\/api.w.org\/{rel}","templated":true}]}}