{"id":4389,"date":"2022-07-07T13:05:52","date_gmt":"2022-07-07T16:05:52","guid":{"rendered":"https:\/\/aymaramendoza.com.ar\/?post_type=product&#038;p=4389"},"modified":"2024-10-02T09:32:31","modified_gmt":"2024-10-02T12:32:31","slug":"payunia44","status":"publish","type":"product","link":"https:\/\/aymaramendoza.com.ar\/pt\/servicios\/payunia44\/","title":{"rendered":"Payunia 4*4"},"content":{"rendered":"<p><span data-contrast=\"none\">Montados en una Legendaria Land Rover Defender equipada con seis butacas, te invitamos a vivenciar la Reserva Total La Payunia (tierra de volcanes) como siempre lo pensaste.\u00a0<\/span><span data-ccp-props=\"{&quot;134233117&quot;:false,&quot;134233118&quot;:false,&quot;201341983&quot;:0,&quot;335557856&quot;:16777215,&quot;335559738&quot;:0,&quot;335559739&quot;:216,&quot;335559740&quot;:279}\">\u00a0<\/span><\/p>\n<p><span data-contrast=\"none\">Desde Malarg\u00fce viajamos para o sul incr\u00edvel Ruta 40 at\u00e9 a RP 186, onde ir\u00e3o aparecer os primeiros cones do campo vulc\u00e2nico de Llancanelo. Com uma bela vista panor\u00e2mica do V\u00b0 Malacara e da antena DS3 ingressamos na RP 181 passando por las Pampas e Serras de Palauco. Tomamos caf\u00e9 da manh\u00e3 em um lugar t\u00edpico de crianceros de bodes onde Dona Matilde e Humberto Sagal nos recebem em sua casa.<\/span><span data-ccp-props=\"{&quot;134233117&quot;:false,&quot;134233118&quot;:false,&quot;201341983&quot;:0,&quot;335557856&quot;:16777215,&quot;335559738&quot;:0,&quot;335559739&quot;:216,&quot;335559740&quot;:279}\">\u00a0<\/span><\/p>\n<p><span data-contrast=\"none\">Seguiremos pelo caminho apreciando a fauna aut\u00f3ctone, guanacos, Choique, piches, raposas e muitas aves. Paramos no mirante dos Vulc\u00f5es para falar de ci\u00eancias, hist\u00f3ria e poderemos voc\u00ea aprecia a flora do lugar. Entrando atrav\u00e9s do campo de petr\u00f3leo de Fortunoso entramos para a parte tur\u00edstica da reserva onde nos deteremos nas Pampas Negras, V\u00b0 Da Ferradura, Campo de Bombas pirocl\u00e1sticas, As Cores, Museu de cera, e almo\u00e7ar no Real do Molle (comida fria, refrigerante, \u00e1gua, cerveja).<\/span><span data-ccp-props=\"{&quot;134233117&quot;:false,&quot;134233118&quot;:false,&quot;201341983&quot;:0,&quot;335557856&quot;:16777215,&quot;335559738&quot;:0,&quot;335559739&quot;:216,&quot;335559740&quot;:279}\">\u00a0<\/span><\/p>\n<p><span data-contrast=\"none\">Regresamos por el mismo camino hasta ingresar a las Pampas Negras y llegamos al imponente Volc\u00e1n El Morado donde haremos una caminata hasta su crater aportillado. La aventura contin\u00faa ingresando a una huella donde la defender demuestra porque es el veh\u00edculo preferido de los aventureros. Luego llegamos a la ruta 40 para conocer el imponente ca\u00f1\u00f3n de roca basaltica que construyo el Rio Grande en \u201cLa pasarela\u201d. Despu\u00e9s de la Merienda, Regresaremos a Malarg\u00fce recorriendo 130 km de la ruta nacional 40.<\/span><span data-ccp-props=\"{&quot;134233117&quot;:false,&quot;134233118&quot;:false,&quot;201341983&quot;:0,&quot;335557856&quot;:16777215,&quot;335559738&quot;:0,&quot;335559739&quot;:216,&quot;335559740&quot;:279}\">\u00a0<\/span><\/p>\n<p aria-level=\"5\"><strong>Recomenda\u00e7\u00f5es<\/strong><span data-contrast=\"none\">: Las bajas temperaturas, incluso en verano por el efecto del viento, obligan a llevar siempre abrigo. La radiaci\u00f3n solar es muy fuerte por lo que hay que protegerse. Calzado c\u00f3modo para caminar y agua extra.<\/span><span data-ccp-props=\"{&quot;134233117&quot;:false,&quot;134233118&quot;:false,&quot;134245418&quot;:true,&quot;134245529&quot;:true,&quot;201341983&quot;:0,&quot;335557856&quot;:16777215,&quot;335559738&quot;:120,&quot;335559739&quot;:240,&quot;335559740&quot;:279}\">\u00a0<\/span><\/p>\n<p><strong>Importante: <\/strong><span data-contrast=\"none\">N\u00e3o h\u00e1 casa de banho em todo o percurso.<\/span><span data-ccp-props=\"{&quot;134233117&quot;:false,&quot;134233118&quot;:false,&quot;201341983&quot;:0,&quot;335557856&quot;:16777215,&quot;335559738&quot;:0,&quot;335559739&quot;:216,&quot;335559740&quot;:279}\">\u00a0<\/span><\/p>\n<p><strong>Duraci\u00f3n de la Excursi\u00f3n: <\/strong><span data-contrast=\"none\">El total del recorrido llega casi a 420 Km. Dependiendo de las condiciones clim\u00e1ticas y camino, la duraci\u00f3n m\u00ednima es de entre 10 y 12 hs desde y hasta Malarg\u00fce.\u00a0\u00a0<\/span><span data-ccp-props=\"{&quot;201341983&quot;:0,&quot;335559739&quot;:160,&quot;335559740&quot;:279}\">\u00a0<\/span><\/p>\n<ul>\n<li data-leveltext=\"\uf0b7\" data-font=\"Symbol\" data-listid=\"1\" data-list-defn-props=\"{&quot;335552541&quot;:1,&quot;335559685&quot;:720,&quot;335559991&quot;:360,&quot;469769226&quot;:&quot;Symbol&quot;,&quot;469769242&quot;:[8226],&quot;469777803&quot;:&quot;left&quot;,&quot;469777804&quot;:&quot;\uf0b7&quot;,&quot;469777815&quot;:&quot;hybridMultilevel&quot;}\" aria-setsize=\"-1\" data-aria-posinset=\"1\" data-aria-level=\"1\"><b><span data-contrast=\"none\">Sa\u00eddas:<\/span><\/b><span data-contrast=\"none\"> Todos los d\u00edas (Sujetas a disponibilidad)<\/span><span data-ccp-props=\"{&quot;134233117&quot;:false,&quot;134233118&quot;:false,&quot;201341983&quot;:0,&quot;335557856&quot;:16777215,&quot;335559738&quot;:0,&quot;335559739&quot;:216,&quot;335559740&quot;:279}\">\u00a0<\/span><\/li>\n<\/ul>\n<ul>\n<li data-leveltext=\"\uf0b7\" data-font=\"Symbol\" data-listid=\"1\" data-list-defn-props=\"{&quot;335552541&quot;:1,&quot;335559685&quot;:720,&quot;335559991&quot;:360,&quot;469769226&quot;:&quot;Symbol&quot;,&quot;469769242&quot;:[8226],&quot;469777803&quot;:&quot;left&quot;,&quot;469777804&quot;:&quot;\uf0b7&quot;,&quot;469777815&quot;:&quot;hybridMultilevel&quot;}\" aria-setsize=\"-1\" data-aria-posinset=\"2\" data-aria-level=\"1\"><b><span data-contrast=\"none\">Dura\u00e7\u00e3o:<\/span><\/b><span data-contrast=\"none\"> Todo o dia\u00a0<\/span><span data-ccp-props=\"{&quot;134233117&quot;:false,&quot;134233118&quot;:false,&quot;201341983&quot;:0,&quot;335557856&quot;:16777215,&quot;335559738&quot;:0,&quot;335559739&quot;:216,&quot;335559740&quot;:279}\">\u00a0<\/span><\/li>\n<\/ul>\n<ul>\n<li data-leveltext=\"\uf0b7\" data-font=\"Symbol\" data-listid=\"1\" data-list-defn-props=\"{&quot;335552541&quot;:1,&quot;335559685&quot;:720,&quot;335559991&quot;:360,&quot;469769226&quot;:&quot;Symbol&quot;,&quot;469769242&quot;:[8226],&quot;469777803&quot;:&quot;left&quot;,&quot;469777804&quot;:&quot;\uf0b7&quot;,&quot;469777815&quot;:&quot;hybridMultilevel&quot;}\" aria-setsize=\"-1\" data-aria-posinset=\"3\" data-aria-level=\"1\"><b><span data-contrast=\"none\">Servi\u00e7o inclui:\u00a0<\/span><\/b><span data-contrast=\"none\"> Desayuno, Almuerzo y Meriendas<\/span><\/li>\n<\/ul>","protected":false},"excerpt":{"rendered":"<p><span data-contrast=\"none\">Te invitamos a vivenciar la Reserva Total La Payunia (tierra de volcanes) como siempre lo pensaste.<\/span><\/p>","protected":false},"featured_media":5247,"comment_status":"open","ping_status":"closed","template":"","meta":[],"product_brand":[],"product_cat":[622],"product_tag":[],"dias":[],"class_list":{"0":"post-4389","1":"product","2":"type-product","3":"status-publish","4":"has-post-thumbnail","6":"product_cat-malargue","8":"first","9":"instock","10":"shipping-taxable","11":"product-type-simple"},"booking_location":null,"booking_location_type":null,"booking_duration":null,"booking_duration_unit":null,"booking_buffer":null,"booking_cost":null,"booking_resources":null,"jetpack_sharing_enabled":true,"_links":{"self":[{"href":"https:\/\/aymaramendoza.com.ar\/pt\/wp-json\/wp\/v2\/product\/4389","targetHints":{"allow":["GET"]}}],"collection":[{"href":"https:\/\/aymaramendoza.com.ar\/pt\/wp-json\/wp\/v2\/product"}],"about":[{"href":"https:\/\/aymaramendoza.com.ar\/pt\/wp-json\/wp\/v2\/types\/product"}],"replies":[{"embeddable":true,"href":"https:\/\/aymaramendoza.com.ar\/pt\/wp-json\/wp\/v2\/comments?post=4389"}],"version-history":[{"count":7,"href":"https:\/\/aymaramendoza.com.ar\/pt\/wp-json\/wp\/v2\/product\/4389\/revisions"}],"predecessor-version":[{"id":6436,"href":"https:\/\/aymaramendoza.com.ar\/pt\/wp-json\/wp\/v2\/product\/4389\/revisions\/6436"}],"wp:featuredmedia":[{"embeddable":true,"href":"https:\/\/aymaramendoza.com.ar\/pt\/wp-json\/wp\/v2\/media\/5247"}],"wp:attachment":[{"href":"https:\/\/aymaramendoza.com.ar\/pt\/wp-json\/wp\/v2\/media?parent=4389"}],"wp:term":[{"taxonomy":"product_brand","embeddable":true,"href":"https:\/\/aymaramendoza.com.ar\/pt\/wp-json\/wp\/v2\/product_brand?post=4389"},{"taxonomy":"product_cat","embeddable":true,"href":"https:\/\/aymaramendoza.com.ar\/pt\/wp-json\/wp\/v2\/product_cat?post=4389"},{"taxonomy":"product_tag","embeddable":true,"href":"https:\/\/aymaramendoza.com.ar\/pt\/wp-json\/wp\/v2\/product_tag?post=4389"},{"taxonomy":"dias","embeddable":true,"href":"https:\/\/aymaramendoza.com.ar\/pt\/wp-json\/wp\/v2\/dias?post=4389"}],"curies":[{"name":"wp","href":"https:\/\/api.w.org\/{rel}","templated":true}]}}