{"id":4261,"date":"2022-06-24T10:19:47","date_gmt":"2022-06-24T13:19:47","guid":{"rendered":"https:\/\/aymaramendoza.com.ar\/?post_type=product&#038;p=4261"},"modified":"2024-09-10T13:22:58","modified_gmt":"2024-09-10T16:22:58","slug":"montanas-de-mendoza-san-rafael","status":"publish","type":"product","link":"https:\/\/aymaramendoza.com.ar\/pt\/servicios\/montanas-de-mendoza-san-rafael\/","title":{"rendered":"PACOTE MONTANHAS DE MENDOZA &amp; SAN RAFAEL - sem Alojamento"},"content":{"rendered":"<p><em><b>Pacote Montanha de Mendoza e San Rafael \u2013 sem Alojamento<\/b><\/em><\/p>\n<p>Atividade 03 noites em Mendoza \/ 02 noites em San Rafael<\/p>\n<p>Descobri a diversidade de Mendoza em um pacote que combina a cidade, a montanha e o o\u00e1sis de San Rafael, que inclui:<\/p>\n<ul>\n<li>Transfer in\/out aeroporto ou terminal de \u00f4nibus e traslado ao hotel.<\/li>\n<li>Excurs\u00e3o de vinho e Azeite meio dia (MDZ). Aqui visitaremos 2 edif\u00edcios, um industrial e de uma fam\u00edlia, onde aprenderemos sobre os vinhos mendocinos, seus processos de elabora\u00e7\u00e3o, e experimente os mesmos. Mais tarde, visitaremos uma f\u00e1brica de \u00f3leo de oliva, onde podemos observar o processo de elabora\u00e7\u00e3o deste produto.\u00a0\u00a0<i>Observa\u00e7\u00f5es: as adegas e oliv\u00edcola N\u00c3O s\u00e3o \u00e0 escolha do passageiro<\/i><\/li>\n<li>Passeio de Alta Montanha dia completo, em regular (MDZ). Passaremos por paisagens extraordin\u00e1rias, tais como Potrerillos e Uspallata. Chegaremos ao centro de esqui Los Penitentes e, pouco depois, a Ponte do Inca. Faremos uma parada em Mirante do Aconc\u00e1gua, para desfrutar das suas paisagens. Finalmente visitaremos a cidade Das Cavernas (limite com o Chile a 3200 msns), e se o clima e as condi\u00e7\u00f5es do caminho que o permitem, culminaremos a excurs\u00e3o com uma visita ao monumento do Cristo Redentor.<em>\u00a0N\u00e3o inclui almo\u00e7o<\/em>.<\/li>\n<li>Transporte para San Rafael, ida ou volta em \u00f4nibus regular.<\/li>\n<li>Passeio ao C\u00e2nion do Paran\u00e1 (AFA). Neste curso destacam-se os 56 Km. de Canh\u00e3o do Atuel. Do princ\u00edpio ao fim, esta estrada vai margeando o rio Atuel e cercado por paredes de 260 m em ambos os lados. As cores que imagine se destacam na rocha, os detalhes das centrais hidrel\u00e9tricas e divers\u00e3o garantida com as plataformas em seu caminho. Durante o curso, voc\u00ea conhecer\u00e1: Custa dos Bezerros, Mirante S\u00e3o Francisco de Assis, O Nihuil: barragem, Clube de Pescadores e Villa El Nihuil. Canh\u00e3o do Atuel, Vale Grande. Propriedade rural com degusta\u00e7\u00e3o.<\/li>\n<\/ul>\n<p><strong>N\u00e3o inclui hospedagem\u00a0<\/strong>(requer o m\u00ednimo de 03 noites em Mendoza e 02 noites em San Rafael, ver os melhores pre\u00e7os em Tarifas de HOT\u00c9IS, de acordo com temporadas).<\/p>\n<p>&nbsp;<\/p>\n<p>&nbsp;<\/p>","protected":false},"excerpt":{"rendered":"<p>Descobri a diversidade de Mendoza em um pacote que combina a cidade, a montanha e o o\u00e1sis de San Rafael.<\/p>","protected":false},"featured_media":5215,"comment_status":"open","ping_status":"closed","template":"","meta":[],"product_brand":[],"product_cat":[246,194,51],"product_tag":[],"dias":[],"class_list":{"0":"post-4261","1":"product","2":"type-product","3":"status-publish","4":"has-post-thumbnail","6":"product_cat-mendoza","7":"product_cat-paquetes","8":"product_cat-san-rafael","10":"first","11":"instock","12":"shipping-taxable","13":"product-type-simple"},"booking_location":null,"booking_location_type":null,"booking_duration":null,"booking_duration_unit":null,"booking_buffer":null,"booking_cost":null,"booking_resources":null,"jetpack_sharing_enabled":true,"_links":{"self":[{"href":"https:\/\/aymaramendoza.com.ar\/pt\/wp-json\/wp\/v2\/product\/4261","targetHints":{"allow":["GET"]}}],"collection":[{"href":"https:\/\/aymaramendoza.com.ar\/pt\/wp-json\/wp\/v2\/product"}],"about":[{"href":"https:\/\/aymaramendoza.com.ar\/pt\/wp-json\/wp\/v2\/types\/product"}],"replies":[{"embeddable":true,"href":"https:\/\/aymaramendoza.com.ar\/pt\/wp-json\/wp\/v2\/comments?post=4261"}],"version-history":[{"count":10,"href":"https:\/\/aymaramendoza.com.ar\/pt\/wp-json\/wp\/v2\/product\/4261\/revisions"}],"predecessor-version":[{"id":6310,"href":"https:\/\/aymaramendoza.com.ar\/pt\/wp-json\/wp\/v2\/product\/4261\/revisions\/6310"}],"wp:featuredmedia":[{"embeddable":true,"href":"https:\/\/aymaramendoza.com.ar\/pt\/wp-json\/wp\/v2\/media\/5215"}],"wp:attachment":[{"href":"https:\/\/aymaramendoza.com.ar\/pt\/wp-json\/wp\/v2\/media?parent=4261"}],"wp:term":[{"taxonomy":"product_brand","embeddable":true,"href":"https:\/\/aymaramendoza.com.ar\/pt\/wp-json\/wp\/v2\/product_brand?post=4261"},{"taxonomy":"product_cat","embeddable":true,"href":"https:\/\/aymaramendoza.com.ar\/pt\/wp-json\/wp\/v2\/product_cat?post=4261"},{"taxonomy":"product_tag","embeddable":true,"href":"https:\/\/aymaramendoza.com.ar\/pt\/wp-json\/wp\/v2\/product_tag?post=4261"},{"taxonomy":"dias","embeddable":true,"href":"https:\/\/aymaramendoza.com.ar\/pt\/wp-json\/wp\/v2\/dias?post=4261"}],"curies":[{"name":"wp","href":"https:\/\/api.w.org\/{rel}","templated":true}]}}