{"id":4200,"date":"2022-06-09T10:05:07","date_gmt":"2022-06-09T13:05:07","guid":{"rendered":"https:\/\/aymaramendoza.com.ar\/?post_type=product&#038;p=4200"},"modified":"2024-09-10T10:39:53","modified_gmt":"2024-09-10T13:39:53","slug":"mendoza-full-experience-sin-alojamiento","status":"publish","type":"product","link":"https:\/\/aymaramendoza.com.ar\/pt\/servicios\/mendoza-full-experience-sin-alojamiento\/","title":{"rendered":"Pacote Mendoza Full Experience \u2013 com Alojamento"},"content":{"rendered":"<p><b><em>Pacote Full Experience<\/em> com Alojamento<\/b><\/p>\n<p>Atividades em 04 dias \/ 03 noites<\/p>\n<p><em><b>1\u00ba Dia \u2013 <\/b><\/em><span style=\"font-weight: 400;\">Recep\u00e7\u00e3o no aeroporto ou terminal de \u00f4nibus e traslado ao hotel.<\/span><\/p>\n<p><em><b>2\u00ba Dia \u2013 <\/b><\/em>Pequeno-almo\u00e7o. Na parte da manh\u00e3 teremos tempo livre para percorrer as ruas da Cidade. \u00c0 tarde, sa\u00edda para o o\u00e1sis vitivin\u00edcola de mendoza para as Adegas e oliva, visitando 2 vin\u00edcolas e provar os seus vinhos. Aprenderemos sobre os vinhos mendocinos, seus processos de elabora\u00e7\u00e3o e os sistemas de condu\u00e7\u00e3o da vid. Posteriormente, visita a uma f\u00e1brica de \u00f3leo de oliva, onde podemos observar o processo de elabora\u00e7\u00e3o deste produto.<\/p>\n<p><em><b>3\u00ba Dia \u2013 <\/b><\/em><span style=\"font-weight: 400;\">Pequeno-almo\u00e7o. Sa\u00edda ao tour full Day alta montanha. Pela manh\u00e3, passaremos a procurar o seu alojamento, em dire\u00e7\u00e3o \u00e0 rota 7, onde passaremos por paisagens extraordin\u00e1rias, tais como Potrerillos e Uspallata. Chegaremos ao centro de esqui Los Penitentes e, pouco depois, a Ponte do Inca. Faremos uma parada em Mirante do Aconc\u00e1gua, para desfrutar das suas paisagens. Finalmente visitaremos a cidade Das Cavernas (limite com o Chile a 3200 msns), e se o clima e as condi\u00e7\u00f5es do caminho que o permitem, culminaremos a excurs\u00e3o com uma visita ao monumento do Cristo Redentor. N\u00e3o inclui almo\u00e7o.<\/span><\/p>\n<ul>\n<li aria-level=\"1\"><b>Observa\u00e7\u00f5es:\u00a0<\/b><\/li>\n<\/ul>\n<p><span style=\"font-weight: 400;\">\u00a0\u00a0\u00a0\u00a0\u00a0\u00a0\u00a0\u00a0\u00a0\u00a0\u00a0\u00a0\u00a0\u00a0\u00a0\u00a0\u00a0\u00a0\u00a0\u00a0\u00a0. O almo\u00e7o em um restaurante da zona est\u00e1 a cargo do passageiro.<\/span><\/p>\n<p><span style=\"font-weight: 400;\">\u00a0\u00a0\u00a0\u00a0\u00a0\u00a0\u00a0\u00a0\u00a0\u00a0\u00a0\u00a0\u00a0\u00a0\u00a0\u00a0\u00a0\u00a0\u00a0\u00a0\u00a0. O acesso ao Monumento do Cristo Redentor \u00e9 poss\u00edvel em \u00e9poca de ver\u00e3o, e sob a aprova\u00e7\u00e3o das autoridades competentes, devido \u00e0s conting\u00eancias clim\u00e1ticas e o estado da rota.\u00a0<\/span><\/p>\n<p><b><em>4\u00ba Dia<\/em> &#8211;\u00a0<\/b><span style=\"font-weight: 400;\">Pequeno-almo\u00e7o e check out. Em hor\u00e1rio combinado, traslado do hotel para o aeroporto ou terminal de \u00f4nibus de Mendoza.\u00a0<\/span><\/p>","protected":false},"excerpt":{"rendered":"<p>Vivi uma combina\u00e7\u00e3o perfeita de atividades para conhecer e experimentar o melhor da regi\u00e3o.<\/p>","protected":false},"featured_media":5404,"comment_status":"open","ping_status":"closed","template":"","meta":[],"product_brand":[],"product_cat":[246,194],"product_tag":[],"dias":[],"class_list":{"0":"post-4200","1":"product","2":"type-product","3":"status-publish","4":"has-post-thumbnail","6":"product_cat-mendoza","7":"product_cat-paquetes","9":"first","10":"instock","11":"shipping-taxable","12":"product-type-simple"},"booking_location":null,"booking_location_type":null,"booking_duration":null,"booking_duration_unit":null,"booking_buffer":null,"booking_cost":null,"booking_resources":null,"jetpack_sharing_enabled":true,"_links":{"self":[{"href":"https:\/\/aymaramendoza.com.ar\/pt\/wp-json\/wp\/v2\/product\/4200","targetHints":{"allow":["GET"]}}],"collection":[{"href":"https:\/\/aymaramendoza.com.ar\/pt\/wp-json\/wp\/v2\/product"}],"about":[{"href":"https:\/\/aymaramendoza.com.ar\/pt\/wp-json\/wp\/v2\/types\/product"}],"replies":[{"embeddable":true,"href":"https:\/\/aymaramendoza.com.ar\/pt\/wp-json\/wp\/v2\/comments?post=4200"}],"version-history":[{"count":7,"href":"https:\/\/aymaramendoza.com.ar\/pt\/wp-json\/wp\/v2\/product\/4200\/revisions"}],"predecessor-version":[{"id":6304,"href":"https:\/\/aymaramendoza.com.ar\/pt\/wp-json\/wp\/v2\/product\/4200\/revisions\/6304"}],"wp:featuredmedia":[{"embeddable":true,"href":"https:\/\/aymaramendoza.com.ar\/pt\/wp-json\/wp\/v2\/media\/5404"}],"wp:attachment":[{"href":"https:\/\/aymaramendoza.com.ar\/pt\/wp-json\/wp\/v2\/media?parent=4200"}],"wp:term":[{"taxonomy":"product_brand","embeddable":true,"href":"https:\/\/aymaramendoza.com.ar\/pt\/wp-json\/wp\/v2\/product_brand?post=4200"},{"taxonomy":"product_cat","embeddable":true,"href":"https:\/\/aymaramendoza.com.ar\/pt\/wp-json\/wp\/v2\/product_cat?post=4200"},{"taxonomy":"product_tag","embeddable":true,"href":"https:\/\/aymaramendoza.com.ar\/pt\/wp-json\/wp\/v2\/product_tag?post=4200"},{"taxonomy":"dias","embeddable":true,"href":"https:\/\/aymaramendoza.com.ar\/pt\/wp-json\/wp\/v2\/dias?post=4200"}],"curies":[{"name":"wp","href":"https:\/\/api.w.org\/{rel}","templated":true}]}}