{"id":4196,"date":"2022-06-09T09:55:53","date_gmt":"2022-06-09T12:55:53","guid":{"rendered":"https:\/\/aymaramendoza.com.ar\/?post_type=product&#038;p=4196"},"modified":"2024-10-01T12:08:21","modified_gmt":"2024-10-01T15:08:21","slug":"enologo-por-un-dia","status":"publish","type":"product","link":"https:\/\/aymaramendoza.com.ar\/pt\/servicios\/enologo-por-un-dia\/","title":{"rendered":"EN\u00d3LOGO POR UN D\u00cdA"},"content":{"rendered":"<p><span data-contrast=\"auto\">A combina\u00e7\u00e3o de diferentes varietais cria novos sabores e n\u00f3s seremos os en\u00f3logos nessa oportunidade, criaremos nosso vinho, \u00e0 medida combinando aqueles sabores que amamos tanto em uma \u00fanica garrafa. Pela manh\u00e3 sairemos com destino ao o\u00e1sis central vit\u00edcola, departamento de Luj\u00e1n de Cuyo, para a bodega Norton (ou similar). Uma vez na vin\u00edcola, realizaremos uma visita com degusta\u00e7\u00e3o para depois desfrutar do jogo Blending Game, esta atividade consiste em experimentar misturando diferentes variedades de vinhos para alcan\u00e7ar um vinho blend original, o qual podem engarrafar. Ao final da atividade, almo\u00e7aremos no por\u00e3o de um excelente menu de passos maridado com os vinhos da adega. Pela tarde, regresso \u00e0 cidade de Mendoza.<\/span><span data-ccp-props=\"{&quot;201341983&quot;:0,&quot;335551550&quot;:6,&quot;335551620&quot;:6,&quot;335559740&quot;:276}\">\u00a0<\/span><\/p>\n<p><strong>Sa\u00eddas<\/strong><span data-contrast=\"auto\"><strong>:<\/strong> consultar<\/span><span data-ccp-props=\"{&quot;201341983&quot;:0,&quot;335551550&quot;:6,&quot;335551620&quot;:6,&quot;335559740&quot;:276}\">\u00a0<\/span><\/p>\n<p><strong>Hora<\/strong><span data-contrast=\"auto\">: a partir das 9:00 hs<\/span><span data-ccp-props=\"{&quot;201341983&quot;:0,&quot;335551550&quot;:6,&quot;335551620&quot;:6,&quot;335559740&quot;:276}\">\u00a0<\/span><\/p>\n<p><strong>Dura\u00e7\u00e3o<\/strong><span data-contrast=\"auto\"><strong>:<\/strong> todo o dia \u2013 sa\u00eddas durante todo o ano<\/span><span data-ccp-props=\"{&quot;201341983&quot;:0,&quot;335551550&quot;:6,&quot;335551620&quot;:6,&quot;335559740&quot;:276}\">\u00a0<\/span><\/p>\n<p><span data-contrast=\"auto\"><strong>Observa\u00e7\u00f5es<\/strong>:<\/span><span data-contrast=\"auto\"> bodega Norton ou similar (dias sujeitos a disponibilidade de por\u00e3o)<\/span><\/p>\n<p><span data-ccp-props=\"{&quot;201341983&quot;:0,&quot;335551550&quot;:6,&quot;335551620&quot;:6,&quot;335559740&quot;:276}\">\u00a0<\/span><\/p>\n<p><b><span data-contrast=\"none\">Nota: os passageiros hospedados fora do raio central, consulte tarifas e modalidade<\/span><\/b><span data-ccp-props=\"{&quot;201341983&quot;:0,&quot;335551550&quot;:6,&quot;335551620&quot;:6,&quot;335559740&quot;:276}\">\u00a0<\/span><\/p>","protected":false},"excerpt":{"rendered":"<p>Te invitamos a jugar, probar y descubrir el desaf\u00edo de ser en\u00f3logo por un d\u00eda, elaborando tu propio vino.<\/p>","protected":false},"featured_media":5403,"comment_status":"open","ping_status":"closed","template":"","meta":[],"product_brand":[],"product_cat":[20,246],"product_tag":[],"dias":[],"class_list":{"0":"post-4196","1":"product","2":"type-product","3":"status-publish","4":"has-post-thumbnail","6":"product_cat-bodegas","7":"product_cat-mendoza","9":"first","10":"instock","11":"shipping-taxable","12":"product-type-simple"},"booking_location":null,"booking_location_type":null,"booking_duration":null,"booking_duration_unit":null,"booking_buffer":null,"booking_cost":null,"booking_resources":null,"jetpack_sharing_enabled":true,"_links":{"self":[{"href":"https:\/\/aymaramendoza.com.ar\/pt\/wp-json\/wp\/v2\/product\/4196","targetHints":{"allow":["GET"]}}],"collection":[{"href":"https:\/\/aymaramendoza.com.ar\/pt\/wp-json\/wp\/v2\/product"}],"about":[{"href":"https:\/\/aymaramendoza.com.ar\/pt\/wp-json\/wp\/v2\/types\/product"}],"replies":[{"embeddable":true,"href":"https:\/\/aymaramendoza.com.ar\/pt\/wp-json\/wp\/v2\/comments?post=4196"}],"version-history":[{"count":5,"href":"https:\/\/aymaramendoza.com.ar\/pt\/wp-json\/wp\/v2\/product\/4196\/revisions"}],"predecessor-version":[{"id":6414,"href":"https:\/\/aymaramendoza.com.ar\/pt\/wp-json\/wp\/v2\/product\/4196\/revisions\/6414"}],"wp:featuredmedia":[{"embeddable":true,"href":"https:\/\/aymaramendoza.com.ar\/pt\/wp-json\/wp\/v2\/media\/5403"}],"wp:attachment":[{"href":"https:\/\/aymaramendoza.com.ar\/pt\/wp-json\/wp\/v2\/media?parent=4196"}],"wp:term":[{"taxonomy":"product_brand","embeddable":true,"href":"https:\/\/aymaramendoza.com.ar\/pt\/wp-json\/wp\/v2\/product_brand?post=4196"},{"taxonomy":"product_cat","embeddable":true,"href":"https:\/\/aymaramendoza.com.ar\/pt\/wp-json\/wp\/v2\/product_cat?post=4196"},{"taxonomy":"product_tag","embeddable":true,"href":"https:\/\/aymaramendoza.com.ar\/pt\/wp-json\/wp\/v2\/product_tag?post=4196"},{"taxonomy":"dias","embeddable":true,"href":"https:\/\/aymaramendoza.com.ar\/pt\/wp-json\/wp\/v2\/dias?post=4196"}],"curies":[{"name":"wp","href":"https:\/\/api.w.org\/{rel}","templated":true}]}}