{"id":358,"date":"2020-05-07T11:13:51","date_gmt":"2020-05-07T14:13:51","guid":{"rendered":"http:\/\/gruporacobi.com\/aymara\/producto\/import-placeholder-for-418\/"},"modified":"2024-08-28T11:38:19","modified_gmt":"2024-08-28T14:38:19","slug":"cena-gourmet-en-bodega","status":"publish","type":"product","link":"https:\/\/aymaramendoza.com.ar\/pt\/servicios\/cena-gourmet-en-bodega\/","title":{"rendered":"JANTAR GOURMET ADEGA"},"content":{"rendered":"<p>Uma noite M\u00e1gica na adega<\/p>\n<p>Uma excelente op\u00e7\u00e3o para apreciar a arquitetura e os \u00f3timos vinhos junto com a melhor gastronomia de Mendoza.<br \/>\nO passageiro ser\u00e1 recebido na recep\u00e7\u00e3o e adega onde voc\u00ea pode saborear os deliciosos vinhos durante o jantar.<\/p>\n<p>. Pick up a partir das 21 hs, em Mendoza com passagem hot\u00e9is do centro.<\/p>\n<p>. Volta da Adega: 23:00 hs aproximadamente<strong>.<\/strong><\/p>\n<p>. A atividade requer um m\u00ednimo de 2 pessoas<strong>.<\/strong><\/p>\n<p>(Se, no momento de fazer a compra do tour Voc\u00ea n\u00e3o indico seu hotel\/endere\u00e7o dever\u00e1 ser reportado 48 horas antes da data de sua viagem.)<\/p>\n<p><em>Dias de atividade<\/em>: Quarta-feira, Quinta, sexta, S\u00e1bado e Domingo a partir das 21:00 hs.<\/p>","protected":false},"excerpt":{"rendered":"<p>Uma excelente op\u00e7\u00e3o para apreciar a arquitetura e os excelentes vinhos da Adega tradicional.<\/p>","protected":false},"featured_media":5373,"comment_status":"open","ping_status":"closed","template":"","meta":[],"product_brand":[],"product_cat":[20,246],"product_tag":[22,42,176,177,178],"dias":[],"class_list":{"0":"post-358","1":"product","2":"type-product","3":"status-publish","4":"has-post-thumbnail","6":"product_cat-bodegas","7":"product_cat-mendoza","8":"product_tag-bodega","9":"product_tag-cena","10":"product_tag-maridaje","11":"product_tag-noche","12":"product_tag-trapiche","14":"first","15":"instock","16":"featured","17":"shipping-taxable","18":"product-type-simple"},"booking_location":null,"booking_location_type":null,"booking_duration":null,"booking_duration_unit":null,"booking_buffer":null,"booking_cost":null,"booking_resources":null,"jetpack_sharing_enabled":true,"_links":{"self":[{"href":"https:\/\/aymaramendoza.com.ar\/pt\/wp-json\/wp\/v2\/product\/358","targetHints":{"allow":["GET"]}}],"collection":[{"href":"https:\/\/aymaramendoza.com.ar\/pt\/wp-json\/wp\/v2\/product"}],"about":[{"href":"https:\/\/aymaramendoza.com.ar\/pt\/wp-json\/wp\/v2\/types\/product"}],"replies":[{"embeddable":true,"href":"https:\/\/aymaramendoza.com.ar\/pt\/wp-json\/wp\/v2\/comments?post=358"}],"version-history":[{"count":6,"href":"https:\/\/aymaramendoza.com.ar\/pt\/wp-json\/wp\/v2\/product\/358\/revisions"}],"predecessor-version":[{"id":5388,"href":"https:\/\/aymaramendoza.com.ar\/pt\/wp-json\/wp\/v2\/product\/358\/revisions\/5388"}],"wp:featuredmedia":[{"embeddable":true,"href":"https:\/\/aymaramendoza.com.ar\/pt\/wp-json\/wp\/v2\/media\/5373"}],"wp:attachment":[{"href":"https:\/\/aymaramendoza.com.ar\/pt\/wp-json\/wp\/v2\/media?parent=358"}],"wp:term":[{"taxonomy":"product_brand","embeddable":true,"href":"https:\/\/aymaramendoza.com.ar\/pt\/wp-json\/wp\/v2\/product_brand?post=358"},{"taxonomy":"product_cat","embeddable":true,"href":"https:\/\/aymaramendoza.com.ar\/pt\/wp-json\/wp\/v2\/product_cat?post=358"},{"taxonomy":"product_tag","embeddable":true,"href":"https:\/\/aymaramendoza.com.ar\/pt\/wp-json\/wp\/v2\/product_tag?post=358"},{"taxonomy":"dias","embeddable":true,"href":"https:\/\/aymaramendoza.com.ar\/pt\/wp-json\/wp\/v2\/dias?post=358"}],"curies":[{"name":"wp","href":"https:\/\/api.w.org\/{rel}","templated":true}]}}