{"id":355,"date":"2020-05-07T11:13:51","date_gmt":"2020-05-07T14:13:51","guid":{"rendered":"http:\/\/gruporacobi.com\/aymara\/producto\/import-placeholder-for-415\/"},"modified":"2025-12-12T13:51:58","modified_gmt":"2025-12-12T16:51:58","slug":"wine-and-food","status":"publish","type":"product","link":"https:\/\/aymaramendoza.com.ar\/pt\/servicios\/wine-and-food\/","title":{"rendered":"WINE AND FOOD"},"content":{"rendered":"<p><span data-contrast=\"auto\">Un mediod\u00eda lleno de vinos y deliciosa comida, apreciando los paisajes combinados con la infraestructura y particularidades de las bodegas. El maridaje entre vinos, comida y paisajes monta\u00f1osos hace de esta excursi\u00f3n una experiencia mendocina cl\u00e1sica.\u00a0<\/span><span data-ccp-props=\"{&quot;201341983&quot;:0,&quot;335559740&quot;:276}\">\u00a0<\/span><\/p>\n<p><span data-contrast=\"auto\">Por la ma\u00f1ana, saldremos con rumbo al oasis agr\u00edcola central para visitar la primera bodega seleccionada, recorriendo sus instalaciones y disfrutando la degustaci\u00f3n de sus vinos. En ella aprenderemos sobre los distintos varietales de la regi\u00f3n, sus procesos de elaboraci\u00f3n, as\u00ed como el cuidado, crianza y fraccionamiento de distintos tipos de vinos. Al mediod\u00eda visitaremos la segunda bodega seleccionada y participaremos de un almuerzo en donde pondremos en pr\u00e1ctica las t\u00e9cnicas de degustaci\u00f3n. El sommelier de la bodega, nos explicar\u00e1 la importancia del corcho en la botella y el uso de copas para degustar. Por la tarde regreso al hotel.<\/span><span data-ccp-props=\"{&quot;201341983&quot;:0,&quot;335559740&quot;:276}\">\u00a0<\/span><\/p>\n<ul>\n<li><strong>Sa\u00eddas<\/strong><span data-contrast=\"auto\"><strong>:<\/strong> todos os dias<\/span><span data-ccp-props=\"{&quot;201341983&quot;:0,&quot;335559740&quot;:276}\">\u00a0<\/span><\/li>\n<li><strong>Hora:<\/strong><span data-contrast=\"auto\"> a partir das 9:30 hs<\/span><span data-ccp-props=\"{&quot;201341983&quot;:0,&quot;335559740&quot;:276}\">\u00a0<\/span><\/li>\n<li><strong>Dura\u00e7\u00e3o<\/strong><span data-contrast=\"auto\"><strong>:<\/strong> meio-dia \u2013 sa\u00eddas durante todo o ano<\/span><span data-ccp-props=\"{&quot;201341983&quot;:0,&quot;335559740&quot;:276}\">\u00a0<\/span><\/li>\n<li><strong>Inclui<\/strong><span data-contrast=\"auto\"><strong>:<\/strong> transporte privado, pick up e drop off por hot\u00e9is centrais visita, degusta\u00e7\u00e3o e almo\u00e7o em adegas<\/span><span data-ccp-props=\"{&quot;201341983&quot;:0,&quot;335559740&quot;:276}\">\u00a0<\/span><\/li>\n<\/ul>\n<p><strong>Op\u00e7\u00f5es de visitas a adegas\u00a0<\/strong><\/p>\n<ul>\n<li data-leveltext=\"\u25cf\" data-font=\"\" data-listid=\"15\" data-list-defn-props=\"{&quot;335552541&quot;:1,&quot;335559685&quot;:720,&quot;335559991&quot;:360,&quot;469769242&quot;:[8226],&quot;469777803&quot;:&quot;left&quot;,&quot;469777804&quot;:&quot;\u25cf&quot;,&quot;469777815&quot;:&quot;multilevel&quot;}\" aria-setsize=\"-1\" data-aria-posinset=\"1\" data-aria-level=\"1\"><span data-contrast=\"auto\">Maip\u00fa: Los Toneles, Finca Agostino, La Rural, L\u00f3pez, Familia Zuccardi, Trapiche, Trivento, Sin Fin. Tempus Alba, Vistandes, Vi\u00f1a del Cerno, Santa Julia, Finca Savina, Domiciano. Flichman.<\/span><span data-ccp-props=\"{&quot;201341983&quot;:0,&quot;335559740&quot;:276}\">\u00a0<\/span><\/li>\n<\/ul>\n<ul>\n<li data-leveltext=\"\u25cf\" data-font=\"\" data-listid=\"15\" data-list-defn-props=\"{&quot;335552541&quot;:1,&quot;335559685&quot;:720,&quot;335559991&quot;:360,&quot;469769242&quot;:[8226],&quot;469777803&quot;:&quot;left&quot;,&quot;469777804&quot;:&quot;\u25cf&quot;,&quot;469777815&quot;:&quot;multilevel&quot;}\" aria-setsize=\"-1\" data-aria-posinset=\"2\" data-aria-level=\"1\"><span data-contrast=\"auto\">Luj\u00e1n de Cuyo: Belasco de Baquedano, Chandon, Dominio del Plata, Terrazas de Los Andes, Vistalba, A16, Altavista, Nieto Sanetiner, Norton, Finca Decero, Cruzat, Lamadrid, Quimera. Trez Wines, Budeguer, Bonfanti. <\/span><span data-ccp-props=\"{&quot;201341983&quot;:0,&quot;335559740&quot;:276}\">\u00a0<\/span><\/li>\n<\/ul>\n<p><strong>Op\u00e7\u00f5es de Refei\u00e7\u00f5es no adegas\u00a0<\/strong><\/p>\n<ul>\n<li data-leveltext=\"\u25cf\" data-font=\"\" data-listid=\"35\" data-list-defn-props=\"{&quot;335552541&quot;:1,&quot;335559685&quot;:720,&quot;335559991&quot;:360,&quot;469769242&quot;:[8226],&quot;469777803&quot;:&quot;left&quot;,&quot;469777804&quot;:&quot;\u25cf&quot;,&quot;469777815&quot;:&quot;multilevel&quot;}\" aria-setsize=\"-1\" data-aria-posinset=\"1\" data-aria-level=\"1\"><span data-contrast=\"auto\">Maip\u00fa: Familia Zuccardi, Trapiche, Finca Agostino, Finca Savina, Tempus Alba<\/span><span data-ccp-props=\"{&quot;201341983&quot;:0,&quot;335559740&quot;:276}\">\u00a0<\/span><\/li>\n<\/ul>\n<ul>\n<li data-leveltext=\"\u25cf\" data-font=\"\" data-listid=\"35\" data-list-defn-props=\"{&quot;335552541&quot;:1,&quot;335559685&quot;:720,&quot;335559991&quot;:360,&quot;469769242&quot;:[8226],&quot;469777803&quot;:&quot;left&quot;,&quot;469777804&quot;:&quot;\u25cf&quot;,&quot;469777815&quot;:&quot;multilevel&quot;}\" aria-setsize=\"-1\" data-aria-posinset=\"2\" data-aria-level=\"1\"><span data-contrast=\"auto\">Luj\u00e1n de Cuyo: Chandon, Dominio del Plata, Terrazas de los Andes, Belasco de Baquedano, Norton, Renacer, Finca Decero.<\/span><span data-ccp-props=\"{&quot;201341983&quot;:0,&quot;335559740&quot;:276}\">\u00a0<\/span><\/li>\n<\/ul>\n<p><span data-ccp-props=\"{&quot;201341983&quot;:0,&quot;335559740&quot;:276}\">\u00a0<\/span><\/p>\n<p><strong>Observa\u00e7\u00f5es<\/strong><span data-contrast=\"auto\">: bodegas sujetas a disponibilidad<\/span><span data-ccp-props=\"{&quot;201341983&quot;:0,&quot;335559740&quot;:276}\">\u00a0<\/span><\/p>\n<p><strong><i>Nota: os passageiros hospedados fora do raio central, consulte tarifas e modalidade<\/i>\u00a0<\/strong><\/p>","protected":false},"excerpt":{"rendered":"<p><span class=\"TextRun SCXW61724332 BCX8\" lang=\"ES-419\" xml:lang=\"ES-419\" data-contrast=\"auto\"><span class=\"NormalTextRun SCXW61724332 BCX8\">Un mediod\u00eda lleno de vinos y deliciosa comida, apreciando los paisajes combinados con la infraestructura y particularidades de las bodegas.\u00a0<\/span><\/span><\/p>","protected":false},"featured_media":5296,"comment_status":"open","ping_status":"closed","template":"","meta":[],"product_brand":[],"product_cat":[20,246],"product_tag":[],"dias":[593],"class_list":{"0":"post-355","1":"product","2":"type-product","3":"status-publish","4":"has-post-thumbnail","6":"product_cat-bodegas","7":"product_cat-mendoza","8":"dias-diarias","10":"first","11":"instock","12":"shipping-taxable","13":"product-type-simple"},"booking_location":null,"booking_location_type":null,"booking_duration":null,"booking_duration_unit":null,"booking_buffer":null,"booking_cost":null,"booking_resources":null,"jetpack_sharing_enabled":true,"_links":{"self":[{"href":"https:\/\/aymaramendoza.com.ar\/pt\/wp-json\/wp\/v2\/product\/355","targetHints":{"allow":["GET"]}}],"collection":[{"href":"https:\/\/aymaramendoza.com.ar\/pt\/wp-json\/wp\/v2\/product"}],"about":[{"href":"https:\/\/aymaramendoza.com.ar\/pt\/wp-json\/wp\/v2\/types\/product"}],"replies":[{"embeddable":true,"href":"https:\/\/aymaramendoza.com.ar\/pt\/wp-json\/wp\/v2\/comments?post=355"}],"version-history":[{"count":10,"href":"https:\/\/aymaramendoza.com.ar\/pt\/wp-json\/wp\/v2\/product\/355\/revisions"}],"predecessor-version":[{"id":7185,"href":"https:\/\/aymaramendoza.com.ar\/pt\/wp-json\/wp\/v2\/product\/355\/revisions\/7185"}],"wp:featuredmedia":[{"embeddable":true,"href":"https:\/\/aymaramendoza.com.ar\/pt\/wp-json\/wp\/v2\/media\/5296"}],"wp:attachment":[{"href":"https:\/\/aymaramendoza.com.ar\/pt\/wp-json\/wp\/v2\/media?parent=355"}],"wp:term":[{"taxonomy":"product_brand","embeddable":true,"href":"https:\/\/aymaramendoza.com.ar\/pt\/wp-json\/wp\/v2\/product_brand?post=355"},{"taxonomy":"product_cat","embeddable":true,"href":"https:\/\/aymaramendoza.com.ar\/pt\/wp-json\/wp\/v2\/product_cat?post=355"},{"taxonomy":"product_tag","embeddable":true,"href":"https:\/\/aymaramendoza.com.ar\/pt\/wp-json\/wp\/v2\/product_tag?post=355"},{"taxonomy":"dias","embeddable":true,"href":"https:\/\/aymaramendoza.com.ar\/pt\/wp-json\/wp\/v2\/dias?post=355"}],"curies":[{"name":"wp","href":"https:\/\/api.w.org\/{rel}","templated":true}]}}