{"id":348,"date":"2020-05-07T11:13:50","date_gmt":"2020-05-07T14:13:50","guid":{"rendered":"http:\/\/gruporacobi.com\/aymara\/producto\/import-placeholder-for-407\/"},"modified":"2024-10-07T09:34:59","modified_gmt":"2024-10-07T12:34:59","slug":"cabalgata-entre-vinedos","status":"publish","type":"product","link":"https:\/\/aymaramendoza.com.ar\/pt\/servicios\/cabalgata-entre-vinedos\/","title":{"rendered":"Passeio entre Vinhas"},"content":{"rendered":"<div class=\"eva-row -margin-top-large\">\n<div class=\"-md-12\">\n<div class=\"\">\n<div class=\"panel-header-add-subtitle\">\n<p><span data-contrast=\"auto\">N\u00f3s convidamos voc\u00ea a viver um momento \u00fanico entre os vinhedos, montanhas, boa comida e cavalos. Desfrutar de uma vista deslumbrante sobre a viver a experi\u00eancia como um ga\u00facho argentino. <\/span><\/p>\n<p><span data-contrast=\"auto\">Partimos da cidade de Mendoza, com destino a Lunlunta, a apenas 20 minutos da Cidade de Mendoza. Ao chegar nos receber\u00e1 o guia com quem faremos a viagem. Depois de uma breve explica\u00e7\u00e3o sobre o manuseio do cavalo, vamos passear pelos diferentes campos e as suas vinhas, onde podemos conectar-se com planta\u00e7\u00f5es de Malbec e Cabernet, bem como com as tradi\u00e7\u00f5es e costumes locais. <\/span><\/p>\n<p><span data-contrast=\"auto\">Luego de un breve recorrido por los vi\u00f1edos, la cabalgata tomar\u00e1 los senderos que bordean el r\u00edo Mendoza, los cuales nos llevar\u00e1n al pie de la precordillera, donde ser\u00e1 posible apreciar los diferentes picos de la cordillera conocida como \u00abEl Cord\u00f3n del Plata\u00bb, as\u00ed como su flora y fauna aut\u00f3ctona.<\/span><\/p>\n<p><span data-contrast=\"auto\">Depois de 2 horas de cavalgada, finalizaremos o dia com um delicioso churrasco crioulo, acompanhado de vinhos regionais e bebidas sem \u00e1lcool. Depois voltamos ao hotel.\u00a0<\/span><\/p>\n<\/div>\n<\/div>\n<\/div>\n<p><span data-contrast=\"auto\"><strong>Sa\u00eddas regulares<\/strong>:<\/span><span data-contrast=\"auto\"> todos os dias<\/span><span data-ccp-props=\"{&quot;201341983&quot;:0,&quot;335551550&quot;:6,&quot;335551620&quot;:6,&quot;335559740&quot;:276}\">\u00a0<\/span><\/p>\n<p><strong>Hora:<\/strong><span data-contrast=\"auto\"> a partir das 16h \u00e0s 22h aprox (inverno)<\/span><span data-ccp-props=\"{&quot;201341983&quot;:0,&quot;335551550&quot;:6,&quot;335551620&quot;:6,&quot;335559740&quot;:276}\">\u00a0<\/span><\/p>\n<p><strong>Dura\u00e7\u00e3o<\/strong><span data-contrast=\"auto\"><strong>:<\/strong> sa\u00eddas durante todo o ano<\/span><span data-ccp-props=\"{&quot;201341983&quot;:0,&quot;335551550&quot;:6,&quot;335551620&quot;:6,&quot;335559740&quot;:276}\">\u00a0<\/span><\/p>\n<p><strong>Observa\u00e7\u00f5es: \u00a0<\/strong><\/p>\n<ul>\n<li data-leveltext=\"\uf0b7\" data-font=\"Symbol\" data-listid=\"10\" data-list-defn-props=\"{&quot;335551500&quot;:5472565,&quot;335552541&quot;:1,&quot;335559683&quot;:0,&quot;335559684&quot;:-2,&quot;335559685&quot;:720,&quot;335559991&quot;:360,&quot;469769226&quot;:&quot;Symbol&quot;,&quot;469769242&quot;:[8226],&quot;469777803&quot;:&quot;left&quot;,&quot;469777804&quot;:&quot;\uf0b7&quot;,&quot;469777815&quot;:&quot;hybridMultilevel&quot;}\" aria-setsize=\"-1\" data-aria-posinset=\"5\" data-aria-level=\"1\"><span data-contrast=\"none\">Excurs\u00e3o: trata-Se de um passeio ou uma atividade de car\u00e1ter privado.<\/span><\/li>\n<\/ul>\n<ul>\n<li data-leveltext=\"\uf0b7\" data-font=\"Symbol\" data-listid=\"10\" data-list-defn-props=\"{&quot;335551500&quot;:5472565,&quot;335552541&quot;:1,&quot;335559683&quot;:0,&quot;335559684&quot;:-2,&quot;335559685&quot;:720,&quot;335559991&quot;:360,&quot;469769226&quot;:&quot;Symbol&quot;,&quot;469769242&quot;:[8226],&quot;469777803&quot;:&quot;left&quot;,&quot;469777804&quot;:&quot;\uf0b7&quot;,&quot;469777815&quot;:&quot;hybridMultilevel&quot;}\" aria-setsize=\"-1\" data-aria-posinset=\"6\" data-aria-level=\"1\"><span data-contrast=\"none\">Idade: Adequado para pessoas maiores de 10 anos. \u00a0<\/span><span data-ccp-props=\"{&quot;134233117&quot;:false,&quot;134233118&quot;:false,&quot;201341983&quot;:0,&quot;335551550&quot;:6,&quot;335551620&quot;:6,&quot;335559738&quot;:0,&quot;335559739&quot;:0,&quot;335559740&quot;:259}\">\u00a0<\/span><\/li>\n<\/ul>\n<ul>\n<li data-leveltext=\"\uf0b7\" data-font=\"Symbol\" data-listid=\"10\" data-list-defn-props=\"{&quot;335551500&quot;:5472565,&quot;335552541&quot;:1,&quot;335559683&quot;:0,&quot;335559684&quot;:-2,&quot;335559685&quot;:720,&quot;335559991&quot;:360,&quot;469769226&quot;:&quot;Symbol&quot;,&quot;469769242&quot;:[8226],&quot;469777803&quot;:&quot;left&quot;,&quot;469777804&quot;:&quot;\uf0b7&quot;,&quot;469777815&quot;:&quot;hybridMultilevel&quot;}\" aria-setsize=\"-1\" data-aria-posinset=\"7\" data-aria-level=\"1\"><span data-contrast=\"none\">Menu: Consulta por op\u00e7\u00f5es <\/span><b><span data-contrast=\"none\">vegetarianas, veganas e cel\u00edacas<\/span><\/b><span data-contrast=\"none\">\u00a0dispon\u00edveis.<\/span><span data-ccp-props=\"{&quot;134233117&quot;:false,&quot;134233118&quot;:false,&quot;201341983&quot;:0,&quot;335551550&quot;:6,&quot;335551620&quot;:6,&quot;335559738&quot;:0,&quot;335559739&quot;:0,&quot;335559740&quot;:259}\">\u00a0<\/span><\/li>\n<\/ul>\n<ul>\n<li data-leveltext=\"\uf0b7\" data-font=\"Symbol\" data-listid=\"10\" data-list-defn-props=\"{&quot;335551500&quot;:5472565,&quot;335552541&quot;:1,&quot;335559683&quot;:0,&quot;335559684&quot;:-2,&quot;335559685&quot;:720,&quot;335559991&quot;:360,&quot;469769226&quot;:&quot;Symbol&quot;,&quot;469769242&quot;:[8226],&quot;469777803&quot;:&quot;left&quot;,&quot;469777804&quot;:&quot;\uf0b7&quot;,&quot;469777815&quot;:&quot;hybridMultilevel&quot;}\" aria-setsize=\"-1\" data-aria-posinset=\"8\" data-aria-level=\"1\"><b><span data-contrast=\"none\">Restri\u00e7\u00f5es para realizar a atividade: <\/span><\/b><span data-contrast=\"none\">Mulheres gr\u00e1vidas, pessoas com doen\u00e7as card\u00edacas, dificuldades motoras. Informar qualquer restri\u00e7\u00e3o f\u00edsica. Limite m\u00e1ximo de peso:100 kg<\/span><span data-ccp-props=\"{&quot;134233117&quot;:false,&quot;134233118&quot;:false,&quot;201341983&quot;:0,&quot;335551550&quot;:6,&quot;335551620&quot;:6,&quot;335559738&quot;:0,&quot;335559739&quot;:0,&quot;335559740&quot;:259}\">\u00a0<\/span><\/li>\n<\/ul>\n<\/div>\n<div class=\"eva-row -margin-top-large\">\n<div class=\"-lg-12\">\n<div class=\"\">\n<div class=\"panel-header-add-subtitle\">\n<p class=\"-p\"><span data-ccp-props=\"{&quot;201341983&quot;:0,&quot;335551550&quot;:6,&quot;335551620&quot;:6,&quot;335559740&quot;:276}\">\u00a0<\/span><\/p>\n<p class=\"-p\"><b><span data-contrast=\"none\">Nota: <em>passageiros hospedados fora do raio central, devem dirigir-se ao ponto indicado por Aymar\u00e1 Turismo<\/em><\/span><\/b><em>\u00a0<\/em><\/p>\n<\/div>\n<\/div>\n<\/div>\n<\/div>\n<div class=\"eva-row -margin-top-large\">\n<div class=\"-lg-12\">\n<div class=\"\">\n<div class=\"panel-header-add-subtitle\">\n<p class=\"-p\">\n<\/div>\n<\/div>\n<\/div>\n<\/div>\n<p>&nbsp;<\/p>\n<p>&nbsp;<\/p>","protected":false},"excerpt":{"rendered":"<p>Descubr\u00ed el camino tras los vi\u00f1edos en un paseo a caballo, donde podr\u00e1s disfrutar de hermosos paisajes que rodean el r\u00edo Mendoza.<\/p>","protected":false},"featured_media":4423,"comment_status":"open","ping_status":"closed","template":"","meta":[],"product_brand":[],"product_cat":[72,246],"product_tag":[172,156,30,31,157],"dias":[],"class_list":{"0":"post-348","1":"product","2":"type-product","3":"status-publish","4":"has-post-thumbnail","6":"product_cat-aventura","7":"product_cat-mendoza","8":"product_tag-amanecer","9":"product_tag-atardecer","10":"product_tag-cabalgata","11":"product_tag-caballo","12":"product_tag-tarde","14":"first","15":"instock","16":"shipping-taxable","17":"product-type-simple"},"booking_location":null,"booking_location_type":null,"booking_duration":null,"booking_duration_unit":null,"booking_buffer":null,"booking_cost":null,"booking_resources":null,"jetpack_sharing_enabled":true,"_links":{"self":[{"href":"https:\/\/aymaramendoza.com.ar\/pt\/wp-json\/wp\/v2\/product\/348","targetHints":{"allow":["GET"]}}],"collection":[{"href":"https:\/\/aymaramendoza.com.ar\/pt\/wp-json\/wp\/v2\/product"}],"about":[{"href":"https:\/\/aymaramendoza.com.ar\/pt\/wp-json\/wp\/v2\/types\/product"}],"replies":[{"embeddable":true,"href":"https:\/\/aymaramendoza.com.ar\/pt\/wp-json\/wp\/v2\/comments?post=348"}],"version-history":[{"count":10,"href":"https:\/\/aymaramendoza.com.ar\/pt\/wp-json\/wp\/v2\/product\/348\/revisions"}],"predecessor-version":[{"id":6404,"href":"https:\/\/aymaramendoza.com.ar\/pt\/wp-json\/wp\/v2\/product\/348\/revisions\/6404"}],"wp:featuredmedia":[{"embeddable":true,"href":"https:\/\/aymaramendoza.com.ar\/pt\/wp-json\/wp\/v2\/media\/4423"}],"wp:attachment":[{"href":"https:\/\/aymaramendoza.com.ar\/pt\/wp-json\/wp\/v2\/media?parent=348"}],"wp:term":[{"taxonomy":"product_brand","embeddable":true,"href":"https:\/\/aymaramendoza.com.ar\/pt\/wp-json\/wp\/v2\/product_brand?post=348"},{"taxonomy":"product_cat","embeddable":true,"href":"https:\/\/aymaramendoza.com.ar\/pt\/wp-json\/wp\/v2\/product_cat?post=348"},{"taxonomy":"product_tag","embeddable":true,"href":"https:\/\/aymaramendoza.com.ar\/pt\/wp-json\/wp\/v2\/product_tag?post=348"},{"taxonomy":"dias","embeddable":true,"href":"https:\/\/aymaramendoza.com.ar\/pt\/wp-json\/wp\/v2\/dias?post=348"}],"curies":[{"name":"wp","href":"https:\/\/api.w.org\/{rel}","templated":true}]}}