{"id":346,"date":"2020-05-07T11:13:50","date_gmt":"2020-05-07T14:13:50","guid":{"rendered":"http:\/\/gruporacobi.com\/aymara\/producto\/import-placeholder-for-402\/"},"modified":"2025-06-09T13:27:35","modified_gmt":"2025-06-09T16:27:35","slug":"catena-zapata-con-el-enemigo","status":"publish","type":"product","link":"https:\/\/aymaramendoza.com.ar\/pt\/servicios\/catena-zapata-con-el-enemigo\/","title":{"rendered":"Experi\u00eancia Catena Zapata com o Inimigo"},"content":{"rendered":"<p><span class=\"TextRun SCXW150474651 BCX8\" lang=\"ES-419\" xml:lang=\"ES-419\" data-contrast=\"auto\"><span class=\"NormalTextRun SCXW150474651 BCX8\">N\u00f3s convidamos voc\u00ea a uma experi\u00eancia <\/span><span class=\"NormalTextRun SCXW150474651 BCX8\">onde conheceremos<\/span><span class=\"NormalTextRun SCXW150474651 BCX8\"> todo o trabalho de Alexandre <\/span><span class=\"NormalTextRun SpellingErrorV2Themed SCXW150474651 BCX8\">Vigil<\/span><span class=\"NormalTextRun SCXW150474651 BCX8\">. Neste tour propomos visitar duas bodegas, Catena Zapata e O Inimigo, este \u00faltimo projeto pessoal de Alexandre <\/span><span class=\"NormalTextRun SpellingErrorV2Themed SCXW150474651 BCX8\">Vigil<\/span><span class=\"NormalTextRun SCXW150474651 BCX8\">, en\u00f3logo de Catena Zapata y de Adriana Catena, hija menor de Nicol\u00e1s Catena. Saldremos por la ma\u00f1ana hacia bodega Catena Zapata para iniciar nuestra primera visita y degustaci\u00f3n de vinos \u00abBlending game\u00bb (<em>*Sujeta a disponibilidad<\/em>),<\/span><\/span> <span class=\"TextRun SCXW150474651 BCX8\" lang=\"ES-419\" xml:lang=\"ES-419\" data-contrast=\"auto\"><span class=\"NormalTextRun SCXW150474651 BCX8\">depois, continuaremos em dire\u00e7\u00e3o \u00e0 adega O Inimigo para a nossa segunda visita e degusta\u00e7\u00e3o. Poder\u00e3o observar o contraste de ambas as propostas, unidas por seu en\u00f3logo e, para finalizar, <\/span><span class=\"NormalTextRun SCXW150474651 BCX8\">desfrutar\u00e3o<\/span><span class=\"NormalTextRun SCXW150474651 BCX8\"> de um maravilhoso almo\u00e7o na Casa do Inimigo&#034;, restaurante da \u00faltima adega.<\/span><\/span><\/p>\n<p><strong><i>Vin\u00edcola Catena Zapata<\/i><\/strong><span data-ccp-props=\"{&quot;201341983&quot;:0,&quot;335551550&quot;:6,&quot;335551620&quot;:6,&quot;335559740&quot;:276}\">\u00a0<\/span><\/p>\n<p><span data-contrast=\"auto\">O que distingue esta adega de outro top do mundo \u00e9 a sua incans\u00e1vel dedica\u00e7\u00e3o ao estudo e a pesquisa, o aprender sobre todos os aspectos da vitivinicultura e enologia que possa melhorar e aumentar a qualidade de seus vinhos<\/span><span data-ccp-props=\"{&quot;201341983&quot;:0,&quot;335551550&quot;:6,&quot;335551620&quot;:6,&quot;335559740&quot;:276}\">\u00a0<\/span><\/p>\n<p><strong><i>O Inimigo Wines<\/i>\u00a0<\/strong><\/p>\n<p><span data-contrast=\"auto\">Alejandro Vigil, co-propriet\u00e1rio desta adega \u00e9 considerado uma das 50 pessoas mais influentes do vinho para a prestigiada revista Decanter. V\u00e1rios de seus vinhos obtiveram pontua\u00e7\u00f5es quase perfeitos na escala Parker.<\/span><span data-ccp-props=\"{&quot;201341983&quot;:0,&quot;335551550&quot;:6,&quot;335551620&quot;:6,&quot;335559740&quot;:276}\">\u00a0<\/span><\/p>\n<p><i><span data-contrast=\"auto\">A Cozinha do Inimigo<\/span><\/i><span data-ccp-props=\"{&quot;201341983&quot;:0,&quot;335551550&quot;:6,&quot;335551620&quot;:6,&quot;335559740&quot;:276}\">\u00a0<\/span><\/p>\n<p><span data-contrast=\"auto\">Em seu menu, h\u00e1 cortes de carne bovina, porco, bode e truta, combinados com ervas arom\u00e1ticas e produtos regionais, frutas e vegetais da fazenda. &#034;Os pratos trabalham em conjunto com os vinhos, sabores, cortes e aromas para obter um bem acompanhado&#034;<\/span><span data-ccp-props=\"{&quot;201341983&quot;:0,&quot;335551550&quot;:6,&quot;335551620&quot;:6,&quot;335559740&quot;:276}\">\u00a0<\/span><\/p>\n<p><span data-contrast=\"auto\">O conceito de sua cozinha \u00e9 que seja saud\u00e1vel, para que possa comer uma pessoa com doen\u00e7a cel\u00edaca ou diabetes, sem nenhum problema, tamb\u00e9m se incorporou o menu de crian\u00e7as para que toda a fam\u00edlia desfrute do passeio.<\/span><span data-ccp-props=\"{&quot;201341983&quot;:0,&quot;335551550&quot;:6,&quot;335551620&quot;:6,&quot;335559740&quot;:276}\">\u00a0<\/span><\/p>\n<p><strong>Informa\u00e7\u00f5es Gerais:\u00a0<\/strong><\/p>\n<ul>\n<li><strong>Sa\u00eddas<\/strong><span data-contrast=\"auto\">: ter\u00e7a-feira a s\u00e1bado<\/span><\/li>\n<li><strong>Hora<\/strong><span data-contrast=\"auto\">: a partir das 9:30 hs<\/span><\/li>\n<li><strong>Dura\u00e7\u00e3o<\/strong><span data-contrast=\"auto\">- todo o dia \u2013 sa\u00eddas durante todo o ano<\/span><span data-ccp-props=\"{&quot;201341983&quot;:0,&quot;335551550&quot;:6,&quot;335551620&quot;:6,&quot;335559740&quot;:276}\">\u00a0<\/span><\/li>\n<\/ul>\n<p><span data-contrast=\"auto\"><strong>Observa\u00e7\u00f5es<\/strong>:<\/span><\/p>\n<ul>\n<li><span data-contrast=\"auto\">D\u00edas sujetos a disponibilidad de la bodega<\/span><\/li>\n<li>Servicio opcional de gu\u00eda (Consultar cotizaci\u00f3n).<\/li>\n<\/ul>\n<p><span class=\"TextRun SCXW50844208 BCX8\" lang=\"ES-419\" xml:lang=\"ES-419\" data-contrast=\"none\"><span class=\"NormalTextRun SCXW50844208 BCX8\"><strong>Nota:<\/strong> passageiros hospedados fora do raio central, consulte tarifas e modalidade<\/span><\/span><span class=\"EOP SCXW50844208 BCX8\" data-ccp-props=\"{&quot;201341983&quot;:0,&quot;335551550&quot;:6,&quot;335551620&quot;:6,&quot;335559740&quot;:276}\">\u00a0<\/span><\/p>\n<p><span class=\"EOP SCXW150474651 BCX8\" data-ccp-props=\"{&quot;201341983&quot;:0,&quot;335551550&quot;:6,&quot;335551620&quot;:6,&quot;335559740&quot;:276}\">\u00a0<\/span><\/p>","protected":false},"excerpt":{"rendered":"<p><span class=\"NormalTextRun SCXW150474651 BCX8\">N\u00f3s convidamos voc\u00ea a uma experi\u00eancia\u00a0<\/span><span class=\"NormalTextRun SCXW150474651 BCX8\">onde conheceremos<\/span><span class=\"NormalTextRun SCXW150474651 BCX8\">\u00a0todo o trabalho de Alexandre\u00a0<\/span><span class=\"NormalTextRun SpellingErrorV2Themed SCXW150474651 BCX8\">Vigil<\/span><span class=\"NormalTextRun SCXW150474651 BCX8\">. Te proponemos <span class=\"TextRun SCXW150474651 BCX8\" lang=\"ES-419\" xml:lang=\"ES-419\" data-contrast=\"auto\">visitar dos bodegas, Catena Zapata y El Enemigo.\u00a0<\/span><\/span><\/p>","protected":false},"featured_media":5399,"comment_status":"open","ping_status":"closed","template":"","meta":[],"product_brand":[],"product_cat":[20,246],"product_tag":[],"dias":[],"class_list":{"0":"post-346","1":"product","2":"type-product","3":"status-publish","4":"has-post-thumbnail","6":"product_cat-bodegas","7":"product_cat-mendoza","9":"first","10":"instock","11":"shipping-taxable","12":"product-type-simple"},"booking_location":null,"booking_location_type":null,"booking_duration":null,"booking_duration_unit":null,"booking_buffer":null,"booking_cost":null,"booking_resources":null,"jetpack_sharing_enabled":true,"_links":{"self":[{"href":"https:\/\/aymaramendoza.com.ar\/pt\/wp-json\/wp\/v2\/product\/346","targetHints":{"allow":["GET"]}}],"collection":[{"href":"https:\/\/aymaramendoza.com.ar\/pt\/wp-json\/wp\/v2\/product"}],"about":[{"href":"https:\/\/aymaramendoza.com.ar\/pt\/wp-json\/wp\/v2\/types\/product"}],"replies":[{"embeddable":true,"href":"https:\/\/aymaramendoza.com.ar\/pt\/wp-json\/wp\/v2\/comments?post=346"}],"version-history":[{"count":9,"href":"https:\/\/aymaramendoza.com.ar\/pt\/wp-json\/wp\/v2\/product\/346\/revisions"}],"predecessor-version":[{"id":6998,"href":"https:\/\/aymaramendoza.com.ar\/pt\/wp-json\/wp\/v2\/product\/346\/revisions\/6998"}],"wp:featuredmedia":[{"embeddable":true,"href":"https:\/\/aymaramendoza.com.ar\/pt\/wp-json\/wp\/v2\/media\/5399"}],"wp:attachment":[{"href":"https:\/\/aymaramendoza.com.ar\/pt\/wp-json\/wp\/v2\/media?parent=346"}],"wp:term":[{"taxonomy":"product_brand","embeddable":true,"href":"https:\/\/aymaramendoza.com.ar\/pt\/wp-json\/wp\/v2\/product_brand?post=346"},{"taxonomy":"product_cat","embeddable":true,"href":"https:\/\/aymaramendoza.com.ar\/pt\/wp-json\/wp\/v2\/product_cat?post=346"},{"taxonomy":"product_tag","embeddable":true,"href":"https:\/\/aymaramendoza.com.ar\/pt\/wp-json\/wp\/v2\/product_tag?post=346"},{"taxonomy":"dias","embeddable":true,"href":"https:\/\/aymaramendoza.com.ar\/pt\/wp-json\/wp\/v2\/dias?post=346"}],"curies":[{"name":"wp","href":"https:\/\/api.w.org\/{rel}","templated":true}]}}