{"id":341,"date":"2020-05-07T11:13:50","date_gmt":"2020-05-07T14:13:50","guid":{"rendered":"http:\/\/gruporacobi.com\/aymara\/producto\/import-placeholder-for-395\/"},"modified":"2024-10-02T11:42:07","modified_gmt":"2024-10-02T14:42:07","slug":"vinedos-y-bodegas-rutas-del-vino-san-juan","status":"publish","type":"product","link":"https:\/\/aymaramendoza.com.ar\/pt\/servicios\/vinedos-y-bodegas-rutas-del-vino-san-juan\/","title":{"rendered":"Vi\u00f1edos y Bodegas \u00abRuta del Vino\u00bb &#8211; San Juan"},"content":{"rendered":"<p>Os vinhos argentinos s\u00e3o conhecidos mundialmente, isso \u00e9 gra\u00e7as a todas as regi\u00f5es vitivin\u00edcolas do pa\u00eds, e S\u00e3o Jo\u00e3o n\u00e3o fica de fora.<\/p>\n<p>Circuito onde se visitar\u00e1 as principais vin\u00edcolas da prov\u00edncia de San Juan, experimente alguns dos tantos vinhos premiados a n\u00edvel mundial, conheceremos todo o seu processo de elabora\u00e7\u00e3o, desde a terra para a mesa.<\/p>\n<p>Durante o tour, visitaremos as vin\u00edcolas localizadas ao sul da cidade de S\u00e3o Jo\u00e3o no departamento Pocito. As quais se diferenciam em vinhos, champanhe e licores em seus diferentes tipos.<\/p>\n<p><strong>Informa\u00e7\u00e3o geral<\/strong><\/p>\n<p><u>Sa\u00eddas regulares<\/u>: ter\u00e7as, quintas, sextas, s\u00e1bados e domingos<\/p>\n<p><u>Hora:<\/u> a partir das 14:30 hs<\/p>\n<p><u>Dura\u00e7\u00e3o:<\/u> meio dia, pela tarde \u2013 sa\u00eddas durante todo o ano<\/p>\n<p><u>Observa\u00e7\u00f5es<\/u>- sujeito a disponibilidade das adegas<\/p>\n<p>&nbsp;<\/p>","protected":false},"excerpt":{"rendered":"<p>Visite las principales bodegas de la provincia de San Juan, y degusta los mejores vinos de la regi\u00f3n.<\/p>","protected":false},"featured_media":2963,"comment_status":"open","ping_status":"closed","template":"","meta":[],"product_brand":[],"product_cat":[101],"product_tag":[22,23,104,130,131,107,108,38,36],"dias":[],"class_list":{"0":"post-341","1":"product","2":"type-product","3":"status-publish","4":"has-post-thumbnail","6":"product_cat-san-juan","7":"product_tag-bodega","8":"product_tag-bodegas","9":"product_tag-juan","10":"product_tag-ruta","11":"product_tag-rutadelvino","12":"product_tag-san","13":"product_tag-sanjuan","14":"product_tag-vinedos","15":"product_tag-vino","17":"first","18":"instock","19":"virtual","20":"sold-individually","21":"purchasable","22":"product-type-booking"},"booking_location":"","booking_location_type":"","booking_duration":1,"booking_duration_unit":"day","booking_buffer":0,"booking_cost":0,"booking_resources":[],"jetpack_sharing_enabled":true,"_links":{"self":[{"href":"https:\/\/aymaramendoza.com.ar\/pt\/wp-json\/wp\/v2\/product\/341","targetHints":{"allow":["GET"]}}],"collection":[{"href":"https:\/\/aymaramendoza.com.ar\/pt\/wp-json\/wp\/v2\/product"}],"about":[{"href":"https:\/\/aymaramendoza.com.ar\/pt\/wp-json\/wp\/v2\/types\/product"}],"replies":[{"embeddable":true,"href":"https:\/\/aymaramendoza.com.ar\/pt\/wp-json\/wp\/v2\/comments?post=341"}],"version-history":[{"count":5,"href":"https:\/\/aymaramendoza.com.ar\/pt\/wp-json\/wp\/v2\/product\/341\/revisions"}],"predecessor-version":[{"id":6459,"href":"https:\/\/aymaramendoza.com.ar\/pt\/wp-json\/wp\/v2\/product\/341\/revisions\/6459"}],"wp:featuredmedia":[{"embeddable":true,"href":"https:\/\/aymaramendoza.com.ar\/pt\/wp-json\/wp\/v2\/media\/2963"}],"wp:attachment":[{"href":"https:\/\/aymaramendoza.com.ar\/pt\/wp-json\/wp\/v2\/media?parent=341"}],"wp:term":[{"taxonomy":"product_brand","embeddable":true,"href":"https:\/\/aymaramendoza.com.ar\/pt\/wp-json\/wp\/v2\/product_brand?post=341"},{"taxonomy":"product_cat","embeddable":true,"href":"https:\/\/aymaramendoza.com.ar\/pt\/wp-json\/wp\/v2\/product_cat?post=341"},{"taxonomy":"product_tag","embeddable":true,"href":"https:\/\/aymaramendoza.com.ar\/pt\/wp-json\/wp\/v2\/product_tag?post=341"},{"taxonomy":"dias","embeddable":true,"href":"https:\/\/aymaramendoza.com.ar\/pt\/wp-json\/wp\/v2\/dias?post=341"}],"curies":[{"name":"wp","href":"https:\/\/api.w.org\/{rel}","templated":true}]}}