{"id":340,"date":"2020-05-07T11:13:50","date_gmt":"2020-05-07T14:13:50","guid":{"rendered":"http:\/\/gruporacobi.com\/aymara\/producto\/import-placeholder-for-394\/"},"modified":"2024-10-09T11:30:47","modified_gmt":"2024-10-09T14:30:47","slug":"parque-nacional-talampaya","status":"publish","type":"product","link":"https:\/\/aymaramendoza.com.ar\/pt\/servicios\/parque-nacional-talampaya\/","title":{"rendered":"PARQUE NACIONAL TALAMPAYA."},"content":{"rendered":"<p>Uma excurs\u00e3o para conhecer um dos mais extraordin\u00e1rios parques nacionais da Argentina. Uma regi\u00e3o protegida por suas grandes jazidas arqueol\u00f3gicas e paleontol\u00f3gicas.<\/p>\n<p>O percurso come\u00e7a pela Rota 40 rumo ao norte da prov\u00edncia, atravessando o Rio S\u00e3o Jo\u00e3o, passando pela localidade de Albard\u00f3n, junto ao cerro Villic\u00fam chegaremos \u00e0 nova rota de turismo 150. Vamos continuar por esta estrada at\u00e9 chegar ao limite com a prov\u00edncia de La Rioja, aqui tomaremos o caminho 76 at\u00e9 chegar ao Parque Nacional Talampaya.<\/p>\n<p>No parque, o passageiro poder\u00e1 optar pelo circuito desejado, sugerimos o Circuito interno N\u00b0 01, onde percorrem todo o canh\u00e3o principal - com imponentes pared\u00f5es avermelhados de 150 mts e magn\u00edficas manifesta\u00e7\u00f5es rupestres chamadas pinturas rupestres.<\/p>\n<p>Retorno para a cidade de San Juan.<\/p>\n<p><strong>No parque voc\u00ea pode optar pelo circuito desejado:<\/strong><\/p>\n<p><strong><u>Corredor Vermelho:<\/u><\/strong><\/p>\n<p>Tem uma dura\u00e7\u00e3o de tr\u00eas horas e inclui um agrad\u00e1vel servi\u00e7o de catering em um ambiente espetacular. Este moderno ve\u00edculo de tra\u00e7\u00e3o dobro, transita os complexos e arenosos caminhos, oferecendo ao visitante especial conforto j\u00e1 que esta equipado com amplas janelas, microfone, computador e equipamentos de \u00e1udio VHF. Se visitam 4 esta\u00e7\u00f5es dentro do Canh\u00e3o de Talampaya: Petroglifos, o Jardim Bot\u00e2nico, a Catedral e o Monge, para depois voltar. A viagem \u00e9 acompanhada por um motorista e um guia habilitado pela Administra\u00e7\u00e3o de Parques Nacionais. <em><strong>Taxa \u2013<\/strong><\/em><\/p>\n<p><strong><u>Corredor Celeste<\/u><\/strong><\/p>\n<p>A excurs\u00e3o \u00e9 realizada pelo leito do Rio Seco Talampaya, atrav\u00e9s do canh\u00e3o que leva o seu nome. Realizam trajetos em modernas e confort\u00e1veis ve\u00edculos dos quais se det\u00eam em cada uma das quatro esta\u00e7\u00f5es e que oferece este itiner\u00e1rio, no qual se realizam pequenas caminhadas para interagir com a natureza espetacular do lugar. Atrav\u00e9s de enormes pared\u00f5es avermelhados de 150 metros de altura, esta excurs\u00e3o convida a conhecer a irregularidade das paredes que abrem e fecham a cada passo, proporcionando uma atmosfera de sonho ao viajante. <em><strong>Taxa \u2013<\/strong><\/em><\/p>\n<p><strong><u>Corredor Verde<\/u><\/strong><\/p>\n<p>Esta excurs\u00e3o \u00e9 a mais completa, onde se percorre o Canh\u00e3o de Talampaya mais a Gaveta de Shimpa. Ao retornar da esta\u00e7\u00e3o, O Monge, \u00e0 altura da Catedral, onde se realiza um desvio de cerca de 6 km at\u00e9 chegar ao canh\u00e3o de Shimpa, um \u00fanico lugar povoado de alfarrobeira, onde os pared\u00f5es de cerca de 80 metros de altura. <strong><em>Taxa \u2013\u00a0\u00a0<\/em><\/strong><\/p>\n<p><strong>Informa\u00e7\u00e3o geral<\/strong><\/p>\n<p><u>Sa\u00eddas regulares:<\/u> ter\u00e7as, quintas, s\u00e1bados e domingos<\/p>\n<p><u>Hora<\/u>: a partir das 8:00 hs<\/p>\n<p><u>Dura\u00e7\u00e3o:<\/u> todo o dia \u2013 sa\u00eddas durante todo o ano<\/p>\n<p>&nbsp;<\/p>","protected":false},"excerpt":{"rendered":"<p>Um parque com circuitos, onde o passageiro vai apreciar suas belezas naturais<\/p>","protected":false},"featured_media":555,"comment_status":"open","ping_status":"closed","template":"","meta":[],"product_brand":[],"product_cat":[72,101],"product_tag":[128,124,104,107,108,129],"dias":[],"class_list":{"0":"post-340","1":"product","2":"type-product","3":"status-publish","4":"has-post-thumbnail","6":"product_cat-aventura","7":"product_cat-san-juan","8":"product_tag-canon","9":"product_tag-cerro","10":"product_tag-juan","11":"product_tag-san","12":"product_tag-sanjuan","13":"product_tag-talampaya","15":"first","16":"instock","17":"downloadable","18":"virtual","19":"sold-individually","20":"purchasable","21":"product-type-booking"},"booking_location":"","booking_location_type":"","booking_duration":1,"booking_duration_unit":"day","booking_buffer":0,"booking_cost":0,"booking_resources":[],"jetpack_sharing_enabled":true,"_links":{"self":[{"href":"https:\/\/aymaramendoza.com.ar\/pt\/wp-json\/wp\/v2\/product\/340","targetHints":{"allow":["GET"]}}],"collection":[{"href":"https:\/\/aymaramendoza.com.ar\/pt\/wp-json\/wp\/v2\/product"}],"about":[{"href":"https:\/\/aymaramendoza.com.ar\/pt\/wp-json\/wp\/v2\/types\/product"}],"replies":[{"embeddable":true,"href":"https:\/\/aymaramendoza.com.ar\/pt\/wp-json\/wp\/v2\/comments?post=340"}],"version-history":[{"count":6,"href":"https:\/\/aymaramendoza.com.ar\/pt\/wp-json\/wp\/v2\/product\/340\/revisions"}],"predecessor-version":[{"id":5139,"href":"https:\/\/aymaramendoza.com.ar\/pt\/wp-json\/wp\/v2\/product\/340\/revisions\/5139"}],"wp:featuredmedia":[{"embeddable":true,"href":"https:\/\/aymaramendoza.com.ar\/pt\/wp-json\/wp\/v2\/media\/555"}],"wp:attachment":[{"href":"https:\/\/aymaramendoza.com.ar\/pt\/wp-json\/wp\/v2\/media?parent=340"}],"wp:term":[{"taxonomy":"product_brand","embeddable":true,"href":"https:\/\/aymaramendoza.com.ar\/pt\/wp-json\/wp\/v2\/product_brand?post=340"},{"taxonomy":"product_cat","embeddable":true,"href":"https:\/\/aymaramendoza.com.ar\/pt\/wp-json\/wp\/v2\/product_cat?post=340"},{"taxonomy":"product_tag","embeddable":true,"href":"https:\/\/aymaramendoza.com.ar\/pt\/wp-json\/wp\/v2\/product_tag?post=340"},{"taxonomy":"dias","embeddable":true,"href":"https:\/\/aymaramendoza.com.ar\/pt\/wp-json\/wp\/v2\/dias?post=340"}],"curies":[{"name":"wp","href":"https:\/\/api.w.org\/{rel}","templated":true}]}}