{"id":338,"date":"2020-05-07T11:13:47","date_gmt":"2020-05-07T14:13:47","guid":{"rendered":"http:\/\/gruporacobi.com\/aymara\/producto\/import-placeholder-for-391\/"},"modified":"2024-10-02T09:37:00","modified_gmt":"2024-10-02T12:37:00","slug":"rafting-de-medio-dia","status":"publish","type":"product","link":"https:\/\/aymaramendoza.com.ar\/pt\/servicios\/rafting-de-medio-dia\/","title":{"rendered":"RAFTING MEDIO DIA"},"content":{"rendered":"<p>Em nossa montanha mendoza n\u00e3o s\u00f3 encontramos morros, mas tamb\u00e9m rios, perfeitos para aproveitar a outra face da montanha. Uma atividade ideal para os amantes das aventuras na \u00e1gua, a montanha e a divers\u00e3o.<\/p>\n<p><span data-contrast=\"auto\">Sa\u00edda da cidade de Mendoza, no hor\u00e1rio da manh\u00e3 para a regi\u00e3o de Potrerillos at\u00e9 chegar \u00e0 base. Uma vez l\u00e1, o guia vai nos dar uma pequena palestra de seguran\u00e7a e recomenda\u00e7\u00f5es para a hora do passeio, e foi-nos entregue todo o equipamento necess\u00e1rio para a actividade. Uma vez que todos contem com a vestimenta, sairemos com destino ao Rio Mendoza para come\u00e7ar a aventura.<\/span><span data-ccp-props=\"{&quot;201341983&quot;:0,&quot;335551550&quot;:6,&quot;335551620&quot;:6,&quot;335559740&quot;:276}\">\u00a0<\/span><\/p>\n<p><span data-contrast=\"auto\">E agora???<\/span><span data-contrast=\"auto\">mos cerca de 1 hora na \u00e1gua percorrendo o rio, e depois voltaremos a base, onde teremos tempo para almo\u00e7ar e desfrutar do parador, em horas da tarde, regressaremos \u00e0 cidade de Mendoza.<\/span><span data-ccp-props=\"{&quot;201341983&quot;:0,&quot;335551550&quot;:6,&quot;335551620&quot;:6,&quot;335559740&quot;:276}\">\u00a0<\/span><\/p>\n<p><strong>Dist\u00e2ncia:<\/strong>\u00a012 Km de dist\u00e2ncia.<br \/>\n<strong>Navega\u00e7\u00e3o:<\/strong>\u00a01 hora aprox.<br \/>\n<strong>Dificuldade:<\/strong> Classe II + \/ III+ (depende da \u00e9poca do ano e da vaz\u00e3o do rio).<br \/>\n<strong>Idade m\u00ednima:<\/strong> 10\/12 anos (ver menos).<\/p>\n<p><u>Sa\u00eddas regulares<\/u>: todos os dias<\/p>\n<p><u>Hora<\/u>: a partir das 9:30 hs<\/p>\n<p><u>Dura\u00e7\u00e3o:<\/u> todo o dia \u2013 sa\u00eddas durante todo o ano<\/p>\n<p><u>Recomenda\u00e7\u00f5es:<\/u> usar roupas de reposi\u00e7\u00e3o, toalha e artigos de higiene pessoal. Use roupas confort\u00e1veis, protetor solar, cal\u00e7ados fechados e apropriados para a \u00e1gua. (H\u00e1 arm\u00e1rios para guardar pertences).<\/p>\n<p>&nbsp;<\/p>\n<p><strong><em><span class=\"TextRun SCXW162066211 BCX8\" lang=\"ES-419\" xml:lang=\"ES-419\" data-contrast=\"none\"><span class=\"NormalTextRun SCXW162066211 BCX8\">Nota: os passageiros hospedados fora do raio central, devem dirigir-se ao ponto indicado por <\/span><span class=\"NormalTextRun SpellingErrorV2Themed SCXW162066211 BCX8\">Aymar\u00e1<\/span><span class=\"NormalTextRun SCXW162066211 BCX8\"> Turismo<\/span><\/span><span class=\"EOP SCXW162066211 BCX8\" data-ccp-props=\"{&quot;201341983&quot;:0,&quot;335551550&quot;:6,&quot;335551620&quot;:6,&quot;335559740&quot;:276}\">\u00a0<\/span><\/em><\/strong><\/p>","protected":false},"excerpt":{"rendered":"<p>Rafting de meio dia: Descida de 12 Km pelo Rio Mendoza.<\/p>","protected":false},"featured_media":4469,"comment_status":"open","ping_status":"closed","template":"","meta":[],"product_brand":[],"product_cat":[72,246],"product_tag":[28,126,53],"dias":[],"class_list":{"0":"post-338","1":"product","2":"type-product","3":"status-publish","4":"has-post-thumbnail","6":"product_cat-aventura","7":"product_cat-mendoza","8":"product_tag-mendoza","9":"product_tag-rafting","10":"product_tag-rio","12":"first","13":"instock","14":"shipping-taxable","15":"product-type-simple"},"booking_location":null,"booking_location_type":null,"booking_duration":null,"booking_duration_unit":null,"booking_buffer":null,"booking_cost":null,"booking_resources":null,"jetpack_sharing_enabled":true,"_links":{"self":[{"href":"https:\/\/aymaramendoza.com.ar\/pt\/wp-json\/wp\/v2\/product\/338","targetHints":{"allow":["GET"]}}],"collection":[{"href":"https:\/\/aymaramendoza.com.ar\/pt\/wp-json\/wp\/v2\/product"}],"about":[{"href":"https:\/\/aymaramendoza.com.ar\/pt\/wp-json\/wp\/v2\/types\/product"}],"replies":[{"embeddable":true,"href":"https:\/\/aymaramendoza.com.ar\/pt\/wp-json\/wp\/v2\/comments?post=338"}],"version-history":[{"count":8,"href":"https:\/\/aymaramendoza.com.ar\/pt\/wp-json\/wp\/v2\/product\/338\/revisions"}],"predecessor-version":[{"id":6439,"href":"https:\/\/aymaramendoza.com.ar\/pt\/wp-json\/wp\/v2\/product\/338\/revisions\/6439"}],"wp:featuredmedia":[{"embeddable":true,"href":"https:\/\/aymaramendoza.com.ar\/pt\/wp-json\/wp\/v2\/media\/4469"}],"wp:attachment":[{"href":"https:\/\/aymaramendoza.com.ar\/pt\/wp-json\/wp\/v2\/media?parent=338"}],"wp:term":[{"taxonomy":"product_brand","embeddable":true,"href":"https:\/\/aymaramendoza.com.ar\/pt\/wp-json\/wp\/v2\/product_brand?post=338"},{"taxonomy":"product_cat","embeddable":true,"href":"https:\/\/aymaramendoza.com.ar\/pt\/wp-json\/wp\/v2\/product_cat?post=338"},{"taxonomy":"product_tag","embeddable":true,"href":"https:\/\/aymaramendoza.com.ar\/pt\/wp-json\/wp\/v2\/product_tag?post=338"},{"taxonomy":"dias","embeddable":true,"href":"https:\/\/aymaramendoza.com.ar\/pt\/wp-json\/wp\/v2\/dias?post=338"}],"curies":[{"name":"wp","href":"https:\/\/api.w.org\/{rel}","templated":true}]}}