{"id":337,"date":"2020-05-07T11:13:46","date_gmt":"2020-05-07T14:13:46","guid":{"rendered":"http:\/\/gruporacobi.com\/aymara\/producto\/import-placeholder-for-390\/"},"modified":"2024-10-02T11:09:31","modified_gmt":"2024-10-02T14:09:31","slug":"trekking-cerro-cabras","status":"publish","type":"product","link":"https:\/\/aymaramendoza.com.ar\/pt\/servicios\/trekking-cerro-cabras\/","title":{"rendered":"TREKKING CERRO CABRAS"},"content":{"rendered":"<p><span data-contrast=\"auto\">Para os amantes da montanha e a adrenalina, os convidamos voc\u00ea a fazer esta viagem, conseguindo fazer cume no Morro das Cabras, um dos morros mais \u00edngremes e habilitados para trekking em Potrerillos. Uma viagem que p\u00f5e \u00e0 prova a resist\u00eancia de cada pessoa, para se superar a si mesmo.\u00a0<\/span><span data-ccp-props=\"{&quot;201341983&quot;:0,&quot;335551550&quot;:6,&quot;335551620&quot;:6,&quot;335559740&quot;:276}\">\u00a0<\/span><\/p>\n<p><span data-ccp-props=\"{&quot;201341983&quot;:0,&quot;335551550&quot;:6,&quot;335551620&quot;:6,&quot;335559740&quot;:276}\">\u00a0<\/span><span data-contrast=\"auto\">Partida do centro da cidade de Mendoza nas primeiras horas da manh\u00e3 para a regi\u00e3o de Potrerillos at\u00e9 chegar \u00e0 base. Uma vez na base, o guia vai nos dar uma pequena palestra de seguran\u00e7a e recomenda\u00e7\u00f5es, continuar\u00e1 com a explica\u00e7\u00e3o da excurs\u00e3o. <\/span><span data-ccp-props=\"{&quot;201341983&quot;:0,&quot;335551550&quot;:6,&quot;335551620&quot;:6,&quot;335559740&quot;:276}\">\u00a0<\/span><\/p>\n<p><span data-contrast=\"auto\">Sairemos por volta das 11:00 hs em dire\u00e7\u00e3o ao Cerro Cabras, onde come\u00e7amos o trekking. Chegaremos at\u00e9 os 2160 metros sobre o n\u00edvel do mar, \u00e9 uma excurs\u00e3o de dificuldade m\u00e9dio\/dif\u00edcil. A excurs\u00e3o tem inclu\u00eddo um box lunch, por pessoa, de modo que a hora do meio-dia, faremos uma parada para almo\u00e7ar tranquilos. <\/span><span data-ccp-props=\"{&quot;201341983&quot;:0,&quot;335551550&quot;:6,&quot;335551620&quot;:6,&quot;335559740&quot;:276}\">\u00a0<\/span><\/p>\n<p><span data-contrast=\"auto\">Uma vez que cheguemos ao topo do Cerro Cabra, podemos desfrutar de uma vista impressionante de paisagens circundantes, o incr\u00edvel Cord\u00e3o de Prata, e os majestosos Andes nevado, incluindo a barragem de Potrerillos e o rio Mendoza. Depois de uns 15minutos de descanso, come\u00e7aremos a descida.<\/span><span data-ccp-props=\"{&quot;201341983&quot;:0,&quot;335551550&quot;:6,&quot;335551620&quot;:6,&quot;335559740&quot;:276}\">\u00a0<\/span><\/p>\n<p><span data-contrast=\"auto\">Uma vez finalizado o trekking estiraremos e voltamos para a base. <\/span><span data-ccp-props=\"{&quot;201341983&quot;:0,&quot;335551550&quot;:6,&quot;335551620&quot;:6,&quot;335559740&quot;:276}\">\u00a0<\/span><span data-contrast=\"auto\">Em horas da tarde, regressaremos \u00e0 cidade de Mendoza.<\/span><span data-ccp-props=\"{&quot;201341983&quot;:0,&quot;335551550&quot;:6,&quot;335551620&quot;:6,&quot;335559740&quot;:276}\">\u00a0<\/span><\/p>\n<p><strong>Lugar:<\/strong>\u00a0\u00c1rea de Potrerillos.<br \/>\n<strong>Dura\u00e7\u00e3o:<\/strong>\u00a05 horas aprox.<br \/>\n<strong>Dificuldade:<\/strong> Moderado \/ dif\u00edcil.<br \/>\n<strong>Idade m\u00ednima:<\/strong> 12 anos. (Ver menos)<\/p>\n<ul>\n<li><u>Sa\u00eddas regulares:<\/u> todos os dias<\/li>\n<li><u>Hora:<\/u> a partir das 9:30 hs<\/li>\n<li><u>Dura\u00e7\u00e3o:<\/u> todo o dia \u2013 sa\u00eddas durante todo o ano}<\/li>\n<li><span class=\"TextRun Underlined SCXW24408381 BCX8\" lang=\"ES-419\" xml:lang=\"ES-419\" data-contrast=\"auto\"><span class=\"NormalTextRun SCXW24408381 BCX8\">Recomendamos:<\/span><\/span><span class=\"TextRun SCXW24408381 BCX8\" lang=\"ES-419\" xml:lang=\"ES-419\" data-contrast=\"auto\"><span class=\"NormalTextRun SCXW24408381 BCX8\">\u00a0levar cal\u00e7ado desportivo ou botas de\u00a0<\/span><span class=\"NormalTextRun SpellingErrorV2Themed SCXW24408381 BCX8\">trekking<\/span><span class=\"NormalTextRun SCXW24408381 BCX8\">, protetor solar, \u00f3culos, bon\u00e9 e um par de meias extra.<\/span><\/span><\/li>\n<\/ul>\n<p>&nbsp;<\/p>","protected":false},"excerpt":{"rendered":"<p><span data-contrast=\"auto\">Para los amantes de la monta\u00f1a y la adrenalina, los invitamos a realizar esta excursi\u00f3n, logrando hacer cumbre en el Cerro Cabras a unos 2160 metros de altura.\u00a0<\/span><\/p>","protected":false},"featured_media":5366,"comment_status":"open","ping_status":"closed","template":"","meta":[],"product_brand":[],"product_cat":[72,246],"product_tag":[123,124,28,125],"dias":[],"class_list":{"0":"post-337","1":"product","2":"type-product","3":"status-publish","4":"has-post-thumbnail","6":"product_cat-aventura","7":"product_cat-mendoza","8":"product_tag-cabras","9":"product_tag-cerro","10":"product_tag-mendoza","11":"product_tag-trekking","13":"first","14":"instock","15":"featured","16":"shipping-taxable","17":"product-type-simple"},"booking_location":null,"booking_location_type":null,"booking_duration":null,"booking_duration_unit":null,"booking_buffer":null,"booking_cost":null,"booking_resources":null,"jetpack_sharing_enabled":true,"_links":{"self":[{"href":"https:\/\/aymaramendoza.com.ar\/pt\/wp-json\/wp\/v2\/product\/337","targetHints":{"allow":["GET"]}}],"collection":[{"href":"https:\/\/aymaramendoza.com.ar\/pt\/wp-json\/wp\/v2\/product"}],"about":[{"href":"https:\/\/aymaramendoza.com.ar\/pt\/wp-json\/wp\/v2\/types\/product"}],"replies":[{"embeddable":true,"href":"https:\/\/aymaramendoza.com.ar\/pt\/wp-json\/wp\/v2\/comments?post=337"}],"version-history":[{"count":12,"href":"https:\/\/aymaramendoza.com.ar\/pt\/wp-json\/wp\/v2\/product\/337\/revisions"}],"predecessor-version":[{"id":6447,"href":"https:\/\/aymaramendoza.com.ar\/pt\/wp-json\/wp\/v2\/product\/337\/revisions\/6447"}],"wp:featuredmedia":[{"embeddable":true,"href":"https:\/\/aymaramendoza.com.ar\/pt\/wp-json\/wp\/v2\/media\/5366"}],"wp:attachment":[{"href":"https:\/\/aymaramendoza.com.ar\/pt\/wp-json\/wp\/v2\/media?parent=337"}],"wp:term":[{"taxonomy":"product_brand","embeddable":true,"href":"https:\/\/aymaramendoza.com.ar\/pt\/wp-json\/wp\/v2\/product_brand?post=337"},{"taxonomy":"product_cat","embeddable":true,"href":"https:\/\/aymaramendoza.com.ar\/pt\/wp-json\/wp\/v2\/product_cat?post=337"},{"taxonomy":"product_tag","embeddable":true,"href":"https:\/\/aymaramendoza.com.ar\/pt\/wp-json\/wp\/v2\/product_tag?post=337"},{"taxonomy":"dias","embeddable":true,"href":"https:\/\/aymaramendoza.com.ar\/pt\/wp-json\/wp\/v2\/dias?post=337"}],"curies":[{"name":"wp","href":"https:\/\/api.w.org\/{rel}","templated":true}]}}