{"id":3365,"date":"2021-11-25T14:14:50","date_gmt":"2021-11-25T17:14:50","guid":{"rendered":"https:\/\/aymaramendoza.com.ar\/?post_type=product&#038;p=3365"},"modified":"2024-09-11T10:19:01","modified_gmt":"2024-09-11T13:19:01","slug":"paquete-vinos-y-mas","status":"publish","type":"product","link":"https:\/\/aymaramendoza.com.ar\/pt\/servicios\/paquete-vinos-y-mas\/","title":{"rendered":"Pacote Vinhos e Mais \u2013 com Alojamento"},"content":{"rendered":"<p><em><strong>Pacote Vinhos e Mais \u2013 com Alojamento\u00a0<\/strong><\/em><\/p>\n<p>Atividade com uma estadia de 4 dias\/3 noites<\/p>\n<p>N\u00f3s convidamos voc\u00ea a mergulhar no mundo do vinho, percorrer os vinhedos mais emblem\u00e1ticos da regi\u00e3o e degustar as melhores variedades, sob a vista deslumbrante da cordilheira dos Andes.<\/p>\n<p>O pacote inclui:<\/p>\n<p><strong>DIA 1<\/strong> Recep\u00e7\u00e3o no aeroporto e traslado ao hotel selecionado<\/p>\n<p><strong>DIA 2<\/strong> Pequeno-almo\u00e7o. <span class=\"OYPEnA font-feature-liga-off font-feature-clig-off font-feature-calt-off text-decoration-none text-strikethrough-none\">Nas primeiras horas da Manh\u00e3 executar\u00e1 o curso para conhecer Mendoza produtiva, em primeiro lugar, visitar uma adega especializada na elabora\u00e7\u00e3o de vinhos, onde poderemos conhecer os diferentes processos de elabora\u00e7\u00e3o e concluir o curso com uma degusta\u00e7\u00e3o do produto acabado, em seguida, nos dirigimos a outra adega e desfrutaremos de um almo\u00e7o maridado com os seus vinhos.<\/span><\/p>\n<p><strong>DIA 3<\/strong>\u00a0<span class=\"OYPEnA font-feature-liga-off font-feature-clig-off font-feature-calt-off text-decoration-none text-strikethrough-none\">Sa\u00edda ao tour Full Day Alta montanha. Pela manh\u00e3, passaremos a procurar o seu alojamento, em dire\u00e7\u00e3o \u00e0 rota 7, onde passaremos por paisagens extraordin\u00e1rias, tais como Potrerillos e Uspallata. Chegaremos ao centro de esqui Los Penitentes e, pouco depois, a Ponte do Inca. Faremos uma parada em Mirante do Aconc\u00e1gua, para desfrutar das suas paisagens. Finalmente visitaremos a cidade Das Cavernas (limite com o Chile a 3200 msns), e se o clima e as condi\u00e7\u00f5es do caminho que o permitem, culminaremos a excurs\u00e3o com uma visita ao monumento do Cristo Redentor. <\/span>N\u00e3o inclui almo\u00e7o.<\/p>\n<ul>\n<li aria-level=\"1\"><b>Observa\u00e7\u00f5es:\u00a0<\/b><\/li>\n<\/ul>\n<p>. O almo\u00e7o em um restaurante da zona est\u00e1 a cargo do passageiro.<\/p>\n<p>. O acesso ao Monumento do Cristo Redentor \u00e9 poss\u00edvel em \u00e9poca de ver\u00e3o, e sob a aprova\u00e7\u00e3o das autoridades competentes, devido \u00e0s conting\u00eancias clim\u00e1ticas e o estado da rota.<\/p>\n<p><strong>DIA 4<\/strong> Pequeno-almo\u00e7o e check out. Em hor\u00e1rio combinado, traslado do hotel para o aeroporto de Mendoza.<\/p>\n<p>&nbsp;<\/p>","protected":false},"excerpt":{"rendered":"<p>Experimenta a riqueza e a diversidade da produ\u00e7\u00e3o vin\u00edcola de Mendoza, degustando os vinhos mais exclusivos da regi\u00e3o, sob a vista deslumbrante da cordilheira dos Andes.<\/p>","protected":false},"featured_media":5992,"comment_status":"open","ping_status":"closed","template":"","meta":[],"product_brand":[],"product_cat":[246,194],"product_tag":[],"dias":[],"class_list":{"0":"post-3365","1":"product","2":"type-product","3":"status-publish","4":"has-post-thumbnail","6":"product_cat-mendoza","7":"product_cat-paquetes","9":"first","10":"instock","11":"shipping-taxable","12":"product-type-simple"},"booking_location":null,"booking_location_type":null,"booking_duration":null,"booking_duration_unit":null,"booking_buffer":null,"booking_cost":null,"booking_resources":null,"jetpack_sharing_enabled":true,"_links":{"self":[{"href":"https:\/\/aymaramendoza.com.ar\/pt\/wp-json\/wp\/v2\/product\/3365","targetHints":{"allow":["GET"]}}],"collection":[{"href":"https:\/\/aymaramendoza.com.ar\/pt\/wp-json\/wp\/v2\/product"}],"about":[{"href":"https:\/\/aymaramendoza.com.ar\/pt\/wp-json\/wp\/v2\/types\/product"}],"replies":[{"embeddable":true,"href":"https:\/\/aymaramendoza.com.ar\/pt\/wp-json\/wp\/v2\/comments?post=3365"}],"version-history":[{"count":7,"href":"https:\/\/aymaramendoza.com.ar\/pt\/wp-json\/wp\/v2\/product\/3365\/revisions"}],"predecessor-version":[{"id":6314,"href":"https:\/\/aymaramendoza.com.ar\/pt\/wp-json\/wp\/v2\/product\/3365\/revisions\/6314"}],"wp:featuredmedia":[{"embeddable":true,"href":"https:\/\/aymaramendoza.com.ar\/pt\/wp-json\/wp\/v2\/media\/5992"}],"wp:attachment":[{"href":"https:\/\/aymaramendoza.com.ar\/pt\/wp-json\/wp\/v2\/media?parent=3365"}],"wp:term":[{"taxonomy":"product_brand","embeddable":true,"href":"https:\/\/aymaramendoza.com.ar\/pt\/wp-json\/wp\/v2\/product_brand?post=3365"},{"taxonomy":"product_cat","embeddable":true,"href":"https:\/\/aymaramendoza.com.ar\/pt\/wp-json\/wp\/v2\/product_cat?post=3365"},{"taxonomy":"product_tag","embeddable":true,"href":"https:\/\/aymaramendoza.com.ar\/pt\/wp-json\/wp\/v2\/product_tag?post=3365"},{"taxonomy":"dias","embeddable":true,"href":"https:\/\/aymaramendoza.com.ar\/pt\/wp-json\/wp\/v2\/dias?post=3365"}],"curies":[{"name":"wp","href":"https:\/\/api.w.org\/{rel}","templated":true}]}}