{"id":3362,"date":"2021-11-25T09:40:47","date_gmt":"2021-11-25T12:40:47","guid":{"rendered":"https:\/\/aymaramendoza.com.ar\/?post_type=product&#038;p=3362"},"modified":"2024-09-10T11:16:25","modified_gmt":"2024-09-10T14:16:25","slug":"mendoza-con-termas","status":"publish","type":"product","link":"https:\/\/aymaramendoza.com.ar\/pt\/servicios\/mendoza-con-termas\/","title":{"rendered":"Pacote Mendoza com Termas \u2013 sem Alojamento"},"content":{"rendered":"<p><em><b>Pacote Mendoza Termas Spa \u2013 sem Alojamento<\/b><\/em><\/p>\n<p>Atividades 04 dias \/ 03 noites<\/p>\n<p>Uma combina\u00e7\u00e3o perfeita de vinhos, natureza e relaxamento em Mendoza. Um pacote ideal para desfrutar dos melhores vinhos regionais, e descansar em um o\u00e1sis de tranquilidade no meio da montanha.<\/p>\n<p><strong>Inclui:\u00a0<\/strong><\/p>\n<ul>\n<li>Transfer in\/out aeroporto ou terminal de \u00f4nibus e traslado ao hotel.<\/li>\n<li>As Adegas e as Azeitonas em uma base regular. Aqui visitaremos 2 edif\u00edcios, um industrial e de uma fam\u00edlia, onde aprenderemos sobre os vinhos mendocinos, seus processos de elabora\u00e7\u00e3o, e experimente os mesmos. Mais tarde, visitaremos uma f\u00e1brica de \u00f3leo de oliva, onde podemos observar o processo de elabora\u00e7\u00e3o deste produto.\u00a0\u00a0<i>Observa\u00e7\u00f5es: as adegas e oliv\u00edcola N\u00c3O s\u00e3o \u00e0 escolha do passageiro<\/i><\/li>\n<li>Passeio Full Day Spa Termas de Cacheutas. Pela manh\u00e3, seremos levados ao completo Hotel Termas de Cacheuta para desfrutar da natureza e a montanha, em um dia de spa, com almo\u00e7o inclu\u00eddo.<\/li>\n<\/ul>\n<p><strong><em>Importante:<\/em><\/strong><\/p>\n<ul>\n<li style=\"font-weight: 400;\" aria-level=\"1\"><span style=\"font-weight: 400;\">Pessoas com menos de 30 dias praticada uma cirurgia, pessoas com insufici\u00eancia card\u00edaca, hipotens\u00e3o, ou tratamento de quimioterapia, n\u00e3o podem tomar TermaSpa.<\/span><\/li>\n<li style=\"font-weight: 400;\" aria-level=\"1\"><span style=\"font-weight: 400;\">Mulheres gr\u00e1vidas ou em per\u00edodo de amamenta\u00e7\u00e3o devem consultar com seu m\u00e9dico para que ele avalie a conveni\u00eancia de entrar na \u00e1gua termal.<\/span><\/li>\n<li style=\"font-weight: 400;\" aria-level=\"1\"><span style=\"font-weight: 400;\">Menores de 14 anos n\u00e3o t\u00eam permitido o ingresso ao centro termal.<\/span><\/li>\n<li style=\"font-weight: 400;\" aria-level=\"1\"><span style=\"font-weight: 400;\">Os acessos ao hotel e centro termal s\u00e3o escadas<\/span><\/li>\n<li style=\"font-weight: 400;\" aria-level=\"1\"><span style=\"font-weight: 400;\">Para entrar no Spa Termal, devem faz\u00ea-lo com roupa de banho, e sand\u00e1lias.<\/span><\/li>\n<li style=\"font-weight: 400;\" aria-level=\"1\"><span style=\"font-weight: 400;\">Os traslados regulares s\u00e3o de e para Hot\u00e9is Centrais (inclu\u00eddo Hotel Casino Condor Dos Andes e Hotel Hator)<\/span><\/li>\n<\/ul>\n<p>&nbsp;<\/p>\n<p><strong><em>Notas:\u00a0<\/em><\/strong><\/p>\n<ul>\n<li><strong>N\u00e3o inclui hospedagem<\/strong> (requer o m\u00ednimo de 03 noites, ver os melhores pre\u00e7os em Tarifas de HOT\u00c9IS, de acordo com a temporada).<\/li>\n<li>Pagamento adicional para pax alojados no Hotel Intercontinental (consultar).<\/li>\n<\/ul>\n<p>&nbsp;<\/p>","protected":false},"excerpt":{"rendered":"<p>Uma combina\u00e7\u00e3o perfeita de vinhos, natureza e relaxamento em Mendoza. Um pacote ideal para desfrutar dos melhores vinhos regionais, e descansar em um o\u00e1sis de tranquilidade no meio da montanha.<\/p>","protected":false},"featured_media":4191,"comment_status":"open","ping_status":"closed","template":"","meta":[],"product_brand":[],"product_cat":[246,194],"product_tag":[],"dias":[],"class_list":{"0":"post-3362","1":"product","2":"type-product","3":"status-publish","4":"has-post-thumbnail","6":"product_cat-mendoza","7":"product_cat-paquetes","9":"first","10":"instock","11":"shipping-taxable","12":"product-type-simple"},"booking_location":null,"booking_location_type":null,"booking_duration":null,"booking_duration_unit":null,"booking_buffer":null,"booking_cost":null,"booking_resources":null,"jetpack_sharing_enabled":true,"_links":{"self":[{"href":"https:\/\/aymaramendoza.com.ar\/pt\/wp-json\/wp\/v2\/product\/3362","targetHints":{"allow":["GET"]}}],"collection":[{"href":"https:\/\/aymaramendoza.com.ar\/pt\/wp-json\/wp\/v2\/product"}],"about":[{"href":"https:\/\/aymaramendoza.com.ar\/pt\/wp-json\/wp\/v2\/types\/product"}],"replies":[{"embeddable":true,"href":"https:\/\/aymaramendoza.com.ar\/pt\/wp-json\/wp\/v2\/comments?post=3362"}],"version-history":[{"count":11,"href":"https:\/\/aymaramendoza.com.ar\/pt\/wp-json\/wp\/v2\/product\/3362\/revisions"}],"predecessor-version":[{"id":6307,"href":"https:\/\/aymaramendoza.com.ar\/pt\/wp-json\/wp\/v2\/product\/3362\/revisions\/6307"}],"wp:featuredmedia":[{"embeddable":true,"href":"https:\/\/aymaramendoza.com.ar\/pt\/wp-json\/wp\/v2\/media\/4191"}],"wp:attachment":[{"href":"https:\/\/aymaramendoza.com.ar\/pt\/wp-json\/wp\/v2\/media?parent=3362"}],"wp:term":[{"taxonomy":"product_brand","embeddable":true,"href":"https:\/\/aymaramendoza.com.ar\/pt\/wp-json\/wp\/v2\/product_brand?post=3362"},{"taxonomy":"product_cat","embeddable":true,"href":"https:\/\/aymaramendoza.com.ar\/pt\/wp-json\/wp\/v2\/product_cat?post=3362"},{"taxonomy":"product_tag","embeddable":true,"href":"https:\/\/aymaramendoza.com.ar\/pt\/wp-json\/wp\/v2\/product_tag?post=3362"},{"taxonomy":"dias","embeddable":true,"href":"https:\/\/aymaramendoza.com.ar\/pt\/wp-json\/wp\/v2\/dias?post=3362"}],"curies":[{"name":"wp","href":"https:\/\/api.w.org\/{rel}","templated":true}]}}