{"id":335,"date":"2020-05-07T11:13:46","date_gmt":"2020-05-07T14:13:46","guid":{"rendered":"http:\/\/gruporacobi.com\/aymara\/producto\/import-placeholder-for-386\/"},"modified":"2024-10-09T11:29:38","modified_gmt":"2024-10-09T14:29:38","slug":"parque-ischigualasto-valle-de-la-luna-desde-san-juan","status":"publish","type":"product","link":"https:\/\/aymaramendoza.com.ar\/pt\/servicios\/parque-ischigualasto-valle-de-la-luna-desde-san-juan\/","title":{"rendered":"Parque de Ischigualasto, Vale da lua a partir de San Juan."},"content":{"rendered":"<p>Uma viagem pelo montanhoso e des\u00e9rtico Vale da Lua, onde poderemos observar a incr\u00edvel arquitetura natural e as formas em que s\u00e3o derivados.<\/p>\n<p>A nova Rota Tur\u00edstica Nacional 150 chegaremos ao Parque Ischigualasto \u2013 Vale da Lua \u2013 viajaremos em nossas unidades de um total de 4 hs. de viagem at\u00e9 chegar ao lugar de destino.<\/p>\n<p>Suas principais plataformas ser\u00e3o as protagonistas desta viagem. Percorreremos suas quatro esta\u00e7\u00f5es: O sem-fim, Vale Parede, Quadra de Bocha, o Submarino e O Cogumelo com suas barrancas Vermelhas, onde poderemos observar o trabalho da natureza durante o tempo<\/p>\n<p>Ao sair nos deteremos no Centro de Interpreta\u00e7\u00e3o do mesmo Parque.<\/p>\n<p>Da\u00ed, ent\u00e3o voltar\u00e3o para o retorno \u00e0 cidade de San Juan.<\/p>\n<p><strong>Informa\u00e7\u00e3o geral<\/strong><\/p>\n<p><u>Sa\u00eddas regulares:<\/u> quarta-feira, sexta-feira, s\u00e1bados e domingos<\/p>\n<p><u>Hora:<\/u> a partir das 7:00 hs<\/p>\n<p><u>Dura\u00e7\u00e3o:<\/u> todo o dia \u2013 sa\u00eddas durante todo o ano<\/p>\n<p>&nbsp;<\/p>\n<p>&nbsp;<\/p>\n<p>&nbsp;<\/p>","protected":false},"excerpt":{"rendered":"<p>Suas principais plataformas ser\u00e3o as protagonistas desta viagem.<\/p>","protected":false},"featured_media":2958,"comment_status":"open","ping_status":"closed","template":"","meta":[],"product_brand":[],"product_cat":[72,101],"product_tag":[118,104,119,107,108,49,120],"dias":[],"class_list":{"0":"post-335","1":"product","2":"type-product","3":"status-publish","4":"has-post-thumbnail","6":"product_cat-aventura","7":"product_cat-san-juan","8":"product_tag-hongo","9":"product_tag-juan","10":"product_tag-luna","11":"product_tag-san","12":"product_tag-sanjuan","13":"product_tag-valle","14":"product_tag-valledelaluna","16":"first","17":"instock","18":"virtual","19":"sold-individually","20":"purchasable","21":"product-type-booking"},"booking_location":"","booking_location_type":"","booking_duration":1,"booking_duration_unit":"day","booking_buffer":0,"booking_cost":0,"booking_resources":[],"jetpack_sharing_enabled":true,"_links":{"self":[{"href":"https:\/\/aymaramendoza.com.ar\/pt\/wp-json\/wp\/v2\/product\/335","targetHints":{"allow":["GET"]}}],"collection":[{"href":"https:\/\/aymaramendoza.com.ar\/pt\/wp-json\/wp\/v2\/product"}],"about":[{"href":"https:\/\/aymaramendoza.com.ar\/pt\/wp-json\/wp\/v2\/types\/product"}],"replies":[{"embeddable":true,"href":"https:\/\/aymaramendoza.com.ar\/pt\/wp-json\/wp\/v2\/comments?post=335"}],"version-history":[{"count":3,"href":"https:\/\/aymaramendoza.com.ar\/pt\/wp-json\/wp\/v2\/product\/335\/revisions"}],"predecessor-version":[{"id":4670,"href":"https:\/\/aymaramendoza.com.ar\/pt\/wp-json\/wp\/v2\/product\/335\/revisions\/4670"}],"wp:featuredmedia":[{"embeddable":true,"href":"https:\/\/aymaramendoza.com.ar\/pt\/wp-json\/wp\/v2\/media\/2958"}],"wp:attachment":[{"href":"https:\/\/aymaramendoza.com.ar\/pt\/wp-json\/wp\/v2\/media?parent=335"}],"wp:term":[{"taxonomy":"product_brand","embeddable":true,"href":"https:\/\/aymaramendoza.com.ar\/pt\/wp-json\/wp\/v2\/product_brand?post=335"},{"taxonomy":"product_cat","embeddable":true,"href":"https:\/\/aymaramendoza.com.ar\/pt\/wp-json\/wp\/v2\/product_cat?post=335"},{"taxonomy":"product_tag","embeddable":true,"href":"https:\/\/aymaramendoza.com.ar\/pt\/wp-json\/wp\/v2\/product_tag?post=335"},{"taxonomy":"dias","embeddable":true,"href":"https:\/\/aymaramendoza.com.ar\/pt\/wp-json\/wp\/v2\/dias?post=335"}],"curies":[{"name":"wp","href":"https:\/\/api.w.org\/{rel}","templated":true}]}}