{"id":334,"date":"2020-05-07T11:13:46","date_gmt":"2020-05-07T14:13:46","guid":{"rendered":"http:\/\/gruporacobi.com\/aymara\/producto\/import-placeholder-for-384\/"},"modified":"2024-10-09T11:33:18","modified_gmt":"2024-10-09T14:33:18","slug":"valles-iglesianos-jachal-rodeo-iglesia-san-juan","status":"publish","type":"product","link":"https:\/\/aymaramendoza.com.ar\/pt\/servicios\/valles-iglesianos-jachal-rodeo-iglesia-san-juan\/","title":{"rendered":"Vales Iglesianos J\u00e1chal - Rodeio-. Igreja De San Juan."},"content":{"rendered":"<p>Caminhos cheios de hist\u00f3ria e cultura enchem esta excurs\u00e3o com uma vis\u00e3o diferente do povo argentino. Vales e encostas deslumbrantes nos acompanhar\u00e3o durante a nossa viagem rumo ao norte da prov\u00edncia.<\/p>\n<p>O percurso come\u00e7a pela rota 40 rumo ao norte da prov\u00edncia, atravessando o Rio S\u00e3o Jo\u00e3o, passando pela localidade de Albard\u00f3n, chegaremos ao Departamento J\u00e1chal, departamento habitado por antigas casas de adobe, cal\u00e7adas estreitas e arquitetura do s\u00e9culo XVIII, aqui encontramos o santu\u00e1rio Arquidiocesano de San Jos\u00e9 de J\u00e1chal declarado Monumento Hist\u00f3rico Nacional, a sua principal tesouro \u00e9 o Cristo Crucificado, que \u00e9 conhecido como o Cristo Negro, feito com couro, articulado e de tamanho natural. Voc\u00ea tamb\u00e9m pode visitar museus para conhecer diferentes culturas ind\u00edgenas do lugar. Seguiremos pelo Caminho 150 entrando na pr\u00e9-cordilheira central, por caminhos de montanha de recursos visuais de tirar o f\u00f4lego. Visitamos Rodeio villa capital do departamento de Igreja, passando pelo Dique Cuesta del Viento. Chegaremos at\u00e9 as Termas de Pismanta.<\/p>\n<p>Come\u00e7amos o retorno a S\u00e3o Jo\u00e3o, passando Pelas Flores e Bela Vista, de onde seguimos pela costa que ir\u00e1 introduzir novamente na pr\u00e9-Cordilheira, chegando ao ponto mais alto que \u00e9 o Colorado. Pelo caminho de montanha entre colinas e plan\u00edcies, chegaremos \u00e0 cidade de Talacasto, onde teremos novamente a ruta 40, que nos levar\u00e1 de volta a S\u00e3o Jo\u00e3o.<\/p>\n<p><strong>Informa\u00e7\u00e3o geral<\/strong><\/p>\n<p><u>Sa\u00eddas regulares:<\/u> ter\u00e7a-feira, sexta-feira, s\u00e1bados e domingos<\/p>\n<p><u>Hora:<\/u> a partir das 8:00 hs<\/p>\n<p><u>Dura\u00e7\u00e3o:<\/u> todo o dia \u2013 sa\u00eddas durante todo o ano<\/p>\n<hr \/>\n<hr \/>\n<p><u>Observa\u00e7\u00f5es<\/u>- sujeito a estado da rota<\/p>","protected":false},"excerpt":{"rendered":"<p>Percorreremos o Monumento hist\u00f3rico Nacional, seu principal tesouro \u00e9 o Cristo Crucificado, que \u00e9 conhecido como o Cristo Negro.<\/p>","protected":false},"featured_media":2959,"comment_status":"open","ping_status":"closed","template":"","meta":[],"product_brand":[],"product_cat":[72,101],"product_tag":[114,115,116,104,117,107,108,49],"dias":[],"class_list":{"0":"post-334","1":"product","2":"type-product","3":"status-publish","4":"has-post-thumbnail","6":"product_cat-aventura","7":"product_cat-san-juan","8":"product_tag-iglesia","9":"product_tag-iglesiano","10":"product_tag-jachal","11":"product_tag-juan","12":"product_tag-rodeo","13":"product_tag-san","14":"product_tag-sanjuan","15":"product_tag-valle","17":"first","18":"instock","19":"virtual","20":"sold-individually","21":"purchasable","22":"product-type-booking"},"booking_location":"","booking_location_type":"","booking_duration":1,"booking_duration_unit":"day","booking_buffer":0,"booking_cost":0,"booking_resources":[],"jetpack_sharing_enabled":true,"_links":{"self":[{"href":"https:\/\/aymaramendoza.com.ar\/pt\/wp-json\/wp\/v2\/product\/334","targetHints":{"allow":["GET"]}}],"collection":[{"href":"https:\/\/aymaramendoza.com.ar\/pt\/wp-json\/wp\/v2\/product"}],"about":[{"href":"https:\/\/aymaramendoza.com.ar\/pt\/wp-json\/wp\/v2\/types\/product"}],"replies":[{"embeddable":true,"href":"https:\/\/aymaramendoza.com.ar\/pt\/wp-json\/wp\/v2\/comments?post=334"}],"version-history":[{"count":3,"href":"https:\/\/aymaramendoza.com.ar\/pt\/wp-json\/wp\/v2\/product\/334\/revisions"}],"predecessor-version":[{"id":4674,"href":"https:\/\/aymaramendoza.com.ar\/pt\/wp-json\/wp\/v2\/product\/334\/revisions\/4674"}],"wp:featuredmedia":[{"embeddable":true,"href":"https:\/\/aymaramendoza.com.ar\/pt\/wp-json\/wp\/v2\/media\/2959"}],"wp:attachment":[{"href":"https:\/\/aymaramendoza.com.ar\/pt\/wp-json\/wp\/v2\/media?parent=334"}],"wp:term":[{"taxonomy":"product_brand","embeddable":true,"href":"https:\/\/aymaramendoza.com.ar\/pt\/wp-json\/wp\/v2\/product_brand?post=334"},{"taxonomy":"product_cat","embeddable":true,"href":"https:\/\/aymaramendoza.com.ar\/pt\/wp-json\/wp\/v2\/product_cat?post=334"},{"taxonomy":"product_tag","embeddable":true,"href":"https:\/\/aymaramendoza.com.ar\/pt\/wp-json\/wp\/v2\/product_tag?post=334"},{"taxonomy":"dias","embeddable":true,"href":"https:\/\/aymaramendoza.com.ar\/pt\/wp-json\/wp\/v2\/dias?post=334"}],"curies":[{"name":"wp","href":"https:\/\/api.w.org\/{rel}","templated":true}]}}